{"id":9553,"date":"2019-05-07T20:17:23","date_gmt":"2019-05-07T20:17:23","guid":{"rendered":"http:\/\/extension.unvm.edu.ar\/?page_id=9553"},"modified":"2020-02-18T11:55:58","modified_gmt":"2020-02-18T11:55:58","slug":"programa-de-fortalecimiento-de-las-organizaciones-instituciones","status":"publish","type":"page","link":"https:\/\/extension.unvm.edu.ar\/?page_id=9553","title":{"rendered":"Programa de fortalecimiento de las organizaciones\/instituciones"},"content":{"rendered":"<\/div><\/div><\/div><!-- close content main div --><\/div><\/div><div id='av_section_1' class='avia-section main_color avia-section-large avia-no-border-styling avia-bg-style-scroll   container_wrap sidebar_right' style = 'background-image: '  ><div class='av-section-color-overlay-wrap'><a href='#next-section' title='' class='scroll-down-link '  aria-hidden='true' data-av_icon='\ue877' data-av_iconfont='entypo-fontello'><\/a><div class='container' ><div class='template-page content  av-content-small alpha units'><div class='post-entry post-entry-type-page post-entry-9553'><div class='entry-content-wrapper clearfix'>\n<div class='flex_column_table av-equal-height-column-flextable -flextable' ><div class=\"flex_column av_three_fourth  flex_column_table_cell av-equal-height-column av-align-middle av-zero-column-padding first  \" style='border-radius:0px; '><div style='padding-bottom:30px; font-size:50px;' class='av-special-heading av-special-heading-h1  blockquote modern-quote   av-inherit-size '><h1 class='av-special-heading-tag '  itemprop=\"headline\"  >Programa de fortalecimiento de las Organizaciones\/Instituciones<\/h1><div class='special-heading-border'><div class='special-heading-inner-border' ><\/div><\/div><\/div><\/div><\/div><!--close column table wrapper. Autoclose: 1 -->\n<\/div><\/div><\/div><!-- close content main div --><\/div><\/div><\/div><div id='after_section_1' class='main_color av_default_container_wrap container_wrap sidebar_right'   ><div class='container' ><div class='template-page content  av-content-small alpha units'><div class='post-entry post-entry-type-page post-entry-9553'><div class='entry-content-wrapper clearfix'>\n<\/div><\/div><\/div><!-- close content main div --><\/div><\/div><div id='av_section_2' class='avia-section main_color avia-section-no-padding avia-no-border-styling avia-bg-style-scroll   container_wrap sidebar_right' style = 'background-image: '  ><div class='av-section-color-overlay-wrap'><a href='#next-section' title='' class='scroll-down-link '  aria-hidden='true' data-av_icon='\ue877' data-av_iconfont='entypo-fontello'><\/a><div class='container' ><div class='template-page content  av-content-small alpha units'><div class='post-entry post-entry-type-page post-entry-9553'><div class='entry-content-wrapper clearfix'>\n<div class='flex_column_table av-equal-height-column-flextable -flextable' ><div class=\"flex_column av_one_half  flex_column_table_cell av-equal-height-column av-align-middle av-zero-column-padding first  \" style='border-radius:0px; '><div style='padding-bottom:30px; font-size:20px;' class='av-special-heading av-special-heading-h2  blockquote modern-quote   av-inherit-size '><h2 class='av-special-heading-tag '  itemprop=\"headline\"  >El Programa de Fortalecimiento de las Organizaciones\/Instituciones de base territorial, es un <span class='special_amp'>\u201c<\/span>puente<span class='special_amp'>\u201d<\/span> tendido entre la demanda social y la actividad acad\u00e9mica extensionista. <\/h2><div class='special-heading-border'><div class='special-heading-inner-border' ><\/div><\/div><\/div><\/div><\/div><!--close column table wrapper. Autoclose: 1 --><div class='flex_column_table av-equal-height-column-flextable -flextable' ><div class='av-flex-placeholder'><\/div><div class=\"flex_column av_one_half  flex_column_table_cell av-equal-height-column av-align-middle av-zero-column-padding   \" style='border-radius:0px; '><div class='avia-image-container  av-styling-    avia-align-center '  itemprop=\"ImageObject\" itemscope=\"itemscope\" itemtype=\"https:\/\/schema.org\/ImageObject\"  ><div class='avia-image-container-inner'><div class='avia-image-overlay-wrap'><img class='avia_image ' src='https:\/\/extension.unvm.edu.ar\/wp-content\/uploads\/2018\/12\/IMG_8969-300x200.jpg' alt='' title='IMG_8969' height=\"200\"width=\"300\"  itemprop=\"thumbnailUrl\"  \/><\/div><\/div><\/div><\/div><\/div><!--close column table wrapper. Autoclose: 1 --><div style='height:50px' class='hr hr-invisible  '><span class='hr-inner ' ><span class='hr-inner-style'><\/span><\/span><\/div>\n<div class=\"flex_column av_one_half  flex_column_div av-zero-column-padding first  \" style='border-radius:0px; '><section class=\"av_textblock_section \"  itemscope=\"itemscope\" itemtype=\"https:\/\/schema.org\/CreativeWork\" ><div class='avia_textblock  '   itemprop=\"text\" ><p style=\"text-align: left;\">El proyecto busca desarrollar propuestas (talleres, intervenciones, actividades) en diversas organizaciones e instituciones locales y regionales, con el prop\u00f3sito de generar procesos de transformaci\u00f3n social en los que se utiliza una metodolog\u00eda participativa, donde los actores sociales acuerdan la planificaci\u00f3n, la ejecuci\u00f3n y la evaluaci\u00f3n del proceso.<\/p>\n<p style=\"text-align: left;\">En la actualidad se proponen talleres art\u00edsticos a lo largo de todo el a\u00f1o, incluidas las \u00e9pocas de receso de verano, a ni\u00f1os y ni\u00f1as, adolescentes y adultos o adultos mayores de los sectores m\u00e1s vulnerables de nuestra poblaci\u00f3n.<\/p>\n<p style=\"text-align: left;\">Entre los proyectos desarrollados se encuentran \u201c<strong>Mira lo que veo<\/strong>\u201d, \u201c<strong>Control de Crecimiento y Desarrollo Infantil<\/strong>\u201d, \u201c<strong>Taller de Fotograf\u00eda y Audiovisual<\/strong>\u201d, \u201c<strong>Ciclo de cine debate en portugu\u00e9s<\/strong>\u201d, \u201c<strong>Ciclo de Intervenciones Art\u00edsticas en Residencias Geri\u00e1tricas<\/strong>\u201d, \u201c<strong>Taller de M\u00fasica<\/strong>\u201d, entre otros.<\/p>\n<\/div><\/section><\/div><div class=\"flex_column av_one_half  flex_column_div av-zero-column-padding   \" style='border-radius:0px; '><div class='avia-image-container  av-styling-    avia-align-center '  itemprop=\"ImageObject\" itemscope=\"itemscope\" itemtype=\"https:\/\/schema.org\/ImageObject\"  ><div class='avia-image-container-inner'><div class='avia-image-overlay-wrap'><img class='avia_image ' src='https:\/\/extension.unvm.edu.ar\/wp-content\/uploads\/2018\/12\/foto-en-web2-300x169.jpg' alt='' title='foto en web2' height=\"169\"width=\"300\"  itemprop=\"thumbnailUrl\"  \/><\/div><\/div><\/div><\/div><div style='height:50px' class='hr hr-invisible  '><span class='hr-inner ' ><span class='hr-inner-style'><\/span><\/span><\/div>\n<\/div><\/div><\/div><!-- close content main div --><\/div><\/div><\/div><div id='after_section_2' class='main_color av_default_container_wrap container_wrap sidebar_right'   ><div class='container' ><div class='template-page content  av-content-small alpha units'><div class='post-entry post-entry-type-page post-entry-9553'><div class='entry-content-wrapper clearfix'><\/div><\/div><\/div><!-- close content main div --><\/div><\/div><div id='av_section_3' class='avia-section main_color avia-section-default avia-no-shadow avia-full-stretch av-parallax-section av-section-color-overlay-active avia-bg-style-parallax   av-minimum-height av-minimum-height-25 container_wrap sidebar_right'  data-section-bg-repeat='stretch' ><div class='av-parallax' data-avia-parallax-ratio='0.3' ><div class='av-parallax-inner main_color  avia-full-stretch' style = 'background-repeat: no-repeat; background-image: url(http:\/\/humanas.unvm.edu.ar\/wp-content\/uploads\/2018\/08\/1-1.jpg);background-attachment: scroll; background-position: center center; ' ><\/div><\/div><div class='av-section-color-overlay-wrap'><div class='av-section-color-overlay' style='opacity: 0.5; background-color: #003f7a; '><\/div><div class='container' ><div class='template-page content  av-content-small alpha units'><div class='post-entry post-entry-type-page post-entry-9553'><div class='entry-content-wrapper clearfix'><\/div><\/div><\/div><!-- close content main div --><\/div><\/div><\/div><div id='after_section_3' class='main_color av_default_container_wrap container_wrap sidebar_right'   ><div class='container' ><div class='template-page content  av-content-small alpha units'><div class='post-entry post-entry-type-page post-entry-9553'><div class='entry-content-wrapper clearfix'><\/p>\n","protected":false},"excerpt":{"rendered":"","protected":false},"author":12,"featured_media":0,"parent":8848,"menu_order":0,"comment_status":"closed","ping_status":"closed","template":"","meta":{"_exactmetrics_skip_tracking":false,"_exactmetrics_sitenote_active":false,"_exactmetrics_sitenote_note":"","_exactmetrics_sitenote_category":0,"footnotes":""},"class_list":["post-9553","page","type-page","status-publish","hentry"],"_links":{"self":[{"href":"https:\/\/extension.unvm.edu.ar\/index.php?rest_route=\/wp\/v2\/pages\/9553"}],"collection":[{"href":"https:\/\/extension.unvm.edu.ar\/index.php?rest_route=\/wp\/v2\/pages"}],"about":[{"href":"https:\/\/extension.unvm.edu.ar\/index.php?rest_route=\/wp\/v2\/types\/page"}],"author":[{"embeddable":true,"href":"https:\/\/extension.unvm.edu.ar\/index.php?rest_route=\/wp\/v2\/users\/12"}],"replies":[{"embeddable":true,"href":"https:\/\/extension.unvm.edu.ar\/index.php?rest_route=%2Fwp%2Fv2%2Fcomments&post=9553"}],"version-history":[{"count":6,"href":"https:\/\/extension.unvm.edu.ar\/index.php?rest_route=\/wp\/v2\/pages\/9553\/revisions"}],"predecessor-version":[{"id":11123,"href":"https:\/\/extension.unvm.edu.ar\/index.php?rest_route=\/wp\/v2\/pages\/9553\/revisions\/11123"}],"up":[{"embeddable":true,"href":"https:\/\/extension.unvm.edu.ar\/index.php?rest_route=\/wp\/v2\/pages\/8848"}],"wp:attachment":[{"href":"https:\/\/extension.unvm.edu.ar\/index.php?rest_route=%2Fwp%2Fv2%2Fmedia&parent=9553"}],"curies":[{"name":"wp","href":"https:\/\/api.w.org\/{rel}","templated":true}]}}