{"id":8962,"date":"2018-11-11T22:44:46","date_gmt":"2018-11-11T22:44:46","guid":{"rendered":"http:\/\/extension.unvm.edu.ar\/nuevaweb\/?page_id=8962"},"modified":"2020-02-14T14:49:52","modified_gmt":"2020-02-14T14:49:52","slug":"cuarteto-del-30","status":"publish","type":"page","link":"https:\/\/extension.unvm.edu.ar\/?page_id=8962","title":{"rendered":"Cuarteto del 30"},"content":{"rendered":"<\/div><\/div><\/div><!-- close content main div --><\/div><\/div><div id='av_section_1' class='avia-section main_color avia-section-large avia-no-border-styling avia-bg-style-scroll   container_wrap sidebar_right' style = 'background-image: '  ><div class='av-section-color-overlay-wrap'><a href='#next-section' title='' class='scroll-down-link '  aria-hidden='true' data-av_icon='\ue877' data-av_iconfont='entypo-fontello'><\/a><div class='container' ><div class='template-page content  av-content-small alpha units'><div class='post-entry post-entry-type-page post-entry-8962'><div class='entry-content-wrapper clearfix'>\n<div class='flex_column_table av-equal-height-column-flextable -flextable' ><div class=\"flex_column av_three_fifth  flex_column_table_cell av-equal-height-column av-align-middle av-zero-column-padding first  \" style='border-radius:0px; '><div style='padding-bottom:30px; font-size:70px;' class='av-special-heading av-special-heading-h1  blockquote modern-quote  av-inherit-size '><h1 class='av-special-heading-tag '  itemprop=\"headline\"  >Elencos<\/h1><div class ='av-subheading av-subheading_below  ' style='font-size:40px;'><p>Cuarteto del 30<\/p>\n<\/div><div class='special-heading-border'><div class='special-heading-inner-border' ><\/div><\/div><\/div><\/div><\/div><!--close column table wrapper. Autoclose: 1 --><div class='flex_column_table av-equal-height-column-flextable -flextable' ><div class='av-flex-placeholder'><\/div><div class=\"flex_column av_two_fifth  flex_column_table_cell av-equal-height-column av-align-middle av-zero-column-padding   \" style='border-radius:0px; '><\/div><\/div><!--close column table wrapper. Autoclose: 1 -->\n<\/div><\/div><\/div><!-- close content main div --><\/div><\/div><\/div><div id='after_section_1' class='main_color av_default_container_wrap container_wrap sidebar_right'   ><div class='container' ><div class='template-page content  av-content-small alpha units'><div class='post-entry post-entry-type-page post-entry-8962'><div class='entry-content-wrapper clearfix'>\n<\/div><\/div><\/div><!-- close content main div --><\/div><\/div><div id='av_section_2' class='avia-section main_color avia-section-no-padding avia-no-border-styling avia-bg-style-scroll   container_wrap sidebar_right' style = 'background-image: '  ><div class='av-section-color-overlay-wrap'><a href='#next-section' title='' class='scroll-down-link '  aria-hidden='true' data-av_icon='\ue877' data-av_iconfont='entypo-fontello'><\/a><div class='container' ><div class='template-page content  av-content-small alpha units'><div class='post-entry post-entry-type-page post-entry-8962'><div class='entry-content-wrapper clearfix'>\n<div class='flex_column_table av-equal-height-column-flextable -flextable' ><div class=\"flex_column av_three_fifth  flex_column_table_cell av-equal-height-column av-align-middle av-zero-column-padding first  \" style='border-radius:0px; '><div style='padding-bottom:30px; font-size:25px;' class='av-special-heading av-special-heading-h2  blockquote modern-quote   av-inherit-size '><h2 class='av-special-heading-tag '  itemprop=\"headline\"  >\u00abCuarteto del 30\u00bb representa un aut\u00e9ntico relieve del presente de nuestra ciudad y regi\u00f3n.<\/h2><div class='special-heading-border'><div class='special-heading-inner-border' ><\/div><\/div><\/div><\/div><\/div><!--close column table wrapper. Autoclose: 1 --><div class='flex_column_table av-equal-height-column-flextable -flextable' ><div class='av-flex-placeholder'><\/div><div class=\"flex_column av_two_fifth  flex_column_table_cell av-equal-height-column av-align-middle av-zero-column-padding   \" style='border-radius:0px; '><div class='avia-image-container  av-styling-    avia-align-center '  itemprop=\"ImageObject\" itemscope=\"itemscope\" itemtype=\"https:\/\/schema.org\/ImageObject\"  ><div class='avia-image-container-inner'><div class='avia-image-overlay-wrap'><img class='avia_image ' src='https:\/\/extension.unvm.edu.ar\/wp-content\/uploads\/2020\/02\/Cuarteto-del-30-1-300x200.jpeg' alt='' title='Cuarteto del 30 (1)' height=\"200\"width=\"300\"  itemprop=\"thumbnailUrl\"  \/><\/div><\/div><\/div><\/div><\/div><!--close column table wrapper. Autoclose: 1 --><div style='height:50px' class='hr hr-invisible  '><span class='hr-inner ' ><span class='hr-inner-style'><\/span><\/span><\/div>\n<div class=\"flex_column av_three_fifth  flex_column_div av-zero-column-padding first  \" style='border-radius:0px; '><section class=\"av_textblock_section \"  itemscope=\"itemscope\" itemtype=\"https:\/\/schema.org\/CreativeWork\" ><div class='avia_textblock  '   itemprop=\"text\" ><div>\n<p>Dirigido por el Maestro Alberto Bacci, el \u201cCuarteto del 30\u201d nace en el a\u00f1o 2006 en el marco de una de las actividades culturales que desarrolla el Instituto de Extensi\u00f3n y representa un aut\u00e9ntico relieve del presente de la ciudad de Villa Mar\u00eda y regi\u00f3n.<\/p>\n<p>Se trata de un elenco de tango que tiene como atributos distintivos la incorporaci\u00f3n de instrumentos no cl\u00e1sicos.<\/p>\n<\/div>\n<div class=\"gmail_default\"><\/div>\n<div><\/div>\n<div class=\"gmail_default\">Sus integrantes son:<\/div>\n<ul>\n<li class=\"gmail_default\"><strong>Alberto Bacci<\/strong> (direcci\u00f3n y teclado),<\/li>\n<li class=\"gmail_default\"><strong> Tom\u00e1s Rolando<\/strong> (bandone\u00f3n),<\/li>\n<li class=\"gmail_default\"><strong>Elena Portolesi<\/strong> (teclado),<\/li>\n<li class=\"gmail_default\"><strong>El\u00edas Mil\u00e9s<\/strong> (bajo) y<\/li>\n<li class=\"gmail_default\"><strong>Nidia Cabello<\/strong> (guitarra)<\/li>\n<\/ul>\n<\/div><\/section><\/div><div class=\"flex_column av_two_fifth  flex_column_div av-zero-column-padding   \" style='border-radius:0px; '><div class='avia-image-container  av-styling-    avia-align-center '  itemprop=\"ImageObject\" itemscope=\"itemscope\" itemtype=\"https:\/\/schema.org\/ImageObject\"  ><div class='avia-image-container-inner'><div class='avia-image-overlay-wrap'><img class='avia_image ' src='https:\/\/extension.unvm.edu.ar\/wp-content\/uploads\/2020\/02\/Cuarteto-del-30-2-300x200.jpg' alt='' title='Cuarteto del 30 (2)' height=\"200\"width=\"300\"  itemprop=\"thumbnailUrl\"  \/><\/div><\/div><\/div><\/div><div style='height:50px' class='hr hr-invisible  '><span class='hr-inner ' ><span class='hr-inner-style'><\/span><\/span><\/div>\n<\/div><\/div><\/div><!-- close content main div --><\/div><\/div><\/div><div id='after_section_2' class='main_color av_default_container_wrap container_wrap sidebar_right'   ><div class='container' ><div class='template-page content  av-content-small alpha units'><div class='post-entry post-entry-type-page post-entry-8962'><div class='entry-content-wrapper clearfix'><\/div><\/div><\/div><!-- close content main div --><\/div><\/div><div id='av_section_3' class='avia-section main_color avia-section-default avia-no-shadow avia-full-stretch av-parallax-section av-section-color-overlay-active avia-bg-style-parallax   av-minimum-height av-minimum-height-25 container_wrap sidebar_right'  data-section-bg-repeat='stretch' ><div class='av-parallax' data-avia-parallax-ratio='0.3' ><div class='av-parallax-inner main_color  avia-full-stretch' style = 'background-repeat: no-repeat; background-image: url(http:\/\/humanas.unvm.edu.ar\/wp-content\/uploads\/2018\/08\/1-1.jpg);background-attachment: scroll; background-position: center center; ' ><\/div><\/div><div class='av-section-color-overlay-wrap'><div class='av-section-color-overlay' style='opacity: 0.5; background-color: #003f7a; '><\/div><div class='container' ><div class='template-page content  av-content-small alpha units'><div class='post-entry post-entry-type-page post-entry-8962'><div class='entry-content-wrapper clearfix'><\/div><\/div><\/div><!-- close content main div --><\/div><\/div><\/div><div id='after_section_3' class='main_color av_default_container_wrap container_wrap sidebar_right'   ><div class='container' ><div class='template-page content  av-content-small alpha units'><div class='post-entry post-entry-type-page post-entry-8962'><div class='entry-content-wrapper clearfix'><\/p>\n","protected":false},"excerpt":{"rendered":"","protected":false},"author":12,"featured_media":0,"parent":8013,"menu_order":0,"comment_status":"closed","ping_status":"closed","template":"","meta":{"_exactmetrics_skip_tracking":false,"_exactmetrics_sitenote_active":false,"_exactmetrics_sitenote_note":"","_exactmetrics_sitenote_category":0,"footnotes":""},"class_list":["post-8962","page","type-page","status-publish","hentry"],"_links":{"self":[{"href":"https:\/\/extension.unvm.edu.ar\/index.php?rest_route=\/wp\/v2\/pages\/8962"}],"collection":[{"href":"https:\/\/extension.unvm.edu.ar\/index.php?rest_route=\/wp\/v2\/pages"}],"about":[{"href":"https:\/\/extension.unvm.edu.ar\/index.php?rest_route=\/wp\/v2\/types\/page"}],"author":[{"embeddable":true,"href":"https:\/\/extension.unvm.edu.ar\/index.php?rest_route=\/wp\/v2\/users\/12"}],"replies":[{"embeddable":true,"href":"https:\/\/extension.unvm.edu.ar\/index.php?rest_route=%2Fwp%2Fv2%2Fcomments&post=8962"}],"version-history":[{"count":10,"href":"https:\/\/extension.unvm.edu.ar\/index.php?rest_route=\/wp\/v2\/pages\/8962\/revisions"}],"predecessor-version":[{"id":18426,"href":"https:\/\/extension.unvm.edu.ar\/index.php?rest_route=\/wp\/v2\/pages\/8962\/revisions\/18426"}],"up":[{"embeddable":true,"href":"https:\/\/extension.unvm.edu.ar\/index.php?rest_route=\/wp\/v2\/pages\/8013"}],"wp:attachment":[{"href":"https:\/\/extension.unvm.edu.ar\/index.php?rest_route=%2Fwp%2Fv2%2Fmedia&parent=8962"}],"curies":[{"name":"wp","href":"https:\/\/api.w.org\/{rel}","templated":true}]}}