{"id":28719,"date":"2025-02-24T13:33:35","date_gmt":"2025-02-24T13:33:35","guid":{"rendered":"https:\/\/extension.unvm.edu.ar\/?page_id=28719"},"modified":"2025-07-03T16:35:49","modified_gmt":"2025-07-03T16:35:49","slug":"arteterapia-2025","status":"publish","type":"page","link":"https:\/\/extension.unvm.edu.ar\/?page_id=28719","title":{"rendered":"ARTETERAPIA 2025"},"content":{"rendered":"<\/div><\/div><\/div><!-- close content main div --><\/div><\/div><div id='av_section_1' class='avia-section main_color avia-section-large avia-no-border-styling avia-bg-style-fixed   container_wrap sidebar_right' style = 'background-color: #004054; background-repeat: repeat; background-image: url(https:\/\/extension.unvm.edu.ar\/wp-content\/uploads\/2025\/02\/front-view-man-holding-paint-palette-1030x687.jpg);background-attachment: fixed; background-position: center center; ' data-section-bg-repeat='repeat' ><div class='av-section-color-overlay-wrap'><a href='#next-section' title='' class='scroll-down-link '  aria-hidden='true' data-av_icon='\ue877' data-av_iconfont='entypo-fontello'><\/a><div class='container' ><div class='template-page content  av-content-small alpha units'><div class='post-entry post-entry-type-page post-entry-28719'><div class='entry-content-wrapper clearfix'>\n<div style='height:50px' class='hr hr-invisible  '><span class='hr-inner ' ><span class='hr-inner-style'><\/span><\/span><\/div>\n<div class='flex_column_table av-equal-height-column-flextable -flextable' ><div class=\"flex_column av_one_full  flex_column_table_cell av-equal-height-column av-align-middle av-zero-column-padding first  \" style='border-radius:0px; '><div class='avia-image-container  av-styling-    avia-align-center '  itemprop=\"ImageObject\" itemscope=\"itemscope\" itemtype=\"https:\/\/schema.org\/ImageObject\"  ><div class='avia-image-container-inner'><div class='avia-image-overlay-wrap'><img class='avia_image ' src='https:\/\/extension.unvm.edu.ar\/wp-content\/uploads\/2025\/02\/arteterapia-web-26-1.png' alt='' title='arteterapia web-26' height=\"318\"width=\"1084\"  itemprop=\"thumbnailUrl\"  \/><\/div><\/div><\/div><\/div><\/div><!--close column table wrapper. Autoclose: 1 --><div style='height:50px' class='hr hr-invisible  '><span class='hr-inner ' ><span class='hr-inner-style'><\/span><\/span><\/div>\n<\/div><\/div><\/div><!-- close content main div --><\/div><\/div><\/div><div id='after_section_1' class='main_color av_default_container_wrap container_wrap sidebar_right'   ><div class='container' ><div class='template-page content  av-content-small alpha units'><div class='post-entry post-entry-type-page post-entry-28719'><div class='entry-content-wrapper clearfix'>\n<div style='height:50px' class='hr hr-invisible  '><span class='hr-inner ' ><span class='hr-inner-style'><\/span><\/span><\/div>\n<section class=\"av_textblock_section \"  itemscope=\"itemscope\" itemtype=\"https:\/\/schema.org\/CreativeWork\" ><div class='avia_textblock  av_inherit_color '  style='color:#f16b06; '  itemprop=\"text\" ><h4><span style=\"color: #f16b06;\"><span style=\"font-weight: 400;\">Docente: Eugenio Pablo <\/span><span style=\"font-weight: 400;\">Mazzucco <\/span><\/span><\/h4>\n<\/div><\/section>\n<div class=\"togglecontainer   toggle_close_all \" >\n<section class=\"av_toggle_section\"  itemscope=\"itemscope\" itemtype=\"https:\/\/schema.org\/CreativeWork\"  >    <div class=\"single_toggle\" data-tags=\"{Todo} \"  >        <p data-fake-id=\"#toggle-id-1\" class=\"toggler  av-inherit-font-color \"  itemprop=\"headline\"  style='background-color: #f16b06; color: #ffffff; '>Programa<span class=\"toggle_icon\" style='border-color:#ffffff;'>        <span class=\"vert_icon\"><\/span><span class=\"hor_icon\"><\/span><\/span><\/p>        <div id=\"toggle-id-1-container\" class=\"toggle_wrap \"  >            <div class=\"toggle_content invers-color  av-inherit-font-color \"  itemprop=\"text\"  style='background-color: #f16b06; color: #ffffff; ' ><p><b>Unidad 1:\u00a0<\/b><\/p>\n<p><b>Eje Tem\u00e1tico: \u201cUN ENCUENTRO CONSIGO MISMO\u201d.<\/b><\/p>\n<p><b>M\u00f3dulo 1:\u00a0<\/b><\/p>\n<ul>\n<li style=\"font-weight: 400;\" aria-level=\"1\"><span style=\"font-weight: 400;\">Teor\u00eda: conceptualizaciones generales y espec\u00edficas sobre la arteterapia. La importancia de la bitacora: condici\u00f3n para el cursado, mostraci\u00f3n y explicitaci\u00f3n de construcci\u00f3n y su uso.<\/span><\/li>\n<\/ul>\n<p><b>M\u00f3dulo 2:\u00a0<\/b><\/p>\n<ul>\n<li style=\"font-weight: 400;\" aria-level=\"1\"><span style=\"font-weight: 400;\">Teor\u00eda: la animaci\u00f3n de objetos cotidianos, resignificaci\u00f3n de objeto. Verticalidad, mirada y caminata como t\u00edtere. Personifico el objeto<\/span><\/li>\n<\/ul>\n<p><b>M\u00f3dulo 3:<\/b><\/p>\n<ul>\n<li style=\"font-weight: 400;\" aria-level=\"1\"><span style=\"font-weight: 400;\">Teor\u00eda: las diversas escuelas que trabajan lo corporal desde el movimiento corporal danza<\/span><\/li>\n<\/ul>\n<hr \/>\n<p><b>Unidad 2:\u00a0<\/b><\/p>\n<p><b>Eje Tem\u00e1tico: \u201cIDENTIDAD, REVELACIONES\u201d<\/b><\/p>\n<p><b>M\u00f3dulo 4:\u00a0<\/b><\/p>\n<ul>\n<li style=\"font-weight: 400;\" aria-level=\"1\"><span style=\"font-weight: 400;\">Teor\u00eda: la identidad. Construcci\u00f3n y deconstrucci\u00f3n. Emergente de lo nuevo como instancia constitutiva.<\/span><\/li>\n<\/ul>\n<p><b>M\u00f3dulo 5:<\/b><\/p>\n<ul>\n<li aria-level=\"1\"><span style=\"font-weight: 400;\">Teor\u00eda:\u00a0 Reconstrucci\u00f3n identitaria a partir de la historia asentada nuestra propia corporalidad. Vinculaci\u00f3n con el macro contexto en t\u00e9rminos de consonancias espaciales y temporales. Aparici\u00f3n de momentos vitales de morados en el olvido que recuperan y revisten caracteres de sost\u00e9n identitario.<\/span><\/li>\n<\/ul>\n<p><b>M\u00f3dulo 6:<\/b><\/p>\n<ul>\n<li style=\"font-weight: 400;\" aria-level=\"1\"><span style=\"font-weight: 400;\">Teor\u00eda: Escritura creativa. Conceptos. Modos de propuestas.\u00a0<\/span><\/li>\n<\/ul>\n<hr \/>\n<p><b>Unidad 3:\u00a0<\/b><\/p>\n<p><b>Eje Tem\u00e1tico: \u201cARTETERAPIA Y COMUNIDAD\u201d.<\/b><\/p>\n<p><b>M\u00f3dulo 7:<\/b><\/p>\n<ul>\n<li style=\"font-weight: 400;\" aria-level=\"1\"><span style=\"font-weight: 400;\">Teor\u00eda: lenguaje del teatro. Nuestra identidad integrada se pone en juego din\u00e1mico al alternar con otras personas, por ende, otros personajes y se enriquece la matriz grupal con mi aporte y a su vez puedo nutrirme de la misma.<\/span><\/li>\n<\/ul>\n<p><b>M\u00f3dulo 8:<\/b><\/p>\n<ul>\n<li style=\"font-weight: 400;\" aria-level=\"1\"><span style=\"font-weight: 400;\">Teor\u00eda: Integraci\u00f3n y rescate de rasgos caracter\u00edsticas, formas de ser, eventos significativos, afectos, todos aspectos que forman mi patrimonio identitario, como una manera de reencontrarme con las vulnerabilidades y las fortalezas, para poder abordarlas con un criterio de transformaci\u00f3n como un puente hacia la salud.<\/span><\/li>\n<\/ul>\n<p><b>M\u00f3dulo 9 de cierre:<\/b><\/p>\n<ul>\n<li style=\"font-weight: 400;\" aria-level=\"1\"><span style=\"font-weight: 400;\">Teor\u00eda: Exposici\u00f3n de un resumen respecto al recorrido de la cursada. Evaluaci\u00f3n grupal, aportes y propuestas.\u00a0<\/span><\/li>\n<\/ul>\n            <\/div>        <\/div>    <\/div><\/section>\n<section class=\"av_toggle_section\"  itemscope=\"itemscope\" itemtype=\"https:\/\/schema.org\/CreativeWork\"  >    <div class=\"single_toggle\" data-tags=\"{Todo} \"  >        <p data-fake-id=\"#toggle-id-2\" class=\"toggler  av-inherit-font-color \"  itemprop=\"headline\"  style='background-color: #f16b06; color: #ffffff; '>Modalidad de cursado<span class=\"toggle_icon\" style='border-color:#ffffff;'>        <span class=\"vert_icon\"><\/span><span class=\"hor_icon\"><\/span><\/span><\/p>        <div id=\"toggle-id-2-container\" class=\"toggle_wrap \"  >            <div class=\"toggle_content invers-color  av-inherit-font-color \"  itemprop=\"text\"  style='background-color: #f16b06; color: #ffffff; ' ><p class=\"Default\" style=\"text-align: justify; line-height: 150%;\"><span lang=\"ES-AR\">100% virtual<\/span><\/p>\n            <\/div>        <\/div>    <\/div><\/section>\n<section class=\"av_toggle_section\"  itemscope=\"itemscope\" itemtype=\"https:\/\/schema.org\/CreativeWork\"  >    <div class=\"single_toggle\" data-tags=\"{Todo} \"  >        <p data-fake-id=\"#toggle-id-3\" class=\"toggler  av-inherit-font-color \"  itemprop=\"headline\"  style='background-color: #f16b06; color: #ffffff; '>Destinatarios<span class=\"toggle_icon\" style='border-color:#ffffff;'>        <span class=\"vert_icon\"><\/span><span class=\"hor_icon\"><\/span><\/span><\/p>        <div id=\"toggle-id-3-container\" class=\"toggle_wrap \"  >            <div class=\"toggle_content invers-color  av-inherit-font-color \"  itemprop=\"text\"  style='background-color: #f16b06; color: #ffffff; ' ><p><b>Desde lo personal, quienes deseen:<\/b><\/p>\n<ul>\n<li style=\"font-weight: 400;\" aria-level=\"1\"><span style=\"font-weight: 400;\">Mejorar su calidad de vida, reforzando las capacidades de salud.\u00a0<\/span><\/li>\n<li style=\"font-weight: 400;\" aria-level=\"1\"><span style=\"font-weight: 400;\">Favorecer el proceso de desarrollo personal y de autocuidado.<\/span><\/li>\n<li style=\"font-weight: 400;\" aria-level=\"1\"><span style=\"font-weight: 400;\">Complementar e integrar procesos terap\u00e9uticos y psicoterap\u00e9uticos.<\/span><\/li>\n<li style=\"font-weight: 400;\" aria-level=\"1\"><span style=\"font-weight: 400;\">Potenciar y expandir las propias capacidades creativas y art\u00edsticas.\u00a0<\/span><\/li>\n<\/ul>\n<p><b>Desde lo laboral:<\/b><\/p>\n<ol>\n<li style=\"font-weight: 400;\" aria-level=\"1\"><span style=\"font-weight: 400;\">Profesionales de la Salud: que deseen incluir un sistema vivencial dentro del encuadre cl\u00ednico y\/o psicoterap\u00e9utico.\u00a0<\/span><\/li>\n<li style=\"font-weight: 400;\" aria-level=\"1\"><span style=\"font-weight: 400;\">Profesionales de Educaci\u00f3n: que quieran incorporar en sus pr\u00e1cticas cotidianas elementos para el desarrollo de la inteligencia emocional, afectiva y la estimulaci\u00f3n cognitiva.\u00a0<\/span><\/li>\n<li style=\"font-weight: 400;\" aria-level=\"1\"><span style=\"font-weight: 400;\">Profesionales de otras disciplinas: que busquen integrar instrumentos enriquecedores en diversas especificidades, para ser articuladas de un modo creativo y transdisciplinar.<\/span><\/li>\n<li style=\"font-weight: 400;\" aria-level=\"1\"><span style=\"font-weight: 400;\">Profesionales del Arte: que necesiten experimentar y explorar el propio proceso creador, y conocer otros recursos para trabajar con alumnos, talleristas y artistas en formaci\u00f3n. <\/span><\/li>\n<\/ol>\n            <\/div>        <\/div>    <\/div><\/section>\n<\/div>\n<div style='height:50px' class='hr hr-invisible  '><span class='hr-inner ' ><span class='hr-inner-style'><\/span><\/span><\/div>\n<\/div><\/div><\/div><!-- close content main div --><\/div><\/div><div id='av_section_2' class='avia-section main_color avia-section-no-padding avia-no-border-styling avia-bg-style-scroll   container_wrap sidebar_right' style = 'background-color: #f16b06; background-image: '  ><div class='av-section-color-overlay-wrap'><a href='#next-section' title='' class='scroll-down-link '  aria-hidden='true' data-av_icon='\ue877' data-av_iconfont='entypo-fontello'><\/a><div class='container' ><div class='template-page content  av-content-small alpha units'><div class='post-entry post-entry-type-page post-entry-28719'><div class='entry-content-wrapper clearfix'>\n<div style='height:50px' class='hr hr-invisible  '><span class='hr-inner ' ><span class='hr-inner-style'><\/span><\/span><\/div>\n<div class=\"flex_column av_one_half  flex_column_div av-zero-column-padding first  \" style='border-radius:0px; '><article class=\"iconbox iconbox_top main_color    \"  itemscope=\"itemscope\" itemtype=\"https:\/\/schema.org\/CreativeWork\" ><div class=\"iconbox_content\"><header class=\"entry-content-header\"><div class=\"iconbox_icon heading-color \" aria-hidden='true' data-av_icon='\ue811' data-av_iconfont='entypo-fontello'  style='background-color:#efcd07; color:#ffffff; ' ><\/div><h3 class='iconbox_content_title '  itemprop=\"headline\"   style='color:#161c33; '>INSCRIPCIONES<\/h3><\/header><div class='iconbox_content_container  '  itemprop=\"text\"  ><p>Cerradas<\/p>\n<\/div><\/div><footer class=\"entry-footer\"><\/footer><\/article><\/div><div class=\"flex_column av_one_half  flex_column_div av-zero-column-padding   \" style='border-radius:0px; '><article class=\"iconbox iconbox_top main_color    \"  itemscope=\"itemscope\" itemtype=\"https:\/\/schema.org\/CreativeWork\" ><div class=\"iconbox_content\"><header class=\"entry-content-header\"><div class=\"iconbox_icon heading-color \" aria-hidden='true' data-av_icon='\ue85b' data-av_iconfont='entypo-fontello'  style='background-color:#efcd07; ' ><\/div><h3 class='iconbox_content_title '  itemprop=\"headline\"   style='color:161C33; '>INICIO DE CLASES<\/h3><\/header><div class='iconbox_content_container  '  itemprop=\"text\"  ><p>Martes 8 de Abril<\/p>\n<p>De 19 a 22 hs.<\/p>\n<\/div><\/div><footer class=\"entry-footer\"><\/footer><\/article><\/div><div style='height:50px' class='hr hr-invisible  '><span class='hr-inner ' ><span class='hr-inner-style'><\/span><\/span><\/div>\n<div class=\"flex_column av_one_half  flex_column_div av-zero-column-padding first  \" style='border-radius:0px; '><article class=\"iconbox iconbox_top main_color    \"  itemscope=\"itemscope\" itemtype=\"https:\/\/schema.org\/CreativeWork\" ><div class=\"iconbox_content\"><header class=\"entry-content-header\"><div class=\"iconbox_icon heading-color \" aria-hidden='true' data-av_icon='\ue862' data-av_iconfont='entypo-fontello'  style='background-color:#efcd07; ' ><\/div><h3 class='iconbox_content_title '  itemprop=\"headline\"   style='color:#161c33; '>DURACI\u00d3N<\/h3><\/header><div class='iconbox_content_container  '  itemprop=\"text\"  ><p><span style=\"color: #000000;\">3 meses<\/span><\/p>\n<\/div><\/div><footer class=\"entry-footer\"><\/footer><\/article><\/div><div class=\"flex_column av_one_half  flex_column_div av-zero-column-padding   \" style='border-radius:0px; '><article class=\"iconbox iconbox_top main_color    \"  itemscope=\"itemscope\" itemtype=\"https:\/\/schema.org\/CreativeWork\" ><div class=\"iconbox_content\"><header class=\"entry-content-header\"><div class=\"iconbox_icon heading-color \" aria-hidden='true' data-av_icon='\ue8cf' data-av_iconfont='entypo-fontello'  style='background-color:#efcd07; ' ><\/div><h3 class='iconbox_content_title '  itemprop=\"headline\"   style='color:#161c33; '>INVERSI\u00d3N<\/h3><\/header><div class='iconbox_content_container  '  itemprop=\"text\"  ><p>Costo del curso : $ 85000<br \/>\nCosto en un pago con el 10% de descuento: $ 76500<br \/>\nCosto comunidad universitaria 20% de descuento: $ 68000 (descuento no acumulable con el de pago de contado)<\/p>\n<\/div><\/div><footer class=\"entry-footer\"><\/footer><\/article><\/div><div style='height:50px' class='hr hr-invisible  '><span class='hr-inner ' ><span class='hr-inner-style'><\/span><\/span><\/div>\n<\/div><\/div><\/div><!-- close content main div --><\/div><\/div><\/div><div id='after_section_2' class='main_color av_default_container_wrap container_wrap sidebar_right'   ><div class='container' ><div class='template-page content  av-content-small alpha units'><div class='post-entry post-entry-type-page post-entry-28719'><div class='entry-content-wrapper clearfix'><div style='height:50px' class='hr hr-invisible  '><span class='hr-inner ' ><span class='hr-inner-style'><\/span><\/span><\/div><\/p>\n<div class='avia-button-wrap avia-button-center '><a href='https:\/\/extension.unvm.edu.ar\/?page_id=18853'  class='avia-button   avia-icon_select-yes-left-icon avia-color-theme-color avia-size-medium avia-position-center '   ><span class='avia_button_icon avia_button_icon_left ' aria-hidden='true' data-av_icon='\ue880' data-av_iconfont='entypo-fontello'><\/span><span class='avia_iconbox_title' >Volver <\/span><\/a><\/div>\n<div style='height:50px' class='hr hr-invisible  '><span class='hr-inner ' ><span class='hr-inner-style'><\/span><\/span><\/div>\n","protected":false},"excerpt":{"rendered":"","protected":false},"author":12,"featured_media":0,"parent":0,"menu_order":0,"comment_status":"closed","ping_status":"closed","template":"","meta":{"_exactmetrics_skip_tracking":false,"_exactmetrics_sitenote_active":false,"_exactmetrics_sitenote_note":"","_exactmetrics_sitenote_category":0,"footnotes":""},"class_list":["post-28719","page","type-page","status-publish","hentry"],"_links":{"self":[{"href":"https:\/\/extension.unvm.edu.ar\/index.php?rest_route=\/wp\/v2\/pages\/28719"}],"collection":[{"href":"https:\/\/extension.unvm.edu.ar\/index.php?rest_route=\/wp\/v2\/pages"}],"about":[{"href":"https:\/\/extension.unvm.edu.ar\/index.php?rest_route=\/wp\/v2\/types\/page"}],"author":[{"embeddable":true,"href":"https:\/\/extension.unvm.edu.ar\/index.php?rest_route=\/wp\/v2\/users\/12"}],"replies":[{"embeddable":true,"href":"https:\/\/extension.unvm.edu.ar\/index.php?rest_route=%2Fwp%2Fv2%2Fcomments&post=28719"}],"version-history":[{"count":8,"href":"https:\/\/extension.unvm.edu.ar\/index.php?rest_route=\/wp\/v2\/pages\/28719\/revisions"}],"predecessor-version":[{"id":28739,"href":"https:\/\/extension.unvm.edu.ar\/index.php?rest_route=\/wp\/v2\/pages\/28719\/revisions\/28739"}],"wp:attachment":[{"href":"https:\/\/extension.unvm.edu.ar\/index.php?rest_route=%2Fwp%2Fv2%2Fmedia&parent=28719"}],"curies":[{"name":"wp","href":"https:\/\/api.w.org\/{rel}","templated":true}]}}