{"id":28384,"date":"2024-09-12T17:25:06","date_gmt":"2024-09-12T17:25:06","guid":{"rendered":"https:\/\/extension.unvm.edu.ar\/?page_id=28384"},"modified":"2024-09-16T17:30:12","modified_gmt":"2024-09-16T17:30:12","slug":"curso-propiedad-intelectual-2","status":"publish","type":"page","link":"https:\/\/extension.unvm.edu.ar\/?page_id=28384","title":{"rendered":"Curso Propiedad Intelectual y tu tesis"},"content":{"rendered":"<\/div><\/div><\/div><!-- close content main div --><\/div><\/div><div id='av_section_1' class='avia-section main_color avia-section-large avia-no-border-styling avia-bg-style-fixed   container_wrap sidebar_right' style = 'background-repeat: repeat; background-image: url(https:\/\/extension.unvm.edu.ar\/wp-content\/uploads\/2024\/09\/396805-PCPBGI-943.jpg);background-attachment: fixed; background-position: center center; ' data-section-bg-repeat='repeat' ><div class='av-section-color-overlay-wrap'><a href='#next-section' title='' class='scroll-down-link '  aria-hidden='true' data-av_icon='\ue877' data-av_iconfont='entypo-fontello'><\/a><div class='container' ><div class='template-page content  av-content-small alpha units'><div class='post-entry post-entry-type-page post-entry-28384'><div class='entry-content-wrapper clearfix'>\n<div style='height:50px' class='hr hr-invisible  '><span class='hr-inner ' ><span class='hr-inner-style'><\/span><\/span><\/div>\n<div class='flex_column_table av-equal-height-column-flextable -flextable' ><div class=\"flex_column av_one_full  flex_column_table_cell av-equal-height-column av-align-middle av-zero-column-padding first  \" style='background: #dde094; background-color:#dde094; border-radius:0px; '><div class='avia-image-container  av-styling-    avia-align-center '  itemprop=\"ImageObject\" itemscope=\"itemscope\" itemtype=\"https:\/\/schema.org\/ImageObject\"  ><div class='avia-image-container-inner'><div class='avia-image-overlay-wrap'><img class='avia_image ' src='https:\/\/extension.unvm.edu.ar\/wp-content\/uploads\/2024\/09\/prop.-intelectual-11.png' alt='' title='prop. intelectual-11' height=\"475\"width=\"1921\"  itemprop=\"thumbnailUrl\"  \/><\/div><\/div><\/div><\/div><\/div><!--close column table wrapper. Autoclose: 1 --><div style='height:50px' class='hr hr-invisible  '><span class='hr-inner ' ><span class='hr-inner-style'><\/span><\/span><\/div>\n<\/div><\/div><\/div><!-- close content main div --><\/div><\/div><\/div><div id='after_section_1' class='main_color av_default_container_wrap container_wrap sidebar_right'   ><div class='container' ><div class='template-page content  av-content-small alpha units'><div class='post-entry post-entry-type-page post-entry-28384'><div class='entry-content-wrapper clearfix'><section class=\"av_textblock_section \"  itemscope=\"itemscope\" itemtype=\"https:\/\/schema.org\/CreativeWork\" ><div class='avia_textblock  av_inherit_color '  style='color:#2574f2; '  itemprop=\"text\" ><h3><span style=\"color: #2574f2;\">Organizan la Oficina de Propiedad Intelectual dependiente de la Direcci\u00f3n de Transferencia Cient\u00edfica \u2013 Tecnol\u00f3gica del Instituto de Extensi\u00f3n junto a los Institutos de Cs. B\u00e1sicas y Aplicadas, Cs. Humanas y a la Escuela de Ciencias Econ\u00f3micas del Instituto de Ciencias Sociales.<\/span><\/h3>\n<h3><\/h3>\n<h5 style=\"text-align: center;\"><\/h5>\n<\/div><\/section><\/p>\n<div style='height:50px' class='hr hr-invisible  '><span class='hr-inner ' ><span class='hr-inner-style'><\/span><\/span><\/div>\n<section class=\"av_textblock_section \"  itemscope=\"itemscope\" itemtype=\"https:\/\/schema.org\/CreativeWork\" ><div class='avia_textblock  av_inherit_color '  style='color:#2574f2; '  itemprop=\"text\" ><h4>Docente:<b><span style=\"font-weight: 400;\">\u00a0Lic. Ariel Gustavo Giordano.<\/span><\/b><\/h4>\n<\/div><\/section>\n<div class=\"togglecontainer   toggle_close_all \" >\n<section class=\"av_toggle_section\"  itemscope=\"itemscope\" itemtype=\"https:\/\/schema.org\/CreativeWork\"  >    <div class=\"single_toggle\" data-tags=\"{Todo} \"  >        <p data-fake-id=\"#toggle-id-1\" class=\"toggler  av-inherit-font-color \"  itemprop=\"headline\"  style='background-color: #2574f2; color: #ffffff; '>Fundamentaci\u00f3n<span class=\"toggle_icon\" style='border-color:#ffffff;'>        <span class=\"vert_icon\"><\/span><span class=\"hor_icon\"><\/span><\/span><\/p>        <div id=\"toggle-id-1-container\" class=\"toggle_wrap \"  >            <div class=\"toggle_content invers-color  av-inherit-font-color \"  itemprop=\"text\"  style='background-color: #2574f2; color: #ffffff; ' ><p>En el contexto actual de la sociedad del conocimiento, la investigaci\u00f3n y la creaci\u00f3n intelectual son pilares fundamentales para el desarrollo acad\u00e9mico, cient\u00edfico y tecnol\u00f3gico. Las tesis, como culminaci\u00f3n de un proceso de formaci\u00f3n e investigaci\u00f3n, representan un valioso aporte al conocimiento y merecen ser protegidas y difundidas de manera adecuada.<\/p>\n<p>Los derechos de propiedad intelectual, tanto en su vertiente de derecho de autor como de propiedad industrial, brindan el marco legal necesario para reconocer y proteger los derechos de los autores e inventores sobre sus creaciones. En el caso de los estudiantes de grado y posgrado, comprender y aplicar estos derechos es crucial para:<\/p>\n<ul>\n<li><strong>Garantizar la originalidad y evitar el plagio:<\/strong> Conocer las normas de citaci\u00f3n y parafraseo, as\u00ed como las herramientas para detectar el plagio, permite a los estudiantes elaborar tesis \u00edntegras y \u00e9ticas.<\/li>\n<li><strong>Proteger la autor\u00eda y controlar la difusi\u00f3n:<\/strong> Registrar y depositar la tesis, as\u00ed como elegir las licencias adecuadas, permite a los estudiantes decidir c\u00f3mo y en qu\u00e9 condiciones se comparte su trabajo.<\/li>\n<li><strong>Aprovechar el potencial de los resultados de investigaci\u00f3n:<\/strong> Identificar si los resultados de la investigaci\u00f3n podr\u00edan ser protegidos mediante patentes, modelos de utilidad u otros mecanismos de propiedad industrial, abre la posibilidad de transferir tecnolog\u00eda y generar impacto social y econ\u00f3mico.<\/li>\n<li><strong>Colaborar de forma efectiva y \u00e9tica:<\/strong> Conocer los aspectos de propiedad intelectual en proyectos de investigaci\u00f3n conjuntos ayuda a establecer acuerdos claros y justos sobre la coautor\u00eda y la distribuci\u00f3n de derechos.<\/li>\n<\/ul>\n<p>Este curso busca dotar a los estudiantes de las herramientas necesarias para navegar con confianza en el complejo mundo de la propiedad intelectual. Al comprender sus derechos y responsabilidades, los estudiantes estar\u00e1n mejor preparados para proteger sus tesis, compartir su conocimiento de manera responsable y contribuir al avance de la ciencia y la tecnolog\u00eda.<\/p>\n            <\/div>        <\/div>    <\/div><\/section>\n<section class=\"av_toggle_section\"  itemscope=\"itemscope\" itemtype=\"https:\/\/schema.org\/CreativeWork\"  >    <div class=\"single_toggle\" data-tags=\"{Todo} \"  >        <p data-fake-id=\"#toggle-id-2\" class=\"toggler  av-inherit-font-color \"  itemprop=\"headline\"  style='background-color: #2574f2; color: #ffffff; '>Objetivos<span class=\"toggle_icon\" style='border-color:#ffffff;'>        <span class=\"vert_icon\"><\/span><span class=\"hor_icon\"><\/span><\/span><\/p>        <div id=\"toggle-id-2-container\" class=\"toggle_wrap \"  >            <div class=\"toggle_content invers-color  av-inherit-font-color \"  itemprop=\"text\"  style='background-color: #2574f2; color: #ffffff; ' ><ul>\n<li style=\"font-weight: 400;\" aria-level=\"1\">Proporcionar a los estudiantes las herramientas necesarias para comprender y aplicar los derechos de propiedad intelectual, tanto en su vertiente de derecho de autor como de propiedad industrial, en el contexto de la elaboraci\u00f3n, protecci\u00f3n y potencial aprovechamiento de sus tesis.<\/li>\n<\/ul>\n            <\/div>        <\/div>    <\/div><\/section>\n<section class=\"av_toggle_section\"  itemscope=\"itemscope\" itemtype=\"https:\/\/schema.org\/CreativeWork\"  >    <div class=\"single_toggle\" data-tags=\"{Todo} \"  >        <p data-fake-id=\"#toggle-id-3\" class=\"toggler  av-inherit-font-color \"  itemprop=\"headline\"  style='background-color: #2574f2; color: #ffffff; '>Destinatarios\/as<span class=\"toggle_icon\" style='border-color:#ffffff;'>        <span class=\"vert_icon\"><\/span><span class=\"hor_icon\"><\/span><\/span><\/p>        <div id=\"toggle-id-3-container\" class=\"toggle_wrap \"  >            <div class=\"toggle_content invers-color  av-inherit-font-color \"  itemprop=\"text\"  style='background-color: #2574f2; color: #ffffff; ' ><ul>\n<li>Estudiantes de grado y posgrado en proceso de elaboraci\u00f3n de tesis de la Universidad Nacional Villa Mar\u00eda.<\/li>\n<\/ul>\n            <\/div>        <\/div>    <\/div><\/section>\n<section class=\"av_toggle_section\"  itemscope=\"itemscope\" itemtype=\"https:\/\/schema.org\/CreativeWork\"  >    <div class=\"single_toggle\" data-tags=\"{Todo} \"  >        <p data-fake-id=\"#toggle-id-4\" class=\"toggler  av-inherit-font-color \"  itemprop=\"headline\"  style='background-color: #2574f2; color: #ffffff; '>Programa<span class=\"toggle_icon\" style='border-color:#ffffff;'>        <span class=\"vert_icon\"><\/span><span class=\"hor_icon\"><\/span><\/span><\/p>        <div id=\"toggle-id-4-container\" class=\"toggle_wrap \"  >            <div class=\"toggle_content invers-color  av-inherit-font-color \"  itemprop=\"text\"  style='background-color: #2574f2; color: #ffffff; ' ><p><strong>M\u00f3dulo 1: Introducci\u00f3n a la Propiedad Intelectual (30 minutos)<\/strong><\/p>\n<ul>\n<li><strong>\u00bfQu\u00e9 es la Propiedad Intelectual?<\/strong><\/li>\n<\/ul>\n<ul>\n<li>Definici\u00f3n y ramas principales (derecho de autor, propiedad industrial).<\/li>\n<li>Importancia de la propiedad intelectual en el \u00e1mbito acad\u00e9mico y de investigaci\u00f3n.<\/li>\n<\/ul>\n<ul>\n<li><strong>El Derecho de Autor y las Tesis<\/strong><\/li>\n<\/ul>\n<ul>\n<li>\u00bfQu\u00e9 protege el derecho de autor en una tesis? (originalidad, expresi\u00f3n de ideas).<\/li>\n<li>Derechos morales y patrimoniales del autor de una tesis.<\/li>\n<li>La tesis como obra derivada: consideraciones sobre el uso de material de terceros.<\/li>\n<\/ul>\n<p><strong>M\u00f3dulo 2: Herramientas para la Protecci\u00f3n de la Tesis y Resultados de Investigaci\u00f3n (60 minutos)<\/strong><\/p>\n<ul>\n<li><strong>Originalidad y Plagio<\/strong><\/li>\n<\/ul>\n<ul>\n<li>\u00bfQu\u00e9 es el plagio y c\u00f3mo evitarlo?<\/li>\n<li>T\u00e9cnicas de citaci\u00f3n y parafraseo adecuadas.<\/li>\n<li>Uso de software antiplagio.<\/li>\n<\/ul>\n<ul>\n<li><strong>Registro y Dep\u00f3sito de la Tesis<\/strong><\/li>\n<\/ul>\n<ul>\n<li>\u00bfEs necesario registrar la tesis? Ventajas y desventajas.<\/li>\n<li>Procedimiento de registro y dep\u00f3sito en la universidad y otros organismos.<\/li>\n<\/ul>\n<ul>\n<li><strong>Licencias Creative Commons<\/strong><\/li>\n<\/ul>\n<ul>\n<li>\u00bfQu\u00e9 son las licencias Creative Commons?<\/li>\n<li>Tipos de licencias y su aplicaci\u00f3n en la difusi\u00f3n de la tesis.<\/li>\n<\/ul>\n<ul>\n<li><strong>Introducci\u00f3n a la Propiedad Industrial<\/strong><\/li>\n<\/ul>\n<ul>\n<li>Definici\u00f3n y ramas principales (patentes, modelos de utilidad, dise\u00f1os industriales, marcas, secretos comerciales).<\/li>\n<li>\u00bfCu\u00e1ndo es relevante la propiedad industrial en el contexto de una tesis? (invenciones, software, nuevos productos o procesos)<\/li>\n<\/ul>\n<ul>\n<li><strong>Protecci\u00f3n de Invenciones y Desarrollos<\/strong><\/li>\n<\/ul>\n<ul>\n<li>\u00bfQu\u00e9 es una patente y qu\u00e9 requisitos debe cumplir una invenci\u00f3n para ser patentable?<\/li>\n<li>Otros mecanismos de protecci\u00f3n: modelos de utilidad, secretos comerciales<\/li>\n<li>Procedimiento general para solicitar una patente.<\/li>\n<\/ul>\n<p><strong>M\u00f3dulo 3: Propiedad Intelectual y la Investigaci\u00f3n (30 minutos)<\/strong><\/p>\n<ul>\n<li><strong>Uso de Material de Terceros<\/strong><\/li>\n<\/ul>\n<ul>\n<li>\u00bfCu\u00e1ndo y c\u00f3mo utilizar material protegido por derechos de autor en la tesis?<\/li>\n<li>Limitaciones y excepciones al derecho de autor (cita, uso justo).<\/li>\n<li>Obtenci\u00f3n de permisos y autorizaciones.<\/li>\n<\/ul>\n<ul>\n<li><strong>Investigaci\u00f3n Colaborativa y Coautor\u00eda<\/strong><\/li>\n<\/ul>\n<ul>\n<li>Aspectos de propiedad intelectual en proyectos de investigaci\u00f3n conjuntos.<\/li>\n<li>Acuerdos de coautor\u00eda y distribuci\u00f3n de derechos.<\/li>\n<\/ul>\n<ul>\n<li><strong>Publicaci\u00f3n y Divulgaci\u00f3n de la Tesis<\/strong><\/li>\n<\/ul>\n<ul>\n<li>Opciones para publicar y divulgar la tesis (revistas, repositorios, etc.).<\/li>\n<li>Consideraciones sobre derechos de autor y licencias en la publicaci\u00f3n.<\/li>\n<\/ul>\n<ul>\n<li><strong>Propiedad Intelectual y Transferencia de Tecnolog\u00eda<\/strong><\/li>\n<\/ul>\n<ul>\n<li>Breve introducci\u00f3n a la transferencia de tecnolog\u00eda y su relaci\u00f3n con la propiedad intelectual<\/li>\n<li>Posibles escenarios de transferencia de tecnolog\u00eda a partir de resultados de una tesis<\/li>\n<\/ul>\n            <\/div>        <\/div>    <\/div><\/section>\n<section class=\"av_toggle_section\"  itemscope=\"itemscope\" itemtype=\"https:\/\/schema.org\/CreativeWork\"  >    <div class=\"single_toggle\" data-tags=\"{Todo} \"  >        <p data-fake-id=\"#toggle-id-5\" class=\"toggler  av-inherit-font-color \"  itemprop=\"headline\"  style='background-color: #2574f2; color: #ffffff; '>Modalidad<span class=\"toggle_icon\" style='border-color:#ffffff;'>        <span class=\"vert_icon\"><\/span><span class=\"hor_icon\"><\/span><\/span><\/p>        <div id=\"toggle-id-5-container\" class=\"toggle_wrap \"  >            <div class=\"toggle_content invers-color  av-inherit-font-color \"  itemprop=\"text\"  style='background-color: #2574f2; color: #ffffff; ' ><p><span style=\"font-weight: 400;\">100% virtual asincr\u00f3nico<\/span><\/p>\n            <\/div>        <\/div>    <\/div><\/section>\n<\/div>\n<div style='height:50px' class='hr hr-invisible  '><span class='hr-inner ' ><span class='hr-inner-style'><\/span><\/span><\/div>\n<\/div><\/div><\/div><!-- close content main div --><\/div><\/div><div id='av_section_2' class='avia-section main_color avia-section-no-padding avia-no-border-styling avia-bg-style-scroll   container_wrap sidebar_right' style = 'background-color: #1f1866; background-repeat: repeat; background-image: url(https:\/\/extension.unvm.edu.ar\/wp-content\/uploads\/2024\/09\/396805-PCPBGI-943.jpg);background-attachment: scroll; background-position: top left; ' data-section-bg-repeat='repeat' ><div class='av-section-color-overlay-wrap'><a href='#next-section' title='' class='scroll-down-link '  aria-hidden='true' data-av_icon='\ue877' data-av_iconfont='entypo-fontello'><\/a><div class='container' ><div class='template-page content  av-content-small alpha units'><div class='post-entry post-entry-type-page post-entry-28384'><div class='entry-content-wrapper clearfix'>\n<div style='height:50px' class='hr hr-invisible  '><span class='hr-inner ' ><span class='hr-inner-style'><\/span><\/span><\/div>\n<div class=\"flex_column av_one_half  flex_column_div av-zero-column-padding first  \" style='border-radius:0px; '><article class=\"iconbox iconbox_top main_color    \"  itemscope=\"itemscope\" itemtype=\"https:\/\/schema.org\/CreativeWork\" ><div class=\"iconbox_content\"><header class=\"entry-content-header\"><div class=\"iconbox_icon heading-color \" aria-hidden='true' data-av_icon='\ue811' data-av_iconfont='entypo-fontello'  style='background-color:#2574f2; color:#ffffff; ' ><\/div><h3 class='iconbox_content_title '  itemprop=\"headline\"   style='color:#2574f2; '>INSCRIPCIONES<\/h3><\/header><div class='iconbox_content_container  '  itemprop=\"text\"  ><p><a href=\"https:\/\/forms.gle\/L6civi3KHvha1bWM9\">Inscripci\u00f3n<\/a><\/p>\n<\/div><\/div><footer class=\"entry-footer\"><\/footer><\/article><\/div><div class=\"flex_column av_one_half  flex_column_div av-zero-column-padding   \" style='border-radius:0px; '><article class=\"iconbox iconbox_top main_color    \"  itemscope=\"itemscope\" itemtype=\"https:\/\/schema.org\/CreativeWork\" ><div class=\"iconbox_content\"><header class=\"entry-content-header\"><div class=\"iconbox_icon heading-color \" aria-hidden='true' data-av_icon='\ue862' data-av_iconfont='entypo-fontello'  style='background-color:#2574f2; ' ><\/div><h3 class='iconbox_content_title '  itemprop=\"headline\"   style='color:#2574f2; '>DURACI\u00d3N<\/h3><\/header><div class='iconbox_content_container  '  itemprop=\"text\"  ><p><span style=\"color: #000000;\" data-sheets-value=\"{\" data-sheets-userformat=\"{\">2 hs.\u00a0<\/span><\/p>\n<\/div><\/div><footer class=\"entry-footer\"><\/footer><\/article><\/div><div class=\"flex_column av_one_half  flex_column_div av-zero-column-padding first  \" style='border-radius:0px; '><article class=\"iconbox iconbox_top main_color    \"  itemscope=\"itemscope\" itemtype=\"https:\/\/schema.org\/CreativeWork\" ><div class=\"iconbox_content\"><header class=\"entry-content-header\"><div class=\"iconbox_icon heading-color \" aria-hidden='true' data-av_icon='\ue85b' data-av_iconfont='entypo-fontello'  style='background-color:#2574f2; ' ><\/div><h3 class='iconbox_content_title '  itemprop=\"headline\"   style='color:#2574f2; '>FECHA<\/h3><\/header><div class='iconbox_content_container  '  itemprop=\"text\"  ><p><span style=\"color: #000000;\">24 de septiembre de 2024<\/span><\/p>\n<p>18.30 hs.<\/p>\n<\/div><\/div><footer class=\"entry-footer\"><\/footer><\/article><\/div><div class=\"flex_column av_one_half  flex_column_div av-zero-column-padding   \" style='border-radius:0px; '><article class=\"iconbox iconbox_top main_color    \"  itemscope=\"itemscope\" itemtype=\"https:\/\/schema.org\/CreativeWork\" ><div class=\"iconbox_content\"><header class=\"entry-content-header\"><div class=\"iconbox_icon heading-color \" aria-hidden='true' data-av_icon='\ue8cf' data-av_iconfont='entypo-fontello'  style='background-color:#2574f2; ' ><\/div><h3 class='iconbox_content_title '  itemprop=\"headline\"   style='color:#2574f2; '>ACTIVIDAD SIN COSTO<\/h3><\/header><div class='iconbox_content_container  '  itemprop=\"text\"  ><\/div><\/div><footer class=\"entry-footer\"><\/footer><\/article><\/div><div style='height:50px' class='hr hr-invisible  '><span class='hr-inner ' ><span class='hr-inner-style'><\/span><\/span><\/div>\n<\/div><\/div><\/div><!-- close content main div --><\/div><\/div><\/div><div id='after_section_2' class='main_color av_default_container_wrap container_wrap sidebar_right'   ><div class='container' ><div class='template-page content  av-content-small alpha units'><div class='post-entry post-entry-type-page post-entry-28384'><div class='entry-content-wrapper clearfix'>\n<div style='height:50px' class='hr hr-invisible  '><span class='hr-inner ' ><span class='hr-inner-style'><\/span><\/span><\/div>\n<div class='avia-button-wrap avia-button-center '><a href=''  class='avia-button   avia-icon_select-yes-left-icon avia-color-theme-color avia-size-medium avia-position-center '   ><span class='avia_button_icon avia_button_icon_left ' aria-hidden='true' data-av_icon='\ue880' data-av_iconfont='entypo-fontello'><\/span><span class='avia_iconbox_title' >Volver <\/span><\/a><\/div>\n<div style='height:50px' class='hr hr-invisible  '><span class='hr-inner ' ><span class='hr-inner-style'><\/span><\/span><\/div>\n<\/div><\/div><\/div><!-- close content main div --><\/div><\/div><div id='av_section_3' class='avia-section main_color avia-section-default avia-no-shadow av-section-color-overlay-active avia-bg-style-scroll   av-minimum-height av-minimum-height-25 container_wrap sidebar_right' style = 'background-image: '  ><div class='av-section-color-overlay-wrap'><div class='av-section-color-overlay' style='opacity: 0.5; background-color: #003f7a; '><\/div><div class='container' ><div class='template-page content  av-content-small alpha units'><div class='post-entry post-entry-type-page post-entry-28384'><div class='entry-content-wrapper clearfix'><\/div><\/div><\/div><!-- close content main div --><\/div><\/div><\/div><div id='after_section_3' class='main_color av_default_container_wrap container_wrap sidebar_right'   ><div class='container' ><div class='template-page content  av-content-small alpha units'><div class='post-entry post-entry-type-page post-entry-28384'><div class='entry-content-wrapper clearfix'>\n","protected":false},"excerpt":{"rendered":"","protected":false},"author":12,"featured_media":0,"parent":0,"menu_order":0,"comment_status":"closed","ping_status":"closed","template":"","meta":{"_exactmetrics_skip_tracking":false,"_exactmetrics_sitenote_active":false,"_exactmetrics_sitenote_note":"","_exactmetrics_sitenote_category":0,"footnotes":""},"class_list":["post-28384","page","type-page","status-publish","hentry"],"_links":{"self":[{"href":"https:\/\/extension.unvm.edu.ar\/index.php?rest_route=\/wp\/v2\/pages\/28384"}],"collection":[{"href":"https:\/\/extension.unvm.edu.ar\/index.php?rest_route=\/wp\/v2\/pages"}],"about":[{"href":"https:\/\/extension.unvm.edu.ar\/index.php?rest_route=\/wp\/v2\/types\/page"}],"author":[{"embeddable":true,"href":"https:\/\/extension.unvm.edu.ar\/index.php?rest_route=\/wp\/v2\/users\/12"}],"replies":[{"embeddable":true,"href":"https:\/\/extension.unvm.edu.ar\/index.php?rest_route=%2Fwp%2Fv2%2Fcomments&post=28384"}],"version-history":[{"count":6,"href":"https:\/\/extension.unvm.edu.ar\/index.php?rest_route=\/wp\/v2\/pages\/28384\/revisions"}],"predecessor-version":[{"id":28395,"href":"https:\/\/extension.unvm.edu.ar\/index.php?rest_route=\/wp\/v2\/pages\/28384\/revisions\/28395"}],"wp:attachment":[{"href":"https:\/\/extension.unvm.edu.ar\/index.php?rest_route=%2Fwp%2Fv2%2Fmedia&parent=28384"}],"curies":[{"name":"wp","href":"https:\/\/api.w.org\/{rel}","templated":true}]}}