{"id":27327,"date":"2024-06-28T12:15:37","date_gmt":"2024-06-28T12:15:37","guid":{"rendered":"https:\/\/extension.unvm.edu.ar\/?page_id=27327"},"modified":"2025-11-26T13:39:43","modified_gmt":"2025-11-26T13:39:43","slug":"pasantias-rentadas","status":"publish","type":"page","link":"https:\/\/extension.unvm.edu.ar\/?page_id=27327","title":{"rendered":"PASANT\u00cdAS RENTADAS"},"content":{"rendered":"<\/div><\/div><\/div><!-- close content main div --><\/div><\/div><div id='av_section_1' class='avia-section main_color avia-section-small avia-no-border-styling avia-bg-style-scroll   container_wrap sidebar_right' style = 'background-image: '  ><div class='av-section-color-overlay-wrap'><a href='#next-section' title='' class='scroll-down-link '  aria-hidden='true' data-av_icon='\ue877' data-av_iconfont='entypo-fontello'><\/a><div class='container' ><div class='template-page content  av-content-small alpha units'><div class='post-entry post-entry-type-page post-entry-27327'><div class='entry-content-wrapper clearfix'>\n<div class='flex_column_table av-equal-height-column-flextable -flextable' ><div class=\"flex_column av_one_full  flex_column_table_cell av-equal-height-column av-align-middle av-zero-column-padding first  \" style='border-radius:0px; '><p><div class='avia-image-container  av-styling-   av-desktop-hide av-medium-hide  avia-align-center '  itemprop=\"ImageObject\" itemscope=\"itemscope\" itemtype=\"https:\/\/schema.org\/ImageObject\"  ><div class='avia-image-container-inner'><div class='avia-image-overlay-wrap'><img class='avia_image ' src='https:\/\/extension.unvm.edu.ar\/wp-content\/uploads\/2024\/06\/portada-pasantias.png' alt='' title='portada pasantias' height=\"1081\"width=\"1921\"  itemprop=\"thumbnailUrl\"  \/><\/div><\/div><\/div><br \/>\n<div class='avia-image-container  av-styling-   av-small-hide av-mini-hide  avia-align-center '  itemprop=\"ImageObject\" itemscope=\"itemscope\" itemtype=\"https:\/\/schema.org\/ImageObject\"  ><div class='avia-image-container-inner'><div class='avia-image-overlay-wrap'><img class='avia_image ' src='https:\/\/extension.unvm.edu.ar\/wp-content\/uploads\/2024\/06\/portada-pasantias-1.png' alt='' title='portada pasantias' height=\"619\"width=\"1921\"  itemprop=\"thumbnailUrl\"  \/><\/div><\/div><\/div><\/p><\/div><\/div><!--close column table wrapper. Autoclose: 1 --><div class=\"tabcontainer   top_tab  \">\n\n<section class=\"av_tab_section\"  itemscope=\"itemscope\" itemtype=\"https:\/\/schema.org\/CreativeWork\" >    <div data-fake-id=\"#tab-id-1\" class=\"tab \"  itemprop=\"headline\" ><span class='tab_icon' aria-hidden='true' data-av_icon='\ue84c' data-av_iconfont='entypo-fontello'><\/span>\u00bfQU\u00c9 SON LAS PASANT\u00cdAS RENTADAS?<\/div>\n    <div id=\"tab-id-1-container\" class=\"tab_content \">\n        <div class=\"tab_inner_content invers-color\"  itemprop=\"text\" >\n<p>Las pasant\u00edas son un conjunto de actividades formativas que pueden realizar las y los <strong>estudiantes<\/strong> en <u>empresas y organizaciones<\/u>, sustantivamente relacionadas con la propuesta curricular de los estudios cursados en unidades educativas, que se reconoce como experiencia de alto valor pedag\u00f3gico, sin car\u00e1cter obligatorio (art. 2-Ley 26.427)<\/p>\n<p><strong>\u00bfCu\u00e1les son sus objetivos?<\/strong><\/p>\n<p>Entre los objetivos se mencionan la <u>valoraci\u00f3n del trabajo<\/u> como elemento indispensable y dignificador para la vida, desde una concepci\u00f3n cultural y no meramente utilitaria, la incorporaci\u00f3n de saberes, habilidades y actitudes vinculados a situaciones reales del mundo del trabajo, el <u>aumento del conocimiento<\/u> y manejo de tecnolog\u00edas vigentes y se declara que esos objetivos apuntar\u00e1n a generar mecanismos fluidos de conexi\u00f3n entre la producci\u00f3n y la educaci\u00f3n, a los efectos de interactuar rec\u00edprocamente entre los objetivos de los contenidos educativos y los procesos tecnol\u00f3gicos y productivos (art\u00edculos 3\u00b0 y 4\u00b0) .<\/p>\n<p><strong>Duraci\u00f3n<\/strong><\/p>\n<p>La duraci\u00f3n y la carga horaria de las pasant\u00edas educativas se definen en funci\u00f3n de las caracter\u00edsticas y complejidad de las actividades a desarrollar, por un <strong>plazo m\u00ednimo de DOS (2) meses y m\u00e1ximo de DOCE (12) meses,<\/strong> con una <strong>carga horaria semanal de hasta VEINTE (20) horas<\/strong>. Cumplido el plazo m\u00e1ximo establecido, una vacante de pasant\u00eda educativa puede renovarse a favor del mismo pasante, por hasta SEIS (6) meses adicionales, debi\u00e9ndose firmar un nuevo acuerdo individual entre todas las partes, conforme el art\u00edculo 9\u00ba de la presente.<\/p>\n<p><strong>Asignaci\u00f3n est\u00edmulo<\/strong><\/p>\n<p>Los pasantes reciben una suma de dinero en car\u00e1cter no remunerativo en calidad de asignaci\u00f3n est\u00edmulo, que se calcular\u00e1 sobre el salario b\u00e1sico del convenio colectivo aplicable a la empresa, y que ser\u00e1 proporcional a la carga horaria de la pasant\u00eda. En caso de haber m\u00e1s de un convenio aplicable, se tomar\u00e1 en cuenta el m\u00e1s favorable para el pasante. Para el caso de actividades que no cuenten con convenio colectivo, se aplicar\u00e1 para el c\u00e1lculo de la asignaci\u00f3n est\u00edmulo, el salario m\u00ednimo, vital y m\u00f3vil, en forma proporcional a la carga horaria de la pasant\u00eda.<\/p>\n<p>Los pasantes reciben, conforme a las caracter\u00edsticas de las actividades que realicen, todos los beneficios regulares y licencias que se acuerden al personal seg\u00fan se especifique en la reglamentaci\u00f3n. Asimismo se debe otorgar al pasante una cobertura de salud cuyas prestaciones ser\u00e1n las previstas en la Ley 23.660 \u2014Ley de Obras Sociales<\/p>\n<p><a href=\"https:\/\/extension.unvm.edu.ar\/wp-content\/uploads\/2024\/07\/LEY-26427-PASANTIAS-RENTADAS-UNIVERSITARIA.pdf\">LEY 26427 PASANTIAS RENTADAS UNIVERSITARIA<\/a><\/p>\n\n        <\/div>\n    <\/div>\n<\/section>\n\n<section class=\"av_tab_section\"  itemscope=\"itemscope\" itemtype=\"https:\/\/schema.org\/CreativeWork\" >    <div data-fake-id=\"#tab-id-2\" class=\"tab \"  itemprop=\"headline\" ><span class='tab_icon' aria-hidden='true' data-av_icon='\ue840' data-av_iconfont='entypo-fontello'><\/span>REQUISITOS ESTUDIANTES<\/div>\n    <div id=\"tab-id-2-container\" class=\"tab_content \">\n        <div class=\"tab_inner_content invers-color\"  itemprop=\"text\" >\n<ul>\n<li>\u00a0Tener 12 materias aprobadas.<\/li>\n<li>\u00a0Estudiante Regular de la UNVM.<\/li>\n<\/ul>\n\n        <\/div>\n    <\/div>\n<\/section>\n\n<section class=\"av_tab_section\"  itemscope=\"itemscope\" itemtype=\"https:\/\/schema.org\/CreativeWork\" >    <div data-fake-id=\"#tab-id-3\" class=\"tab \"  itemprop=\"headline\" ><span class='tab_icon' aria-hidden='true' data-av_icon='\ue80b' data-av_iconfont='entypo-fontello'><\/span>REQUISITOS EMPRESAS<\/div>\n    <div id=\"tab-id-3-container\" class=\"tab_content \">\n        <div class=\"tab_inner_content invers-color\"  itemprop=\"text\" >\n<ul>\n<li>Persona F\u00edsica o Jur\u00eddica.<\/li>\n<li>\u2060Estar debidamente inscripto en ARCA<\/li>\n<li>Tener como m\u00ednimo una persona en relaci\u00f3n de dependencia.<\/li>\n<\/ul>\n\n        <\/div>\n    <\/div>\n<\/section>\n\n<\/div>\n\n<div style='height:50px' class='hr hr-invisible  av-small-hide av-mini-hide '><span class='hr-inner ' ><span class='hr-inner-style'><\/span><\/span><\/div>\n<div class=\"flex_column av_one_half  av-animated-generic fade-in  flex_column_div av-zero-column-padding first  \" style='border-radius:0px; '><div class='avia-image-container avia_animated_image avia_animate_when_almost_visible fade-in av-styling-    avia-align-center '  itemprop=\"ImageObject\" itemscope=\"itemscope\" itemtype=\"https:\/\/schema.org\/ImageObject\"  ><div class='avia-image-container-inner'><div class='avia-image-overlay-wrap'><img class='avia_image ' src='https:\/\/extension.unvm.edu.ar\/wp-content\/uploads\/2024\/06\/Carrousel-estudiantes-1030x884.png' alt='' title='Carrousel estudiantes' height=\"884\"width=\"1030\"  itemprop=\"thumbnailUrl\"  \/><\/div><\/div><\/div><\/div><div class=\"flex_column av_one_half  flex_column_div av-zero-column-padding   \" style='border-radius:0px; '><p><div style='height:10px' class='hr hr-invisible  av-desktop-hide av-medium-hide '><span class='hr-inner ' ><span class='hr-inner-style'><\/span><\/span><\/div><br \/>\n<div style='padding-bottom:30px; color:#003b71;font-size:60px;' class='av-special-heading av-special-heading-h6 custom-color-heading blockquote modern-quote modern-centered   av-inherit-size '><h6 class='av-special-heading-tag '  itemprop=\"headline\"  >\u00a1Registrate!<\/h6><div class='special-heading-border'><div class='special-heading-inner-border' style='border-color:#003b71'><\/div><\/div><\/div><br \/>\n<div style='height:50px' class='hr hr-invisible  av-small-hide av-mini-hide '><span class='hr-inner ' ><span class='hr-inner-style'><\/span><\/span><\/div><br \/>\n<div class='avia-buttonrow-wrap avia-buttonrow-center  '>\n<a href='https:\/\/forms.gle\/RGWiEEb3AjpjKJUE6'  class='avia-button av-icon-on-hover avia-icon_select-yes-left-icon avia-color-custom avia-size-x-large '  style='background-color:#003b71; border-color:#003b71; color:#ffffff; margin-bottom:10px; margin-left:5px; margin-right:5px; ' ><span class='avia_button_icon avia_button_icon_left ' aria-hidden='true' data-av_icon='\ue812' data-av_iconfont='entypo-fontello'><\/span><span class='avia_iconbox_title' >ESTUDIANTES UNVM<\/span><\/a>\n<a href='https:\/\/forms.gle\/jW4fabi9eBUiiBKg6'  class='avia-button av-icon-on-hover avia-icon_select-yes-left-icon avia-color-custom avia-size-x-large '  style='background-color:#003b71; border-color:#003b71; color:#ffffff; margin-bottom:10px; margin-left:5px; margin-right:5px; ' ><span class='avia_button_icon avia_button_icon_left ' aria-hidden='true' data-av_icon='\ue812' data-av_iconfont='entypo-fontello'><\/span><span class='avia_iconbox_title' >EMPRESAS<\/span><\/a>\n<\/div><br \/>\n<div style='height:70px' class='hr hr-invisible  av-small-hide av-mini-hide '><span class='hr-inner ' ><span class='hr-inner-style'><\/span><\/span><\/div><br \/>\n<div style='height:25px' class='hr hr-invisible  av-desktop-hide av-medium-hide '><span class='hr-inner ' ><span class='hr-inner-style'><\/span><\/span><\/div><br \/>\n<br \/>\n<div class='avia-image-container  av-styling-   av-medium-hide av-small-hide av-mini-hide  avia-align-center '  itemprop=\"ImageObject\" itemscope=\"itemscope\" itemtype=\"https:\/\/schema.org\/ImageObject\"  ><div class='avia-image-container-inner'><div class='avia-image-overlay-wrap'><img class='avia_image ' src='https:\/\/extension.unvm.edu.ar\/wp-content\/uploads\/2024\/06\/Carrousel-estudiantes2.png' alt='' title='Carrousel estudiantes2' height=\"691\"width=\"2823\"  itemprop=\"thumbnailUrl\"  \/><\/div><\/div><\/div><\/p><\/div><div style='height:50px' class='hr hr-invisible  av-small-hide av-mini-hide '><span class='hr-inner ' ><span class='hr-inner-style'><\/span><\/span><\/div>\n<div style='height:25px' class='hr hr-invisible  av-desktop-hide av-medium-hide '><span class='hr-inner ' ><span class='hr-inner-style'><\/span><\/span><\/div>\n<div class='flex_column_table av-equal-height-column-flextable -flextable' ><div class=\"flex_column av_one_half  flex_column_table_cell av-equal-height-column av-align-middle av-zero-column-padding first  \" style='border-radius:0px; '><p><div style='height:50px' class='hr hr-invisible  av-small-hide av-mini-hide '><span class='hr-inner ' ><span class='hr-inner-style'><\/span><\/span><\/div><br \/>\n<article class=\"iconbox iconbox_top main_color    \"  itemscope=\"itemscope\" itemtype=\"https:\/\/schema.org\/CreativeWork\" ><div class=\"iconbox_content\"><header class=\"entry-content-header\"><div class=\"iconbox_icon heading-color \" aria-hidden='true' data-av_icon='\ue805' data-av_iconfont='entypo-fontello'  style='background-color:#003b71; ' ><\/div><h3 class='iconbox_content_title '  itemprop=\"headline\"  >pasantiasrentadas@unvm.edu.ar<\/h3><\/header><div class='iconbox_content_container  '  itemprop=\"text\"  ><p>353 440-4908<\/p>\n<\/div><\/div><footer class=\"entry-footer\"><\/footer><\/article><\/p><\/div><\/div><!--close column table wrapper. Autoclose: 1 --><div class='flex_column_table av-equal-height-column-flextable -flextable' ><div class='av-flex-placeholder'><\/div><div class=\"flex_column av_one_half  av-animated-generic right-to-left  flex_column_table_cell av-equal-height-column av-align-middle av-zero-column-padding   \" style='border-radius:0px; '><p><div class='avia-image-container avia_animated_image avia_animate_when_almost_visible right-to-left av-styling-   av-small-hide av-mini-hide  avia-align-center '  itemprop=\"ImageObject\" itemscope=\"itemscope\" itemtype=\"https:\/\/schema.org\/ImageObject\"  ><div class='avia-image-container-inner'><div class='avia-image-overlay-wrap'><img class='avia_image ' src='https:\/\/extension.unvm.edu.ar\/wp-content\/uploads\/2024\/06\/LOGO-D-ETODOS.png' alt='' title='LOGO D ETODOS' height=\"771\"width=\"4893\"  itemprop=\"thumbnailUrl\"  \/><\/div><\/div><\/div><br \/>\n<div style='height:25px' class='hr hr-invisible  av-small-hide av-mini-hide '><span class='hr-inner ' ><span class='hr-inner-style'><\/span><\/span><\/div><br \/>\n<div style='height:25px' class='hr hr-invisible  av-desktop-hide av-medium-hide '><span class='hr-inner ' ><span class='hr-inner-style'><\/span><\/span><\/div><\/p><\/div><\/div><!--close column table wrapper. Autoclose: 1 --><\/div><\/div><\/div><!-- close content main div --><\/div><\/div><\/div><div id='after_section_1' class='main_color av_default_container_wrap container_wrap sidebar_right'   ><div class='container' ><div class='template-page content  av-content-small alpha units'><div class='post-entry post-entry-type-page post-entry-27327'><div class='entry-content-wrapper clearfix'><div style='height:50px' class='hr hr-invisible  av-small-hide av-mini-hide '><span class='hr-inner ' ><span class='hr-inner-style'><\/span><\/span><\/div><\/p>\n<\/div><\/div><\/div><!-- close content main div --><\/div><\/div><div id='av_section_2' class='avia-section main_color avia-section-default avia-no-shadow avia-full-stretch av-parallax-section av-section-color-overlay-active avia-bg-style-parallax   av-minimum-height av-minimum-height-25 container_wrap sidebar_right'  data-section-bg-repeat='stretch' ><div class='av-parallax' data-avia-parallax-ratio='0.3' ><div class='av-parallax-inner main_color  avia-full-stretch' style = 'background-repeat: no-repeat; background-image: url(http:\/\/humanas.unvm.edu.ar\/wp-content\/uploads\/2018\/08\/1-1.jpg);background-attachment: scroll; background-position: center center; ' ><\/div><\/div><div class='av-section-color-overlay-wrap'><div class='av-section-color-overlay' style='opacity: 0.5; background-color: #003f7a; '><\/div><div class='container' ><div class='template-page content  av-content-small alpha units'><div class='post-entry post-entry-type-page post-entry-27327'><div class='entry-content-wrapper clearfix'><\/div><\/div><\/div><!-- close content main div --><\/div><\/div><\/div><div id='after_section_2' class='main_color av_default_container_wrap container_wrap sidebar_right'   ><div class='container' ><div class='template-page content  av-content-small alpha units'><div class='post-entry post-entry-type-page post-entry-27327'><div class='entry-content-wrapper clearfix'>\n","protected":false},"excerpt":{"rendered":"","protected":false},"author":12,"featured_media":0,"parent":0,"menu_order":0,"comment_status":"closed","ping_status":"closed","template":"","meta":{"_exactmetrics_skip_tracking":false,"_exactmetrics_sitenote_active":false,"_exactmetrics_sitenote_note":"","_exactmetrics_sitenote_category":0,"footnotes":""},"class_list":["post-27327","page","type-page","status-publish","hentry"],"_links":{"self":[{"href":"https:\/\/extension.unvm.edu.ar\/index.php?rest_route=\/wp\/v2\/pages\/27327"}],"collection":[{"href":"https:\/\/extension.unvm.edu.ar\/index.php?rest_route=\/wp\/v2\/pages"}],"about":[{"href":"https:\/\/extension.unvm.edu.ar\/index.php?rest_route=\/wp\/v2\/types\/page"}],"author":[{"embeddable":true,"href":"https:\/\/extension.unvm.edu.ar\/index.php?rest_route=\/wp\/v2\/users\/12"}],"replies":[{"embeddable":true,"href":"https:\/\/extension.unvm.edu.ar\/index.php?rest_route=%2Fwp%2Fv2%2Fcomments&post=27327"}],"version-history":[{"count":50,"href":"https:\/\/extension.unvm.edu.ar\/index.php?rest_route=\/wp\/v2\/pages\/27327\/revisions"}],"predecessor-version":[{"id":30211,"href":"https:\/\/extension.unvm.edu.ar\/index.php?rest_route=\/wp\/v2\/pages\/27327\/revisions\/30211"}],"wp:attachment":[{"href":"https:\/\/extension.unvm.edu.ar\/index.php?rest_route=%2Fwp%2Fv2%2Fmedia&parent=27327"}],"curies":[{"name":"wp","href":"https:\/\/api.w.org\/{rel}","templated":true}]}}