{"id":24894,"date":"2023-07-06T18:18:18","date_gmt":"2023-07-06T18:18:18","guid":{"rendered":"https:\/\/extension.unvm.edu.ar\/?page_id=24894"},"modified":"2025-07-03T17:09:24","modified_gmt":"2025-07-03T17:09:24","slug":"diplomatura-en-marketing-digital-2023-segundo-semestre-2","status":"publish","type":"page","link":"https:\/\/extension.unvm.edu.ar\/?page_id=24894","title":{"rendered":"Diplomatura en Marketing Digital 2025"},"content":{"rendered":"<\/div><\/div><\/div><!-- close content main div --><\/div><\/div><div id='av_section_1' class='avia-section main_color avia-section-large avia-no-border-styling avia-bg-style-fixed   container_wrap sidebar_right' style = 'background-color: #2584b1; background-repeat: no-repeat; background-image: url(https:\/\/extension.unvm.edu.ar\/wp-content\/uploads\/2022\/06\/social-media-g869d2fec1_1920-1.jpg);background-attachment: fixed; background-position: top center; ' data-section-bg-repeat='no-repeat' ><div class='av-section-color-overlay-wrap'><a href='#next-section' title='' class='scroll-down-link '  aria-hidden='true' data-av_icon='\ue877' data-av_iconfont='entypo-fontello'><\/a><div class='container' ><div class='template-page content  av-content-small alpha units'><div class='post-entry post-entry-type-page post-entry-24894'><div class='entry-content-wrapper clearfix'>\n<div class='flex_column_table av-equal-height-column-flextable -flextable' ><div class=\"flex_column av_one_full  flex_column_table_cell av-equal-height-column av-align-middle av-zero-column-padding first  \" style='border-radius:0px; '><div class='avia-image-container  av-styling-    avia-align-center '  itemprop=\"ImageObject\" itemscope=\"itemscope\" itemtype=\"https:\/\/schema.org\/ImageObject\"  ><div class='avia-image-container-inner'><div class='avia-image-overlay-wrap'><img class='avia_image ' src='https:\/\/extension.unvm.edu.ar\/wp-content\/uploads\/2025\/02\/MK-WEB-1.png' alt='' title='MK WEB' height=\"322\"width=\"1084\"  itemprop=\"thumbnailUrl\"  \/><\/div><\/div><\/div><\/div><\/div><!--close column table wrapper. Autoclose: 1 -->\n<\/div><\/div><\/div><!-- close content main div --><\/div><\/div><\/div><div id='after_section_1' class='main_color av_default_container_wrap container_wrap sidebar_right'   ><div class='container' ><div class='template-page content  av-content-small alpha units'><div class='post-entry post-entry-type-page post-entry-24894'><div class='entry-content-wrapper clearfix'>\n<section class=\"av_textblock_section \"  itemscope=\"itemscope\" itemtype=\"https:\/\/schema.org\/CreativeWork\" ><div class='avia_textblock  av_inherit_color '  style='color:#012180; '  itemprop=\"text\" ><h3><span style=\"color: #2e8ebf;\"><span style=\"font-weight: 400;\">Con esta propuesta se<\/span><span style=\"font-weight: 400;\"> har\u00e1 un recorrido por las principales \u00e1reas dentro de la Comunicaci\u00f3n Digital, Marketing Digital, Estrategia Online, Redes Sociales, Dise\u00f1o Canvas, Dise\u00f1o Gr\u00e1fico, Contenido, M\u00e9tricas en Internet, Anal\u00edtica Web, y Estrategias de contenidos con Inteligencia Artificial.<\/span><\/span><\/h3>\n<h3><span style=\"font-weight: 400; color: #2e8ebf;\">La Diplomatura se dicta a trav\u00e9s del <strong>\u00c1rea de Formaci\u00f3n Continua<\/strong>\u00a0y la Direcci\u00f3n de Transferencia Cient\u00edfico-Tecnol\u00f3gica del Instituto de Extensi\u00f3n.<\/span><\/h3>\n<h5 style=\"text-align: center;\"><\/h5>\n<\/div><\/section>\n<div style='height:50px' class='hr hr-invisible  '><span class='hr-inner ' ><span class='hr-inner-style'><\/span><\/span><\/div>\n<section class=\"av_textblock_section \"  itemscope=\"itemscope\" itemtype=\"https:\/\/schema.org\/CreativeWork\" ><div class='avia_textblock  av_inherit_color '  style='color:#2584b1; '  itemprop=\"text\" ><p><span style=\"color: #2e8ebf;\"><b>Coordinaci\u00f3n Acad\u00e9mica:\u00a0<\/b><span style=\"font-weight: 400;\">Lic. Evangelina Ca\u00f1as.<\/span><\/span><\/p>\n<p><span style=\"color: #2e8ebf;\"><b>Coordinaci\u00f3n Administrativa: <\/b>Andrea Colomino.<\/span><\/p>\n<\/div><\/section>\n<div class=\"togglecontainer   toggle_close_all \" >\n<section class=\"av_toggle_section\"  itemscope=\"itemscope\" itemtype=\"https:\/\/schema.org\/CreativeWork\"  >    <div class=\"single_toggle\" data-tags=\"{Todo} \"  >        <p data-fake-id=\"#toggle-id-1\" class=\"toggler  av-inherit-font-color \"  itemprop=\"headline\"  style='background-color: #2e8ebf; color: #ffffff; '>Fundamentaci\u00f3n<span class=\"toggle_icon\" style='border-color:#ffffff;'>        <span class=\"vert_icon\"><\/span><span class=\"hor_icon\"><\/span><\/span><\/p>        <div id=\"toggle-id-1-container\" class=\"toggle_wrap \"  >            <div class=\"toggle_content invers-color  av-inherit-font-color \"  itemprop=\"text\"  style='background-color: #2e8ebf; color: #ffffff; ' ><p><span style=\"font-weight: 400;\">La forma de relacionarse con los medios ha mutado de lo est\u00e1tico a lo din\u00e1mico, de lo local a lo global y hay que estar alerta las 24 horas del d\u00eda. <\/span><\/p>\n<p><span style=\"font-weight: 400;\">Los profesionales de las relaciones p\u00fablicas, marketing, comunicaci\u00f3n, clientes y pol\u00edticos est\u00e1n luchando por mantenerse al d\u00eda con los cambios nacidos de esta nueva forma de comunicarse, y por eso se buscan a profesionales de la comunicaci\u00f3n digital.<\/span><\/p>\n<p>Esta diplomatura es para entender todas esas formas diferentes de alcanzar a los consumidores y por qu\u00e9 un mensaje espec\u00edfico y la forma de hacerlo llegar, puede ser o no, un m\u00e9todo apropiado para la marca o el target al que te diriges en cuesti\u00f3n.<\/p>\n<p>Tener presencia en Redes Sociales, no basta. En esta diplomatura har\u00e1s un recorrido por las principales \u00e1reas dentro de la Comunicaci\u00f3n Digital, Marketing Digital, Estrategia Online, Redes Sociales, Dise\u00f1o Canvas, Dise\u00f1o Gr\u00e1fico, Contenido, M\u00e9tricas en Internet y Anal\u00edtica Web.<\/p>\n            <\/div>        <\/div>    <\/div><\/section>\n<section class=\"av_toggle_section\"  itemscope=\"itemscope\" itemtype=\"https:\/\/schema.org\/CreativeWork\"  >    <div class=\"single_toggle\" data-tags=\"{Todo} \"  >        <p data-fake-id=\"#toggle-id-2\" class=\"toggler  av-inherit-font-color \"  itemprop=\"headline\"  style='background-color: #2e8ebf; color: #ffffff; '>Prop\u00f3sito y Objetivos<span class=\"toggle_icon\" style='border-color:#ffffff;'>        <span class=\"vert_icon\"><\/span><span class=\"hor_icon\"><\/span><\/span><\/p>        <div id=\"toggle-id-2-container\" class=\"toggle_wrap \"  >            <div class=\"toggle_content invers-color  av-inherit-font-color \"  itemprop=\"text\"  style='background-color: #2e8ebf; color: #ffffff; ' ><p><b>Prop\u00f3sito:<\/b><\/p>\n<p>Fomentar en los participantes su pensamiento estrat\u00e9gico, acerc\u00e1ndolos a los \u00faltimos conocimientos acerca de las herramientas de Marketing y Dise\u00f1o.<\/p>\n<p>Como resultado del curso, se espera que el estudiante sea capaz de tomar decisiones m\u00e1s efectivas y eficientes dentro del canal online, lo que le permitir\u00e1 definir el mejor mix de medios para implementar acciones de marketing optimizables y medibles, favoreciendo as\u00ed su presencia y posicionamiento dentro de un entorno digital cada vez m\u00e1s competitivo.<\/p>\n<p>Dirigido a todos aquellos que quieran comprender la din\u00e1mica del Marketing, aplicado a las nuevas herramientas de la web actual.<\/p>\n<p><strong>Objetivos Generales:<\/strong><\/p>\n<p>Proveer contenido claro y preciso para poder desarrollar una estrategia de presencia digital sin tener que depender de grandes inversiones de dinero para ser exitoso.<\/p>\n<p>Que los participantes:<\/p>\n<ul>\n<li>Aprendan las herramientas necesarias para diagramar e implementar un Plan de Marketing Online.<\/li>\n<li>Aprendan a gestionar de manera profesional las redes sociales.<\/li>\n<\/ul>\n<p><strong>Objetivos Espec\u00edficos:<\/strong><\/p>\n<ul>\n<li>Conocer los recursos b\u00e1sicos de Marketing Digital para mejorar emprendimientos, perfil personal o negocio.<\/li>\n<li>Conocer el nuevo paradigma de la comunicaci\u00f3n, evoluci\u00f3n de la tecnolog\u00eda, SEO, SEM, marketing de contenidos, marketing en redes sociales, dispositivos m\u00f3viles y anal\u00edtica web.<\/li>\n<li>Obtener herramientas y nociones de c\u00f3mo hacer un plan de marketing online.<\/li>\n<li>Adquirir herramientas, pr\u00e1cticas y te\u00f3ricas, para ser un profesional a cargo de la estrategia de contenido digital de una empresa en sus redes sociales, conectando a la marca con su comunidad.<\/li>\n<li>Crear contenido audiovisual, moderar, pensar nuevos formatos, aplicar el copywriting para lograr diferentes objetivos y estar\u00e1s listo para ser el nexo entre la marca y su entorno digital.<\/li>\n<li>Entender que los community managers son esenciales para cualquier empresa que quiera estar en la red.<\/li>\n<li>Conocer su rol ya no es solo el de moderar, ya que cada vez son m\u00e1s las empresas que buscan perfiles completos e integrales.<\/li>\n<li>Crear campa\u00f1as de publicidad e interpretar resultados.<\/li>\n<li>Proporcionar al estudiante los conceptos necesarios para el desarrollo de un sitio web administrable.<\/li>\n<li>Introducir los conceptos b\u00e1sicos de servidores locales, web, dominios, administraci\u00f3n de base de datos local, e instalaci\u00f3n de la misma.<\/li>\n<li>Administrar y configurar la herramienta WordPress y sus funcionalidades b\u00e1sicas.<\/li>\n<li>Desarrollar un blog o sitio web b\u00e1sico.<\/li>\n<li>Instalar y configurar plugins.<\/li>\n<\/ul>\n            <\/div>        <\/div>    <\/div><\/section>\n<section class=\"av_toggle_section\"  itemscope=\"itemscope\" itemtype=\"https:\/\/schema.org\/CreativeWork\"  >    <div class=\"single_toggle\" data-tags=\"{Todo} \"  >        <p data-fake-id=\"#toggle-id-3\" class=\"toggler  av-inherit-font-color \"  itemprop=\"headline\"  style='background-color: #2e8ebf; color: #ffffff; '>Destinatarios<span class=\"toggle_icon\" style='border-color:#ffffff;'>        <span class=\"vert_icon\"><\/span><span class=\"hor_icon\"><\/span><\/span><\/p>        <div id=\"toggle-id-3-container\" class=\"toggle_wrap \"  >            <div class=\"toggle_content invers-color  av-inherit-font-color \"  itemprop=\"text\"  style='background-color: #2e8ebf; color: #ffffff; ' ><p><b>Profesionales a los que est\u00e1 orientado<\/b><b>:<\/b><\/p>\n<ul>\n<li style=\"font-weight: 400;\" aria-level=\"1\"><span style=\"font-weight: 400;\">Profesionales, empresarios y emprendedores que deseen formarse en el \u00e1mbito del Marketing Digital (redes sociales, p\u00e1ginas webs, an\u00e1lisis de datos) y, en general, a todo p\u00fablico interesado en la tem\u00e1tica.<\/span><\/li>\n<\/ul>\n            <\/div>        <\/div>    <\/div><\/section>\n<section class=\"av_toggle_section\"  itemscope=\"itemscope\" itemtype=\"https:\/\/schema.org\/CreativeWork\"  >    <div class=\"single_toggle\" data-tags=\"{Todo} \"  >        <p data-fake-id=\"#toggle-id-4\" class=\"toggler  av-inherit-font-color \"  itemprop=\"headline\"  style='background-color: #2e8ebf; color: #ffffff; '>Programa<span class=\"toggle_icon\" style='border-color:#ffffff;'>        <span class=\"vert_icon\"><\/span><span class=\"hor_icon\"><\/span><\/span><\/p>        <div id=\"toggle-id-4-container\" class=\"toggle_wrap \"  >            <div class=\"toggle_content invers-color  av-inherit-font-color \"  itemprop=\"text\"  style='background-color: #2e8ebf; color: #ffffff; ' ><p><a href=\"https:\/\/drive.google.com\/file\/d\/1h3pEn7aZiqPzw0ypWkpegYrHmlkf5QM-\/view?usp=sharing\">Descargar<\/a><\/p>\n<p>Horas sincr\u00f3nicas: clases en directo v\u00eda streaming.<\/p>\n<p>Horas asincr\u00f3nicas: a trav\u00e9s del Campus Virtual. Mediante trabajos pr\u00e1cticos en modalidad taller y an\u00e1lisis del caso (Case Method), a partir de la lectura de la bibliograf\u00eda que en cada m\u00f3dulo requiere el docente.<\/p>\n            <\/div>        <\/div>    <\/div><\/section>\n<section class=\"av_toggle_section\"  itemscope=\"itemscope\" itemtype=\"https:\/\/schema.org\/CreativeWork\"  >    <div class=\"single_toggle\" data-tags=\"{Todo} \"  >        <p data-fake-id=\"#toggle-id-5\" class=\"toggler  av-inherit-font-color \"  itemprop=\"headline\"  style='background-color: #2e8ebf; color: #ffffff; '>Metodolog\u00eda de la ense\u00f1anza<span class=\"toggle_icon\" style='border-color:#ffffff;'>        <span class=\"vert_icon\"><\/span><span class=\"hor_icon\"><\/span><\/span><\/p>        <div id=\"toggle-id-5-container\" class=\"toggle_wrap \"  >            <div class=\"toggle_content invers-color  av-inherit-font-color \"  itemprop=\"text\"  style='background-color: #2e8ebf; color: #ffffff; ' ><p><strong>Recursos: <\/strong>Se utilizar\u00e1 diapositivas adaptadas de manera secuencial a las necesidades de la diplomatura, cumpliendo la funci\u00f3n de apoyatura para que el docente pueda transmitir a los asistentes los contenidos de la diplomatura de manera m\u00e1s din\u00e1mica.<\/p>\n<p><strong>T\u00e9cnicas: <\/strong>Se utilizar\u00e1n t\u00e9cnicas de discusi\u00f3n dirigida entre los asistentes, haci\u00e9ndolos participar para que puedan exponer sus experiencias en la materia.<\/p>\n<p><strong>Procedimientos: <\/strong>Se utilizar\u00e1 el procedimiento de una exposici\u00f3n dialogada, combinando el mismo con consultas a los asistentes para ir midiendo el grado de asimilaci\u00f3n de conocimientos.<\/p>\n<p>La Diplomatura se dictar\u00e1 contemplando la inclusi\u00f3n de una instancia pr\u00e1ctica que complemente la exposici\u00f3n de los contenidos te\u00f3ricos.<\/p>\n            <\/div>        <\/div>    <\/div><\/section>\n<section class=\"av_toggle_section\"  itemscope=\"itemscope\" itemtype=\"https:\/\/schema.org\/CreativeWork\"  >    <div class=\"single_toggle\" data-tags=\"{Todo} \"  >        <p data-fake-id=\"#toggle-id-6\" class=\"toggler  av-inherit-font-color \"  itemprop=\"headline\"  style='background-color: #2e8ebf; color: #ffffff; '>Condiciones de inscripci\u00f3n<span class=\"toggle_icon\" style='border-color:#ffffff;'>        <span class=\"vert_icon\"><\/span><span class=\"hor_icon\"><\/span><\/span><\/p>        <div id=\"toggle-id-6-container\" class=\"toggle_wrap \"  >            <div class=\"toggle_content invers-color  av-inherit-font-color \"  itemprop=\"text\"  style='background-color: #2e8ebf; color: #ffffff; ' ><ul>\n<li>Tener una notebook, netbook o celular con acceso a Internet.<\/li>\n<li>Abonar el arancel establecido.<\/li>\n<\/ul>\n            <\/div>        <\/div>    <\/div><\/section>\n<section class=\"av_toggle_section\"  itemscope=\"itemscope\" itemtype=\"https:\/\/schema.org\/CreativeWork\"  >    <div class=\"single_toggle\" data-tags=\"{Todo} \"  >        <p data-fake-id=\"#toggle-id-7\" class=\"toggler  av-inherit-font-color \"  itemprop=\"headline\"  style='background-color: #2e8ebf; color: #ffffff; '>Arancel<span class=\"toggle_icon\" style='border-color:#ffffff;'>        <span class=\"vert_icon\"><\/span><span class=\"hor_icon\"><\/span><\/span><\/p>        <div id=\"toggle-id-7-container\" class=\"toggle_wrap \"  >            <div class=\"toggle_content invers-color  av-inherit-font-color \"  itemprop=\"text\"  style='background-color: #2e8ebf; color: #ffffff; ' ><p><span data-sheets-root=\"1\">Pago Contado: $210.000<br \/>\nPago Comunidad Universitaria: $168.000<\/span><\/p>\n            <\/div>        <\/div>    <\/div><\/section>\n<\/div>\n<div style='height:50px' class='hr hr-invisible  '><span class='hr-inner ' ><span class='hr-inner-style'><\/span><\/span><\/div>\n<\/div><\/div><\/div><!-- close content main div --><\/div><\/div><div id='av_section_2' class='avia-section main_color avia-section-no-padding avia-no-border-styling avia-bg-style-scroll   container_wrap sidebar_right' style = 'background-color: 6477DE; background-repeat: repeat; background-image: url(https:\/\/extension.unvm.edu.ar\/wp-content\/uploads\/2022\/06\/social-media-g869d2fec1_1920-1.jpg);background-attachment: scroll; background-position: top left; ' data-section-bg-repeat='repeat' ><div class='container' ><div class='template-page content  av-content-small alpha units'><div class='post-entry post-entry-type-page post-entry-24894'><div class='entry-content-wrapper clearfix'>\n<div style='height:50px' class='hr hr-invisible  '><span class='hr-inner ' ><span class='hr-inner-style'><\/span><\/span><\/div>\n<div class=\"flex_column av_one_half  flex_column_div av-zero-column-padding first  \" style='border-radius:0px; '><article class=\"iconbox iconbox_top main_color    \"  itemscope=\"itemscope\" itemtype=\"https:\/\/schema.org\/CreativeWork\" ><div class=\"iconbox_content\"><header class=\"entry-content-header\"><div class=\"iconbox_icon heading-color \" aria-hidden='true' data-av_icon='\ue811' data-av_iconfont='entypo-fontello'  style='background-color:#2e8ebf; color:#ffffff; ' ><\/div><h3 class='iconbox_content_title '  itemprop=\"headline\"   style='color:#2e8ebf; '>INSCRIPCI\u00d3N<\/h3><\/header><div class='iconbox_content_container  '  itemprop=\"text\"  ><p><a href=\"https:\/\/forms.gle\/GSrnDxZVmtay8kqh6\">Inscripci\u00f3n\u00a0<\/a><\/p>\n<p>CUPO LIMITADO<\/p>\n<\/div><\/div><footer class=\"entry-footer\"><\/footer><\/article><\/div><div class=\"flex_column av_one_half  flex_column_div av-zero-column-padding   \" style='border-radius:0px; '><article class=\"iconbox iconbox_top main_color    \"  itemscope=\"itemscope\" itemtype=\"https:\/\/schema.org\/CreativeWork\" ><div class=\"iconbox_content\"><header class=\"entry-content-header\"><div class=\"iconbox_icon heading-color \" aria-hidden='true' data-av_icon='\ue862' data-av_iconfont='entypo-fontello'  style='background-color:#2e8ebf; ' ><\/div><h3 class='iconbox_content_title '  itemprop=\"headline\"   style='color:#2e8ebf; '>DURACI\u00d3N<\/h3><\/header><div class='iconbox_content_container  '  itemprop=\"text\"  ><p style=\"line-height: 150%; margin: 0cm 0cm 0.0001pt 18pt; text-align: center;\"><span lang=\"ES-AR\" style=\"font-family: 'Calibri','sans-serif'; color: black;\">4 meses<\/span><\/p>\n<\/div><\/div><footer class=\"entry-footer\"><\/footer><\/article><\/div><div class=\"flex_column av_one_half  flex_column_div av-zero-column-padding first  \" style='border-radius:0px; '><article class=\"iconbox iconbox_top main_color    \"  itemscope=\"itemscope\" itemtype=\"https:\/\/schema.org\/CreativeWork\" ><div class=\"iconbox_content\"><header class=\"entry-content-header\"><div class=\"iconbox_icon heading-color \" aria-hidden='true' data-av_icon='\ue85b' data-av_iconfont='entypo-fontello'  style='background-color:#2e8ebf; ' ><\/div><h3 class='iconbox_content_title '  itemprop=\"headline\"   style='color:#2e8ebf; '>INICIO DE CLASES<\/h3><\/header><div class='iconbox_content_container  '  itemprop=\"text\"  ><p>Martes 19 de agosto<\/p>\n<p>De 19:00 a 21:00<\/p>\n<\/div><\/div><footer class=\"entry-footer\"><\/footer><\/article><\/div><div class=\"flex_column av_one_half  flex_column_div av-zero-column-padding   \" style='border-radius:0px; '><article class=\"iconbox iconbox_top main_color    \"  itemscope=\"itemscope\" itemtype=\"https:\/\/schema.org\/CreativeWork\" ><div class=\"iconbox_content\"><header class=\"entry-content-header\"><div class=\"iconbox_icon heading-color \" aria-hidden='true' data-av_icon='\ue8ab' data-av_iconfont='entypo-fontello'  style='background-color:#2e8ebf; ' ><\/div><h3 class='iconbox_content_title '  itemprop=\"headline\"   style='color:#2e8ebf; '>MODALIDAD<\/h3><\/header><div class='iconbox_content_container  '  itemprop=\"text\"  ><p>100% virtual<\/p>\n<\/div><\/div><footer class=\"entry-footer\"><\/footer><\/article><\/div><div style='height:50px' class='hr hr-invisible  '><span class='hr-inner ' ><span class='hr-inner-style'><\/span><\/span><\/div>\n<\/div><\/div><\/div><!-- close content main div --><\/div><\/div><div id='after_section_2' class='main_color av_default_container_wrap container_wrap sidebar_right'   ><div class='container' ><div class='template-page content  av-content-small alpha units'><div class='post-entry post-entry-type-page post-entry-24894'><div class='entry-content-wrapper clearfix'>\n<div style='height:50px' class='hr hr-invisible  '><span class='hr-inner ' ><span class='hr-inner-style'><\/span><\/span><\/div>\n<div class=\"flex_column av_one_full  flex_column_div av-zero-column-padding first  \" style='border-radius:0px; '><div class='avia-button-wrap avia-button-center '><a href='https:\/\/wa.link\/cmza7m'  class='avia-button   avia-icon_select-no avia-color-custom avia-size-x-large avia-position-center '  target=\"_blank\"  style='background-color:#2e8ebf; border-color:#2e8ebf; color:#ffffff; ' ><span class='avia_iconbox_title' >CONSULTAS<\/span><\/a><\/div><\/div>\n<div style='height:50px' class='hr hr-invisible  '><span class='hr-inner ' ><span class='hr-inner-style'><\/span><\/span><\/div>\n<div class='avia-button-wrap avia-button-center '><a href='https:\/\/extension.unvm.edu.ar\/?page_id=18853'  class='avia-button   avia-icon_select-yes-left-icon avia-color-custom avia-size-medium avia-position-center '  target=\"_blank\"  style='background-color:#2e8ebf; border-color:#2e8ebf; color:#ffffff; ' ><span class='avia_button_icon avia_button_icon_left ' aria-hidden='true' data-av_icon='\ue880' data-av_iconfont='entypo-fontello'><\/span><span class='avia_iconbox_title' >Volver <\/span><\/a><\/div>\n<div style='height:50px' class='hr hr-invisible  '><span class='hr-inner ' ><span class='hr-inner-style'><\/span><\/span><\/div>\n<\/div><\/div><\/div><!-- close content main div --><\/div><\/div><div id='av_section_3' class='avia-section main_color avia-section-default avia-no-shadow av-section-color-overlay-active avia-bg-style-fixed   av-minimum-height av-minimum-height-25 container_wrap sidebar_right' style = 'background-repeat: no-repeat; background-image: url(https:\/\/extension.unvm.edu.ar\/wp-content\/uploads\/2022\/06\/social-media-g869d2fec1_1920-1.jpg);background-attachment: fixed; background-position: center center; ' data-section-bg-repeat='no-repeat' ><div class='av-section-color-overlay-wrap'><div class='av-section-color-overlay' style='opacity: 0.5; background-color: #003f7a; '><\/div><div class='container' ><div class='template-page content  av-content-small alpha units'><div class='post-entry post-entry-type-page post-entry-24894'><div class='entry-content-wrapper clearfix'><\/div><\/div><\/div><!-- close content main div --><\/div><\/div><\/div><div id='after_section_3' class='main_color av_default_container_wrap container_wrap sidebar_right'   ><div class='container' ><div class='template-page content  av-content-small alpha units'><div class='post-entry post-entry-type-page post-entry-24894'><div class='entry-content-wrapper clearfix'>\n","protected":false},"excerpt":{"rendered":"","protected":false},"author":12,"featured_media":0,"parent":0,"menu_order":0,"comment_status":"closed","ping_status":"closed","template":"","meta":{"_exactmetrics_skip_tracking":false,"_exactmetrics_sitenote_active":false,"_exactmetrics_sitenote_note":"","_exactmetrics_sitenote_category":0,"footnotes":""},"class_list":["post-24894","page","type-page","status-publish","hentry"],"_links":{"self":[{"href":"https:\/\/extension.unvm.edu.ar\/index.php?rest_route=\/wp\/v2\/pages\/24894"}],"collection":[{"href":"https:\/\/extension.unvm.edu.ar\/index.php?rest_route=\/wp\/v2\/pages"}],"about":[{"href":"https:\/\/extension.unvm.edu.ar\/index.php?rest_route=\/wp\/v2\/types\/page"}],"author":[{"embeddable":true,"href":"https:\/\/extension.unvm.edu.ar\/index.php?rest_route=\/wp\/v2\/users\/12"}],"replies":[{"embeddable":true,"href":"https:\/\/extension.unvm.edu.ar\/index.php?rest_route=%2Fwp%2Fv2%2Fcomments&post=24894"}],"version-history":[{"count":27,"href":"https:\/\/extension.unvm.edu.ar\/index.php?rest_route=\/wp\/v2\/pages\/24894\/revisions"}],"predecessor-version":[{"id":29526,"href":"https:\/\/extension.unvm.edu.ar\/index.php?rest_route=\/wp\/v2\/pages\/24894\/revisions\/29526"}],"wp:attachment":[{"href":"https:\/\/extension.unvm.edu.ar\/index.php?rest_route=%2Fwp%2Fv2%2Fmedia&parent=24894"}],"curies":[{"name":"wp","href":"https:\/\/api.w.org\/{rel}","templated":true}]}}