{"id":24721,"date":"2023-05-17T12:44:09","date_gmt":"2023-05-17T12:44:09","guid":{"rendered":"https:\/\/extension.unvm.edu.ar\/?page_id=24721"},"modified":"2025-05-27T15:34:28","modified_gmt":"2025-05-27T15:34:28","slug":"bolsa-de-trabajo","status":"publish","type":"page","link":"https:\/\/extension.unvm.edu.ar\/?page_id=24721","title":{"rendered":"BOLSA DE TRABAJO"},"content":{"rendered":"<\/div><\/div><\/div><!-- close content main div --><\/div><\/div><div id='av_section_1' class='avia-section main_color avia-section-small avia-no-border-styling avia-bg-style-scroll   container_wrap sidebar_right' style = 'background-image: '  ><div class='av-section-color-overlay-wrap'><a href='#next-section' title='' class='scroll-down-link '  aria-hidden='true' data-av_icon='\ue877' data-av_iconfont='entypo-fontello'><\/a><div class='container' ><div class='template-page content  av-content-small alpha units'><div class='post-entry post-entry-type-page post-entry-24721'><div class='entry-content-wrapper clearfix'>\n<div class='flex_column_table av-equal-height-column-flextable -flextable' ><div class=\"flex_column av_one_full  flex_column_table_cell av-equal-height-column av-align-middle av-zero-column-padding first  \" style='border-radius:0px; '><p><div class='avia-image-container  av-styling-   av-desktop-hide av-medium-hide  avia-align-center '  itemprop=\"ImageObject\" itemscope=\"itemscope\" itemtype=\"https:\/\/schema.org\/ImageObject\"  ><div class='avia-image-container-inner'><div class='avia-image-overlay-wrap'><img class='avia_image ' src='https:\/\/extension.unvm.edu.ar\/wp-content\/uploads\/2023\/06\/Portal-de-Trabajo.png' alt='' title='Portal de Trabajo' height=\"336\"width=\"977\"  itemprop=\"thumbnailUrl\"  \/><\/div><\/div><\/div><br \/>\n<div class='avia-image-container  av-styling-   av-small-hide av-mini-hide  avia-align-center '  itemprop=\"ImageObject\" itemscope=\"itemscope\" itemtype=\"https:\/\/schema.org\/ImageObject\"  ><div class='avia-image-container-inner'><div class='avia-image-overlay-wrap'><img class='avia_image ' src='https:\/\/extension.unvm.edu.ar\/wp-content\/uploads\/2023\/05\/8146-Convertido3-02.png' alt='' title='8146 [Convertido]3-02' height=\"495\"width=\"1955\"  itemprop=\"thumbnailUrl\"  \/><\/div><\/div><\/div><\/p><\/div><\/div><!--close column table wrapper. Autoclose: 1 --><div style='height:50px' class='hr hr-invisible  av-small-hide av-mini-hide '><span class='hr-inner ' ><span class='hr-inner-style'><\/span><\/span><\/div>\n<div class=\"tabcontainer   top_tab  \">\n\n<section class=\"av_tab_section\"  itemscope=\"itemscope\" itemtype=\"https:\/\/schema.org\/CreativeWork\" >    <div data-fake-id=\"#tab-id-1\" class=\"tab \"  itemprop=\"headline\" ><span class='tab_icon' aria-hidden='true' data-av_icon='\ue84c' data-av_iconfont='entypo-fontello'><\/span>T\u00c9RMINOS Y CONDICIONES<\/div>\n    <div id=\"tab-id-1-container\" class=\"tab_content \">\n        <div class=\"tab_inner_content invers-color\"  itemprop=\"text\" >\n<p><a href=\"https:\/\/extension.unvm.edu.ar\/wp-content\/uploads\/2023\/06\/T\u00c9RMINOS-Y-CONDICIONES-DE-USO-DE-LA-BOLSA-DE-TRABAJO-DE-LA-UNIVERSIDAD-NACIONAL-VILLA-MAR\u00cdA.docx\">T\u00c9RMINOS Y CONDICIONES DE USO DE LA BOLSA DE TRABAJO DE LA UNIVERSIDAD NACIONAL VILLA MAR\u00cdA<\/a><\/p>\n\n        <\/div>\n    <\/div>\n<\/section>\n\n<section class=\"av_tab_section\"  itemscope=\"itemscope\" itemtype=\"https:\/\/schema.org\/CreativeWork\" >    <div data-fake-id=\"#tab-id-2\" class=\"tab \"  itemprop=\"headline\" ><span class='tab_icon' aria-hidden='true' data-av_icon='\ue8d2' data-av_iconfont='entypo-fontello'><\/span>TIPS PARA ARMAR UN CURRICULUM VITAE<\/div>\n    <div id=\"tab-id-2-container\" class=\"tab_content \">\n        <div class=\"tab_inner_content invers-color\"  itemprop=\"text\" >\n<ol>\n<li><strong>Longitud:<\/strong>lo recomendable es que el CV sea de una p\u00e1gina, m\u00e1ximo dos en puntuales excepciones, no m\u00e1s. la informaci\u00f3n debe ser\u00a0<strong>justa, clara y concisa.<\/strong><\/li>\n<li><strong> Dise\u00f1o:\u00a0<\/strong>aunque quiz\u00e1s esto no aplica en todos los casos, buscar una plantilla com\u00fan, minimalista y sin tipograf\u00edas extra\u00f1as, facilita la lectura y hace el texto mucho m\u00e1s entendible.<\/li>\n<li><strong>Fuente clara:<\/strong>El tipo de letra debe ser claro y f\u00e1cil de leer, (Helv\u00e9tica, Georgia o Calibri).Evitar fuentes anticuadas como la Times New Roman. \u201cPuedes mezclar dos o tres tipos de letra y de experimentar con estilos como negritas o cursiva. El tama\u00f1o de fuente para curr\u00edculum recomendado es entre 10 y 12 puntos para los textos generales y de entre 13 y 15 puntos para los t\u00edtulos.<\/li>\n<li><strong> Foto:\u00a0<\/strong>si bien lo ideal es\u00a0<strong>no incluirla<\/strong>, todav\u00eda hay empresas que siguen esperando que los CV la tengan. En caso de incorporarla, se recomienda que no sea foto carnet, recortada, con fondo oscuro y pixelada. Es vital mirar a la c\u00e1mara y transmitir\u00a0<strong>tranquilidad y normalidad<\/strong>, que la foto sea un reflejo de c\u00f3mo te presentar\u00edas a la entrevista.<\/li>\n<li><strong> Informaci\u00f3n de contacto:<\/strong>se debe incluir \u00fanicamente\u00a0<strong>tel\u00e9fono, DNI, LinkedIn y mail<\/strong>. No se debe agregar estado civil, direcci\u00f3n exacta, barrio\/localidad,fecha de nacimiento.<\/li>\n<li><strong> Habilidades:<\/strong>un listado de habilidades que tengan que ver con la posici\u00f3n a la que se aplica, tanto t\u00e9cnicas como blandas. Y no caer en obviedades como manejo de Windows o Zoom.<\/li>\n<li><strong> Experiencia laboral:<\/strong>debe ser de la m\u00e1s reciente a la m\u00e1s antigua. Se debe incluir posici\u00f3n, empresa, fecha de inicio y de finalizaci\u00f3n (o \u00abactualmente\u00bb\u00a0si es el caso).<\/li>\n<li><strong> Educaci\u00f3n:<\/strong>tambi\u00e9n hay que enumerar de la m\u00e1s reciente a la m\u00e1s antigua, en caso de tener un promedio universitario alto se puede colocar.No es obligaci\u00f3n agregar el secundario y tampoco es necesario colocar la primaria o jard\u00edn. S\u00ed es vital agregar\u00a0<strong>becas, premios, olimp\u00edadas<\/strong>y participaciones relevantes. En cuanto a los cursos, mencionar s\u00f3lo aquellos que sumen valor.<\/li>\n<\/ol>\n<p>El CV no puede tener\u00a0<strong>ning\u00fan error de ortograf\u00eda<\/strong>\u00a0y debe estar en<strong>\u00a0formato pdf\u00a0<\/strong>identificado con nombre y apellido. De la misma manera, el\u00a0<strong>perfil de LinkedIn<\/strong>\u00a0debe estar actualizado, con la misma informaci\u00f3n.<\/p>\n<p>\u00abEs importante recordar que\u00a0el curr\u00edculum es la\u00a0<strong>carta de presentaci\u00f3n<\/strong>\u00a0\u201c<\/p>\n<hr \/>\n<p>Si quieres saber m\u00e1s sobre como armar tu CV, puede ingresar a: <a href=\"https:\/\/www.argentina.gob.ar\/trabajo\/preparate#2\">https:\/\/www.argentina.gob.ar\/trabajo\/preparate#2<\/a><\/p>\n\n        <\/div>\n    <\/div>\n<\/section>\n\n<section class=\"av_tab_section\"  itemscope=\"itemscope\" itemtype=\"https:\/\/schema.org\/CreativeWork\" >    <div data-fake-id=\"#tab-id-3\" class=\"tab \"  itemprop=\"headline\" ><span class='tab_icon' aria-hidden='true' data-av_icon='\ue81d' data-av_iconfont='entypo-fontello'><\/span>PREGUNTAS FRECUENTES DE GRADUADOS<\/div>\n    <div id=\"tab-id-3-container\" class=\"tab_content \">\n        <div class=\"tab_inner_content invers-color\"  itemprop=\"text\" >\n<p><strong>\u00bfC\u00f3mo cargar mi CV?<\/strong><\/p>\n<p>En la planilla de Google Drive que completes tendr\u00e1s la opci\u00f3n de adjuntar tu CV.<\/p>\n<p><strong>\u00bfC\u00f3mo actualizar mi CV, sin volver a cargar todos los datos?<\/strong><\/p>\n<p>Ingresando a la opci\u00f3n actualizar Mi CV<\/p>\n<p><strong>\u00bfC\u00f3mo s\u00e9 si los datos se guardaron correctamente?<\/strong><\/p>\n<p>Si has completado los datos obligatorios, cuando termines la carga aparecer\u00e1 el mensaje \u201cSe ha registrado tu respuesta\u201d<\/p>\n<p><strong>\u00bfC\u00f3mo me postulo para una vacante?<\/strong><\/p>\n<p>Completando la planilla correspondiente y cargando tu CV.<\/p>\n<p><strong>\u00bfC\u00f3mo consulto las vacantes laborales?<\/strong><\/p>\n<p>Se notificar\u00e1 cuando haya una vacante que se adapte a tu perfil, va a llegar a tu mail desde la cuenta bolsadetrabajo@unvm.edu.ar(no te olvides de revisar la carpeta de spam) y te llegar\u00e1 una notificaci\u00f3n a t\u00fa tel\u00e9fono que dejaste agendado, para que te presentes, con las condiciones para el puesto.<\/p>\n\n        <\/div>\n    <\/div>\n<\/section>\n\n<section class=\"av_tab_section\"  itemscope=\"itemscope\" itemtype=\"https:\/\/schema.org\/CreativeWork\" >    <div data-fake-id=\"#tab-id-4\" class=\"tab \"  itemprop=\"headline\" ><span class='tab_icon' aria-hidden='true' data-av_icon='\ue81c' data-av_iconfont='entypo-fontello'><\/span> PREGUNTAS FRECUENTES PARA EMPRESAS<\/div>\n    <div id=\"tab-id-4-container\" class=\"tab_content \">\n        <div class=\"tab_inner_content invers-color\"  itemprop=\"text\" >\n<p><strong>\u00bfC\u00f3mo hago para publicar una vacante laboral?<\/strong><\/p>\n<p>Ingresa a la pesta\u00f1a empresas y carga todos los datos en el formulario.<\/p>\n<p><strong>\u00bfC\u00f3mo hago para saber si se cargo de manera correcta la vacante laboral?<\/strong><\/p>\n<p>El equipo de la Bolsa de Trabajo se comunicar\u00e1 telef\u00f3nicamente o a trav\u00e9s de correo electr\u00f3nico con el objetivo de asesorarte en los procedimientos de este, y para validar la oferta.<\/p>\n<p><strong>\u00bfCu\u00e1ndo se publica la vacante?<\/strong><\/p>\n<p>Una vez contactados con la empresa, se proceder\u00e1 a publicar la vacante.<\/p>\n<p><strong>\u00bfC\u00f3mo cargar otra oferta de trabajo?<\/strong><\/p>\n<p>Ingresando a la opci\u00f3n cargar otra oferta<\/p>\n<p><strong>\u00bfC\u00f3mo me entero del\/de los postulantes?<\/strong><\/p>\n<p>La empresa o el o la encargado\/a de la b\u00fasqueda por partes de la empresa recibir\u00e1 un e-mail de la <a href=\"mailto:bolsadetrabajo@unvm.edu.ar\">bolsadetrabajo@unvm.edu.ar<\/a> con el o los CV de todos los postulantes afines a la demanda del puesto de trabajo.<\/p>\n\n        <\/div>\n    <\/div>\n<\/section>\n\n<section class=\"av_tab_section\"  itemscope=\"itemscope\" itemtype=\"https:\/\/schema.org\/CreativeWork\" >    <div data-fake-id=\"#tab-id-5\" class=\"tab \"  itemprop=\"headline\" ><span class='tab_icon' aria-hidden='true' data-av_icon='\ue836' data-av_iconfont='entypo-fontello'><\/span>CAPACITACIONES<\/div>\n    <div id=\"tab-id-5-container\" class=\"tab_content \">\n        <div class=\"tab_inner_content invers-color\"  itemprop=\"text\" >\n<ul>\n<li><strong>Taller en redacci\u00f3n de curr\u00edculum y cartas de presentaci\u00f3n<\/strong><strong>: <\/strong>Aprender\u00e1s a causar la mejor primera impresi\u00f3n y a adaptar tu presentaci\u00f3n a cada oportunidad laboral. (Muy pronto detalles del programa)<\/li>\n<li><strong>Entrevistas de trabajo &#8211; Simulacros y estrategias<\/strong><strong>: <\/strong>Te prepararemos para destacar en cada entrevista, manejando con seguridad y convicci\u00f3n las preguntas m\u00e1s frecuentes. (Detalles pr\u00f3ximamente)<\/li>\n<\/ul>\n<hr \/>\n<p><a href=\"https:\/\/extension.unvm.edu.ar\/?page_id=18290\">\u00c1REA DE FORMACI\u00d3N CONTINUA<\/a><\/p>\n<p><a href=\"https:\/\/basicas.unvm.edu.ar\/\">I.A.P. CS. B\u00c1SICAS<\/a><\/p>\n<p><a href=\"https:\/\/humanas.unvm.edu.ar\/\">I.A.P. CS. HUMANAS<\/a><\/p>\n<p><a href=\"http:\/\/sociales.unvm.edu.ar\/\">I.A.P. CS. SOCIALES<\/a><\/p>\n<p><a href=\"https:\/\/www.unvm.edu.ar\/obra\/\">OBRA &#8211; ESCUELA DE FORMACI\u00d3N PROFESIONAL UNVM<\/a><\/p>\n\n        <\/div>\n    <\/div>\n<\/section>\n\n<section class=\"av_tab_section\"  itemscope=\"itemscope\" itemtype=\"https:\/\/schema.org\/CreativeWork\" >    <div data-fake-id=\"#tab-id-6\" class=\"tab \"  itemprop=\"headline\" ><span class='tab_icon' aria-hidden='true' data-av_icon='\ue8c6' data-av_iconfont='entypo-fontello'><\/span>IDL<\/div>\n    <div id=\"tab-id-6-container\" class=\"tab_content \">\n        <div class=\"tab_inner_content invers-color\"  itemprop=\"text\" >\n<p class=\"av-special-heading-tag av-medium-font-size-overwrite av-medium-font-size-30 av-small-font-size-overwrite av-small-font-size-30 av-mini-font-size-overwrite av-mini-font-size-20\"><a href=\"http:\/\/oir.unvm.edu.ar\/estad-econo\/idl\/\">\u00cdNDICE DE DEMANDA LABORAL (IDL)<\/a><\/p>\n\n        <\/div>\n    <\/div>\n<\/section>\n\n<\/div>\n\n<div style='height:50px' class='hr hr-invisible  av-small-hide av-mini-hide '><span class='hr-inner ' ><span class='hr-inner-style'><\/span><\/span><\/div>\n<div class=\"flex_column av_one_half  av-animated-generic fade-in  flex_column_div av-zero-column-padding first  \" style='border-radius:0px; '><div class='avia-image-container avia_animated_image avia_animate_when_almost_visible fade-in av-styling-    avia-align-center '  itemprop=\"ImageObject\" itemscope=\"itemscope\" itemtype=\"https:\/\/schema.org\/ImageObject\"  ><div class='avia-image-container-inner'><div class='avia-image-overlay-wrap'><img class='avia_image ' src='https:\/\/extension.unvm.edu.ar\/wp-content\/uploads\/2023\/05\/8146-Convertido3-03.png' alt='' title='8146 [Convertido]3-03' height=\"495\"width=\"977\"  itemprop=\"thumbnailUrl\"  \/><\/div><\/div><\/div><\/div><div class=\"flex_column av_one_half  flex_column_div av-zero-column-padding   \" style='border-radius:0px; '><p><div style='padding-bottom:30px; color:#003b71;font-size:60px;' class='av-special-heading av-special-heading-h6 custom-color-heading blockquote modern-quote modern-centered   av-inherit-size '><h6 class='av-special-heading-tag '  itemprop=\"headline\"  >\u00a1Registrate!<\/h6><div class='special-heading-border'><div class='special-heading-inner-border' style='border-color:#003b71'><\/div><\/div><\/div><br \/>\n<div style='height:50px' class='hr hr-invisible  av-small-hide av-mini-hide '><span class='hr-inner ' ><span class='hr-inner-style'><\/span><\/span><\/div><br \/>\n<div style='height:25px' class='hr hr-invisible  av-desktop-hide av-medium-hide '><span class='hr-inner ' ><span class='hr-inner-style'><\/span><\/span><\/div><br \/>\n<div class='avia-buttonrow-wrap avia-buttonrow-center  '>\n<a href='https:\/\/docs.google.com\/forms\/d\/e\/1FAIpQLScvmdfVrFo79isBwv2Q7HdTz4mPa1o_JbmC4xukDnv898e6LA\/viewform?usp=sharing&amp;ouid=109305277682223962372'  class='avia-button av-icon-on-hover avia-icon_select-yes-left-icon avia-color-custom avia-size-large '  style='background-color:#003b71; border-color:#003b71; color:#ffffff; margin-bottom:5px; margin-left:3px; margin-right:3px; ' ><span class='avia_button_icon avia_button_icon_left ' aria-hidden='true' data-av_icon='\ue812' data-av_iconfont='entypo-fontello'><\/span><span class='avia_iconbox_title' >GRADUADXS UNVM<\/span><\/a>\n<a href=' https:\/\/forms.gle\/1sYGoic35CwND3BS7'  class='avia-button av-icon-on-hover avia-icon_select-yes-left-icon avia-color-custom avia-size-large '  style='background-color:#003b71; border-color:#003b71; color:#ffffff; margin-bottom:5px; margin-left:3px; margin-right:3px; ' ><span class='avia_button_icon avia_button_icon_left ' aria-hidden='true' data-av_icon='\ue812' data-av_iconfont='entypo-fontello'><\/span><span class='avia_iconbox_title' >POSTULANTE OBRA<\/span><\/a>\n<a href='https:\/\/forms.gle\/4tA2MhkyXVmpzvJE8'  class='avia-button av-icon-on-hover avia-icon_select-yes-left-icon avia-color-custom avia-size-large '  style='background-color:#003b71; border-color:#003b71; color:#ffffff; margin-bottom:5px; margin-left:3px; margin-right:3px; ' ><span class='avia_button_icon avia_button_icon_left ' aria-hidden='true' data-av_icon='\ue812' data-av_iconfont='entypo-fontello'><\/span><span class='avia_iconbox_title' >EMPRESAS<\/span><\/a>\n<\/div><br \/>\n<div style='height:50px' class='hr hr-invisible  av-small-hide av-mini-hide '><span class='hr-inner ' ><span class='hr-inner-style'><\/span><\/span><\/div><\/p><\/div><div style='height:50px' class='hr hr-invisible  av-small-hide av-mini-hide '><span class='hr-inner ' ><span class='hr-inner-style'><\/span><\/span><\/div>\n<div style='height:25px' class='hr hr-invisible  av-desktop-hide av-medium-hide '><span class='hr-inner ' ><span class='hr-inner-style'><\/span><\/span><\/div>\n<div class='flex_column_table av-equal-height-column-flextable -flextable' ><div class=\"flex_column av_one_half  flex_column_table_cell av-equal-height-column av-align-middle av-zero-column-padding first  \" style='border-radius:0px; '><p><div style='height:50px' class='hr hr-invisible  av-small-hide av-mini-hide '><span class='hr-inner ' ><span class='hr-inner-style'><\/span><\/span><\/div><br \/>\n<div style='height:25px' class='hr hr-invisible  av-desktop-hide av-medium-hide '><span class='hr-inner ' ><span class='hr-inner-style'><\/span><\/span><\/div><br \/>\n<article class=\"iconbox iconbox_top main_color    \"  itemscope=\"itemscope\" itemtype=\"https:\/\/schema.org\/CreativeWork\" ><div class=\"iconbox_content\"><header class=\"entry-content-header\"><div class=\"iconbox_icon heading-color \" aria-hidden='true' data-av_icon='\ue805' data-av_iconfont='entypo-fontello'  style='background-color:#003b71; ' ><\/div><h3 class='iconbox_content_title '  itemprop=\"headline\"  >bolsadetrabajo@unvm.edu.ar<\/h3><\/header><div class='iconbox_content_container  '  itemprop=\"text\"  ><p>Whatsapp: 3534 40-4908<\/p>\n<\/div><\/div><footer class=\"entry-footer\"><\/footer><\/article><\/p><\/div><\/div><!--close column table wrapper. Autoclose: 1 --><div class='flex_column_table av-equal-height-column-flextable -flextable' ><div class='av-flex-placeholder'><\/div><div class=\"flex_column av_one_half  av-animated-generic right-to-left  flex_column_table_cell av-equal-height-column av-align-middle av-zero-column-padding   \" style='border-radius:0px; '><p><div class='avia-image-container avia_animated_image avia_animate_when_almost_visible right-to-left av-styling-    avia-align-center '  itemprop=\"ImageObject\" itemscope=\"itemscope\" itemtype=\"https:\/\/schema.org\/ImageObject\"  ><div class='avia-image-container-inner'><div class='avia-image-overlay-wrap'><img class='avia_image ' src='https:\/\/extension.unvm.edu.ar\/wp-content\/uploads\/2023\/06\/logos-2.png' alt='' title='logos 2' height=\"212\"width=\"1026\"  itemprop=\"thumbnailUrl\"  \/><\/div><\/div><\/div><br \/>\n<div style='height:25px' class='hr hr-invisible  av-small-hide av-mini-hide '><span class='hr-inner ' ><span class='hr-inner-style'><\/span><\/span><\/div><br \/>\n<div style='height:25px' class='hr hr-invisible  av-desktop-hide av-medium-hide '><span class='hr-inner ' ><span class='hr-inner-style'><\/span><\/span><\/div><\/p><\/div><\/div><!--close column table wrapper. Autoclose: 1 --><div class=\"flex_column av_one_full  flex_column_div av-zero-column-padding first  \" style='border-radius:0px; '><div class='avia-image-container  av-styling-    avia-align-center '  itemprop=\"ImageObject\" itemscope=\"itemscope\" itemtype=\"https:\/\/schema.org\/ImageObject\"  ><div class='avia-image-container-inner'><div class='avia-image-overlay-wrap'><img class='avia_image ' src='https:\/\/extension.unvm.edu.ar\/wp-content\/uploads\/2024\/09\/logos-marcas-31.png' alt='' title='logos marcas-31' height=\"452\"width=\"3427\"  itemprop=\"thumbnailUrl\"  \/><\/div><\/div><\/div><\/div><\/div><\/div><\/div><!-- close content main div --><\/div><\/div><\/div><div id='after_section_1' class='main_color av_default_container_wrap container_wrap sidebar_right'   ><div class='container' ><div class='template-page content  av-content-small alpha units'><div class='post-entry post-entry-type-page post-entry-24721'><div class='entry-content-wrapper clearfix'><\/div><\/div><\/div><!-- close content main div --><\/div><\/div><div id='av_section_2' class='avia-section main_color avia-section-default avia-no-shadow avia-full-stretch av-parallax-section av-section-color-overlay-active avia-bg-style-parallax   av-minimum-height av-minimum-height-25 container_wrap sidebar_right'  data-section-bg-repeat='stretch' ><div class='av-parallax' data-avia-parallax-ratio='0.3' ><div class='av-parallax-inner main_color  avia-full-stretch' style = 'background-repeat: no-repeat; background-image: url(http:\/\/humanas.unvm.edu.ar\/wp-content\/uploads\/2018\/08\/1-1.jpg);background-attachment: scroll; background-position: center center; ' ><\/div><\/div><div class='av-section-color-overlay-wrap'><div class='av-section-color-overlay' style='opacity: 0.5; background-color: #003f7a; '><\/div><div class='container' ><div class='template-page content  av-content-small alpha units'><div class='post-entry post-entry-type-page post-entry-24721'><div class='entry-content-wrapper clearfix'><\/div><\/div><\/div><!-- close content main div --><\/div><\/div><\/div><div id='after_section_2' class='main_color av_default_container_wrap container_wrap sidebar_right'   ><div class='container' ><div class='template-page content  av-content-small alpha units'><div class='post-entry post-entry-type-page post-entry-24721'><div class='entry-content-wrapper clearfix'><\/p>\n","protected":false},"excerpt":{"rendered":"","protected":false},"author":12,"featured_media":0,"parent":0,"menu_order":0,"comment_status":"closed","ping_status":"closed","template":"","meta":{"_exactmetrics_skip_tracking":false,"_exactmetrics_sitenote_active":false,"_exactmetrics_sitenote_note":"","_exactmetrics_sitenote_category":0,"footnotes":""},"class_list":["post-24721","page","type-page","status-publish","hentry"],"_links":{"self":[{"href":"https:\/\/extension.unvm.edu.ar\/index.php?rest_route=\/wp\/v2\/pages\/24721"}],"collection":[{"href":"https:\/\/extension.unvm.edu.ar\/index.php?rest_route=\/wp\/v2\/pages"}],"about":[{"href":"https:\/\/extension.unvm.edu.ar\/index.php?rest_route=\/wp\/v2\/types\/page"}],"author":[{"embeddable":true,"href":"https:\/\/extension.unvm.edu.ar\/index.php?rest_route=\/wp\/v2\/users\/12"}],"replies":[{"embeddable":true,"href":"https:\/\/extension.unvm.edu.ar\/index.php?rest_route=%2Fwp%2Fv2%2Fcomments&post=24721"}],"version-history":[{"count":39,"href":"https:\/\/extension.unvm.edu.ar\/index.php?rest_route=\/wp\/v2\/pages\/24721\/revisions"}],"predecessor-version":[{"id":30239,"href":"https:\/\/extension.unvm.edu.ar\/index.php?rest_route=\/wp\/v2\/pages\/24721\/revisions\/30239"}],"wp:attachment":[{"href":"https:\/\/extension.unvm.edu.ar\/index.php?rest_route=%2Fwp%2Fv2%2Fmedia&parent=24721"}],"curies":[{"name":"wp","href":"https:\/\/api.w.org\/{rel}","templated":true}]}}