{"id":23724,"date":"2023-01-27T15:31:50","date_gmt":"2023-01-27T15:31:50","guid":{"rendered":"https:\/\/extension.unvm.edu.ar\/?page_id=23724"},"modified":"2025-08-06T13:21:32","modified_gmt":"2025-08-06T13:21:32","slug":"curso-de-oratoria-y-protocolo-2023","status":"publish","type":"page","link":"https:\/\/extension.unvm.edu.ar\/?page_id=23724","title":{"rendered":"Curso de ORATORIA y PROTOCOLO 2025"},"content":{"rendered":"<\/div><\/div><\/div><!-- close content main div --><\/div><\/div><div id='av_section_1' class='avia-section main_color avia-section-large avia-no-border-styling avia-bg-style-scroll   container_wrap sidebar_right' style = 'background-repeat: repeat; background-image: url(https:\/\/extension.unvm.edu.ar\/wp-content\/uploads\/2023\/01\/black-microphone-in-conference-room.jpg);background-attachment: scroll; background-position: top center; ' data-section-bg-repeat='repeat' ><div class='av-section-color-overlay-wrap'><a href='#next-section' title='' class='scroll-down-link '  aria-hidden='true' data-av_icon='\ue877' data-av_iconfont='entypo-fontello'><\/a><div class='container' ><div class='template-page content  av-content-small alpha units'><div class='post-entry post-entry-type-page post-entry-23724'><div class='entry-content-wrapper clearfix'>\n<div style='height:50px' class='hr hr-invisible  '><span class='hr-inner ' ><span class='hr-inner-style'><\/span><\/span><\/div>\n<div class='flex_column_table av-equal-height-column-flextable -flextable' ><div class=\"flex_column av_one_full  flex_column_table_cell av-equal-height-column av-align-middle av-zero-column-padding first  \" style='border-radius:0px; '><div class='avia-image-container  av-styling-    avia-align-center '  itemprop=\"ImageObject\" itemscope=\"itemscope\" itemtype=\"https:\/\/schema.org\/ImageObject\"  ><div class='avia-image-container-inner'><div class='avia-image-overlay-wrap'><img class='avia_image ' src='https:\/\/extension.unvm.edu.ar\/wp-content\/uploads\/2025\/02\/ORATORIA-WEB.png' alt='' title='ORATORIA WEB' height=\"321\"width=\"1084\"  itemprop=\"thumbnailUrl\"  \/><\/div><\/div><\/div><\/div><\/div><!--close column table wrapper. Autoclose: 1 --><div style='height:50px' class='hr hr-invisible  '><span class='hr-inner ' ><span class='hr-inner-style'><\/span><\/span><\/div>\n<\/div><\/div><\/div><!-- close content main div --><\/div><\/div><\/div><div id='after_section_1' class='main_color av_default_container_wrap container_wrap sidebar_right'   ><div class='container' ><div class='template-page content  av-content-small alpha units'><div class='post-entry post-entry-type-page post-entry-23724'><div class='entry-content-wrapper clearfix'>\n<div style='height:50px' class='hr hr-invisible  '><span class='hr-inner ' ><span class='hr-inner-style'><\/span><\/span><\/div>\n<section class=\"av_textblock_section \"  itemscope=\"itemscope\" itemtype=\"https:\/\/schema.org\/CreativeWork\" ><div class='avia_textblock  av_inherit_color '  style='color:#976838; '  itemprop=\"text\" ><h4>Docentes:<b><span style=\"font-weight: 400;\">\u00a0Lic. Melisa Tagliabue &#8211; Lic. Carla Caravaca<\/span><\/b><\/h4>\n<\/div><\/section>\n<div class=\"togglecontainer   toggle_close_all \" >\n<section class=\"av_toggle_section\"  itemscope=\"itemscope\" itemtype=\"https:\/\/schema.org\/CreativeWork\"  >    <div class=\"single_toggle\" data-tags=\"{Todo} \"  >        <p data-fake-id=\"#toggle-id-1\" class=\"toggler  av-inherit-font-color \"  itemprop=\"headline\"  style='background-color: #976838; color: #ffffff; '>Objetivos<span class=\"toggle_icon\" style='border-color:#ffffff;'>        <span class=\"vert_icon\"><\/span><span class=\"hor_icon\"><\/span><\/span><\/p>        <div id=\"toggle-id-1-container\" class=\"toggle_wrap \"  >            <div class=\"toggle_content invers-color  av-inherit-font-color \"  itemprop=\"text\"  style='background-color: #976838; color: #ffffff; ' ><p>\u2022 Capacitar acerca de las cuestiones principales en cuanto a la oratoria y la organizaci\u00f3n de eventos<br \/>\n\u2022 Ense\u00f1ar las herramientas principales para la aplicaci\u00f3n de la oratoria<br \/>\n\u2022 Aplicar las diversas t\u00e9cnicas para superar las circunstancias moment\u00e1neas.<br \/>\n\u2022 Ense\u00f1ar las herramientas principales para la aplicaci\u00f3n del ceremonial y protocolo<\/p>\n            <\/div>        <\/div>    <\/div><\/section>\n<section class=\"av_toggle_section\"  itemscope=\"itemscope\" itemtype=\"https:\/\/schema.org\/CreativeWork\"  >    <div class=\"single_toggle\" data-tags=\"{Todo} \"  >        <p data-fake-id=\"#toggle-id-2\" class=\"toggler  av-inherit-font-color \"  itemprop=\"headline\"  style='background-color: #976838; color: #ffffff; '>Destinatarios\/as<span class=\"toggle_icon\" style='border-color:#ffffff;'>        <span class=\"vert_icon\"><\/span><span class=\"hor_icon\"><\/span><\/span><\/p>        <div id=\"toggle-id-2-container\" class=\"toggle_wrap \"  >            <div class=\"toggle_content invers-color  av-inherit-font-color \"  itemprop=\"text\"  style='background-color: #976838; color: #ffffff; ' ><ul>\n<li>P\u00fablico en general<\/li>\n<\/ul>\n            <\/div>        <\/div>    <\/div><\/section>\n<section class=\"av_toggle_section\"  itemscope=\"itemscope\" itemtype=\"https:\/\/schema.org\/CreativeWork\"  >    <div class=\"single_toggle\" data-tags=\"{Todo} \"  >        <p data-fake-id=\"#toggle-id-3\" class=\"toggler  av-inherit-font-color \"  itemprop=\"headline\"  style='background-color: #976838; color: #ffffff; '>Contenido<span class=\"toggle_icon\" style='border-color:#ffffff;'>        <span class=\"vert_icon\"><\/span><span class=\"hor_icon\"><\/span><\/span><\/p>        <div id=\"toggle-id-3-container\" class=\"toggle_wrap \"  >            <div class=\"toggle_content invers-color  av-inherit-font-color \"  itemprop=\"text\"  style='background-color: #976838; color: #ffffff; ' ><p><strong>Primera Parte: Oratoria<\/strong><\/p>\n<p>\u2022 La importancia de la comunicaci\u00f3n<br \/>\n\u2022 Introducci\u00f3n a la oratoria<br \/>\n\u2022 Miedo Oratorio<br \/>\n\u2022 Reglas del buen hablar<br \/>\n\u2022 La comunicaci\u00f3n del cuerpo \/ aspecto personal\/ vestimenta<br \/>\n\u2022 Preparaci\u00f3n del mensaje y el discurso.<br \/>\n\u2022 Improvisaci\u00f3n<br \/>\n\u2022 Uso de la voz y sus cualidades<br \/>\n\u2022 Liderazgo<\/p>\n<p><strong>Segunda Parte:<\/strong> Cuestiones B\u00e1sicas de Organizaci\u00f3n de Eventos, Ceremonial y Protocolo<\/p>\n<p>\u2022 \u00bfC\u00f3mo nace un acto?<br \/>\n\u2022 Conceptos principales: Organizaci\u00f3n de Eventos, Ceremonial, Protocolo<br \/>\n\u2022 Reglas Log\u00edsticas<br \/>\n\u2022 Anfitri\u00f3n \/ Due\u00f1o de Casa<br \/>\n\u2022 Precedencia<br \/>\n\u2022 Centro m\u00e9trico<br \/>\n\u2022 Conceptos de la Derecha<br \/>\n\u2022 Leyes de ordenamiento<br \/>\n\u2022 Ubicaci\u00f3n de banderas y mobiliario en actos<br \/>\n\u2022 Recomendaciones y sugerencias para recepci\u00f3n de autoridades y actos oficiales<br \/>\n\u2022 Usos y costumbres, legislaci\u00f3n vigente y sentido com\u00fan<\/p>\n<p><a href=\"https:\/\/drive.google.com\/file\/d\/15llGOMLlzLkSgzwJTV1CTQYDEKu6-Mc3\/view?usp=sharing\">Descargar el programa<\/a><\/p>\n            <\/div>        <\/div>    <\/div><\/section>\n<section class=\"av_toggle_section\"  itemscope=\"itemscope\" itemtype=\"https:\/\/schema.org\/CreativeWork\"  >    <div class=\"single_toggle\" data-tags=\"{Todo} \"  >        <p data-fake-id=\"#toggle-id-4\" class=\"toggler  av-inherit-font-color \"  itemprop=\"headline\"  style='background-color: #976838; color: #ffffff; '>Modalidad<span class=\"toggle_icon\" style='border-color:#ffffff;'>        <span class=\"vert_icon\"><\/span><span class=\"hor_icon\"><\/span><\/span><\/p>        <div id=\"toggle-id-4-container\" class=\"toggle_wrap \"  >            <div class=\"toggle_content invers-color  av-inherit-font-color \"  itemprop=\"text\"  style='background-color: #976838; color: #ffffff; ' ><p>Presencial con contenidos te\u00f3ricos \/ pr\u00e1cticos. Diez encuentros de dos horas, con presentaci\u00f3n de trabajo final, en el Instituto de Extensi\u00f3n de la Universidad Nacional Villa Mar\u00eda (Santiago del Estero 1365, Villa Mar\u00eda).<\/p>\n            <\/div>        <\/div>    <\/div><\/section>\n<\/div>\n<div style='height:50px' class='hr hr-invisible  '><span class='hr-inner ' ><span class='hr-inner-style'><\/span><\/span><\/div>\n<\/div><\/div><\/div><!-- close content main div --><\/div><\/div><div id='av_section_2' class='avia-section main_color avia-section-no-padding avia-no-border-styling avia-bg-style-scroll   container_wrap sidebar_right' style = 'background-color: #976838; background-repeat: repeat; background-image: url(https:\/\/extension.unvm.edu.ar\/wp-content\/uploads\/2023\/01\/wedding-planner.jpg);background-attachment: scroll; background-position: top left; ' data-section-bg-repeat='repeat' ><div class='av-section-color-overlay-wrap'><a href='#next-section' title='' class='scroll-down-link '  aria-hidden='true' data-av_icon='\ue877' data-av_iconfont='entypo-fontello'><\/a><div class='container' ><div class='template-page content  av-content-small alpha units'><div class='post-entry post-entry-type-page post-entry-23724'><div class='entry-content-wrapper clearfix'>\n<div style='height:50px' class='hr hr-invisible  '><span class='hr-inner ' ><span class='hr-inner-style'><\/span><\/span><\/div>\n<div class=\"flex_column av_one_half  flex_column_div av-zero-column-padding first  \" style='border-radius:0px; '><article class=\"iconbox iconbox_top main_color    \"  itemscope=\"itemscope\" itemtype=\"https:\/\/schema.org\/CreativeWork\" ><div class=\"iconbox_content\"><header class=\"entry-content-header\"><div class=\"iconbox_icon heading-color \" aria-hidden='true' data-av_icon='\ue811' data-av_iconfont='entypo-fontello'  style='background-color:#976838; color:#ffffff; ' ><\/div><h3 class='iconbox_content_title '  itemprop=\"headline\"   style='color:#976838; '>INSCRIPCIONES<\/h3><\/header><div class='iconbox_content_container  '  itemprop=\"text\"  ><p><a href=\"https:\/\/forms.gle\/GSrnDxZVmtay8kqh6\">Inscripci\u00f3n<\/a><\/p>\n<p><span style=\"color: #000000;\">CUPO LIMITADO<\/span><\/p>\n<\/div><\/div><footer class=\"entry-footer\"><\/footer><\/article><\/div><div class=\"flex_column av_one_half  flex_column_div av-zero-column-padding   \" style='border-radius:0px; '><article class=\"iconbox iconbox_top main_color    \"  itemscope=\"itemscope\" itemtype=\"https:\/\/schema.org\/CreativeWork\" ><div class=\"iconbox_content\"><header class=\"entry-content-header\"><div class=\"iconbox_icon heading-color \" aria-hidden='true' data-av_icon='\ue862' data-av_iconfont='entypo-fontello'  style='background-color:#976838; ' ><\/div><h3 class='iconbox_content_title '  itemprop=\"headline\"   style='color:#976838; '>DURACI\u00d3N<\/h3><\/header><div class='iconbox_content_container  '  itemprop=\"text\"  ><p><span style=\"color: #000000;\">10 clases<\/span><\/p>\n<p>20 hs.<\/p>\n<\/div><\/div><footer class=\"entry-footer\"><\/footer><\/article><\/div><div class=\"flex_column av_one_half  flex_column_div av-zero-column-padding first  \" style='border-radius:0px; '><article class=\"iconbox iconbox_top main_color    \"  itemscope=\"itemscope\" itemtype=\"https:\/\/schema.org\/CreativeWork\" ><div class=\"iconbox_content\"><header class=\"entry-content-header\"><div class=\"iconbox_icon heading-color \" aria-hidden='true' data-av_icon='\ue85b' data-av_iconfont='entypo-fontello'  style='background-color:#976838; ' ><\/div><h3 class='iconbox_content_title '  itemprop=\"headline\"   style='color:#976838; '>INICIO DE CLASES<\/h3><\/header><div class='iconbox_content_container  '  itemprop=\"text\"  ><p>S\u00e1bado 13 de septiembre<\/p>\n<p>Todos los s\u00e1bados de 10 a 12 en el Instituto de Extensi\u00f3n (Santiago del Estero 1365)<\/p>\n<\/div><\/div><footer class=\"entry-footer\"><\/footer><\/article><\/div><div class=\"flex_column av_one_half  flex_column_div av-zero-column-padding   \" style='border-radius:0px; '><article class=\"iconbox iconbox_top main_color    \"  itemscope=\"itemscope\" itemtype=\"https:\/\/schema.org\/CreativeWork\" ><div class=\"iconbox_content\"><header class=\"entry-content-header\"><div class=\"iconbox_icon heading-color \" aria-hidden='true' data-av_icon='\ue8cf' data-av_iconfont='entypo-fontello'  style='background-color:#976838; ' ><\/div><h3 class='iconbox_content_title '  itemprop=\"headline\"   style='color:#976838; '>INVERSI\u00d3N<\/h3><\/header><div class='iconbox_content_container  '  itemprop=\"text\"  ><p><span data-sheets-root=\"1\">Pago Contado: $ 60.000<br \/>\nPago Comunidad Universitaria: $48.000<\/span><\/p>\n<\/div><\/div><footer class=\"entry-footer\"><\/footer><\/article><\/div><div style='height:50px' class='hr hr-invisible  '><span class='hr-inner ' ><span class='hr-inner-style'><\/span><\/span><\/div>\n<\/div><\/div><\/div><!-- close content main div --><\/div><\/div><\/div><div id='after_section_2' class='main_color av_default_container_wrap container_wrap sidebar_right'   ><div class='container' ><div class='template-page content  av-content-small alpha units'><div class='post-entry post-entry-type-page post-entry-23724'><div class='entry-content-wrapper clearfix'>\n<div style='height:50px' class='hr hr-invisible  '><span class='hr-inner ' ><span class='hr-inner-style'><\/span><\/span><\/div>\n<div class='avia-button-wrap avia-button-center '><a href='https:\/\/wa.link\/cmza7m'  class='avia-button   avia-icon_select-no avia-color-custom avia-size-x-large avia-position-center '  target=\"_blank\"  style='background-color:#976838; border-color:#976838; color:#ffffff; ' ><span class='avia_iconbox_title' >WHATSAPP<\/span><\/a><\/div>\n<div style='height:50px' class='hr hr-invisible  '><span class='hr-inner ' ><span class='hr-inner-style'><\/span><\/span><\/div>\n<div class='avia-button-wrap avia-button-center '><a href=''  class='avia-button   avia-icon_select-yes-left-icon avia-color-custom avia-size-medium avia-position-center '  style='background-color:#976838; border-color:#976838; color:#ffffff; ' ><span class='avia_button_icon avia_button_icon_left ' aria-hidden='true' data-av_icon='\ue880' data-av_iconfont='entypo-fontello'><\/span><span class='avia_iconbox_title' >Volver <\/span><\/a><\/div>\n<div style='height:50px' class='hr hr-invisible  '><span class='hr-inner ' ><span class='hr-inner-style'><\/span><\/span><\/div>\n<\/div><\/div><\/div><!-- close content main div --><\/div><\/div><div id='av_section_3' class='avia-section main_color avia-section-default avia-no-shadow av-section-color-overlay-active avia-bg-style-fixed   av-minimum-height av-minimum-height-25 container_wrap sidebar_right' style = 'background-repeat: no-repeat; background-image: url(https:\/\/extension.unvm.edu.ar\/wp-content\/uploads\/2023\/01\/black-microphone-in-conference-room.jpg);background-attachment: fixed; background-position: center center; ' data-section-bg-repeat='no-repeat' ><div class='av-section-color-overlay-wrap'><div class='av-section-color-overlay' style='opacity: 0.5; background-color: #003f7a; '><\/div><div class='container' ><div class='template-page content  av-content-small alpha units'><div class='post-entry post-entry-type-page post-entry-23724'><div class='entry-content-wrapper clearfix'><\/div><\/div><\/div><!-- close content main div --><\/div><\/div><\/div><div id='after_section_3' class='main_color av_default_container_wrap container_wrap sidebar_right'   ><div class='container' ><div class='template-page content  av-content-small alpha units'><div class='post-entry post-entry-type-page post-entry-23724'><div class='entry-content-wrapper clearfix'>\n","protected":false},"excerpt":{"rendered":"","protected":false},"author":12,"featured_media":0,"parent":0,"menu_order":0,"comment_status":"closed","ping_status":"closed","template":"","meta":{"_exactmetrics_skip_tracking":false,"_exactmetrics_sitenote_active":false,"_exactmetrics_sitenote_note":"","_exactmetrics_sitenote_category":0,"footnotes":""},"class_list":["post-23724","page","type-page","status-publish","hentry"],"_links":{"self":[{"href":"https:\/\/extension.unvm.edu.ar\/index.php?rest_route=\/wp\/v2\/pages\/23724"}],"collection":[{"href":"https:\/\/extension.unvm.edu.ar\/index.php?rest_route=\/wp\/v2\/pages"}],"about":[{"href":"https:\/\/extension.unvm.edu.ar\/index.php?rest_route=\/wp\/v2\/types\/page"}],"author":[{"embeddable":true,"href":"https:\/\/extension.unvm.edu.ar\/index.php?rest_route=\/wp\/v2\/users\/12"}],"replies":[{"embeddable":true,"href":"https:\/\/extension.unvm.edu.ar\/index.php?rest_route=%2Fwp%2Fv2%2Fcomments&post=23724"}],"version-history":[{"count":26,"href":"https:\/\/extension.unvm.edu.ar\/index.php?rest_route=\/wp\/v2\/pages\/23724\/revisions"}],"predecessor-version":[{"id":29580,"href":"https:\/\/extension.unvm.edu.ar\/index.php?rest_route=\/wp\/v2\/pages\/23724\/revisions\/29580"}],"wp:attachment":[{"href":"https:\/\/extension.unvm.edu.ar\/index.php?rest_route=%2Fwp%2Fv2%2Fmedia&parent=23724"}],"curies":[{"name":"wp","href":"https:\/\/api.w.org\/{rel}","templated":true}]}}