{"id":23355,"date":"2022-10-19T14:42:55","date_gmt":"2022-10-19T14:42:55","guid":{"rendered":"https:\/\/extension.unvm.edu.ar\/?page_id=23355"},"modified":"2025-03-27T15:34:31","modified_gmt":"2025-03-27T15:34:31","slug":"tramitacion-de-becas","status":"publish","type":"page","link":"https:\/\/extension.unvm.edu.ar\/?page_id=23355","title":{"rendered":"Tramitaci\u00f3n de becas"},"content":{"rendered":"<\/div><\/div><\/div><!-- close content main div --><\/div><\/div><div id='av_section_1' class='avia-section main_color avia-section-large avia-no-border-styling avia-bg-style-scroll   container_wrap sidebar_right' style = 'background-image: '  ><div class='container' ><div class='template-page content  av-content-small alpha units'><div class='post-entry post-entry-type-page post-entry-23355'><div class='entry-content-wrapper clearfix'>\n<div class='flex_column_table av-equal-height-column-flextable -flextable' ><div class=\"flex_column av_two_third  flex_column_table_cell av-equal-height-column av-align-middle av-zero-column-padding first  \" style='border-radius:0px; '><p><div style='height:50px' class='hr hr-invisible  '><span class='hr-inner ' ><span class='hr-inner-style'><\/span><\/span><\/div><br \/>\n<div style='padding-bottom:30px; color:#5d5fe3;font-size:50px;' class='av-special-heading av-special-heading-h1 custom-color-heading blockquote modern-quote  av-inherit-size '><h1 class='av-special-heading-tag '  itemprop=\"headline\"  >BECAS<\/h1><div class ='av-subheading av-subheading_below av_custom_color ' style='font-size:25px;'><p>Cada proyecto podr\u00e1 disponer de la figura de Becarios\/as destinadas a estudiantes y graduados\/as de la Universidad Nacional de Villa Mar\u00eda que desempe\u00f1en actividades en el marco de Proyectos de Extensi\u00f3n con el fin de fortalecer las actividades extensionistas y el desarrollo territorial. Para ello, deber\u00e1 planificarlo en su presupuesto.<\/p>\n<\/div><div class='special-heading-border'><div class='special-heading-inner-border' style='border-color:#5d5fe3'><\/div><\/div><\/div><\/p><\/div><\/div><!--close column table wrapper. Autoclose: 1 --><div class='flex_column_table av-equal-height-column-flextable -flextable' ><div class='av-flex-placeholder'><\/div><div class=\"flex_column av_one_third  flex_column_table_cell av-equal-height-column av-align-middle av-zero-column-padding   \" style='border-radius:0px; '><div class='avia-image-container  av-styling-    avia-align-center '  itemprop=\"ImageObject\" itemscope=\"itemscope\" itemtype=\"https:\/\/schema.org\/ImageObject\"  ><div class='avia-image-container-inner'><div class='avia-image-overlay-wrap'><a href='https:\/\/extension.unvm.edu.ar\/?page_id=18290' class='avia_image'  ><img class='avia_image ' src='https:\/\/extension.unvm.edu.ar\/wp-content\/uploads\/2022\/10\/Sin-t\u00edtulo-2-02-300x269.png' alt='' title='Sin t\u00edtulo-2-02'  itemprop=\"thumbnailUrl\"  \/><\/a><\/div><\/div><\/div><\/div><\/div><!--close column table wrapper. Autoclose: 1 -->\n<\/div><\/div><\/div><!-- close content main div --><\/div><\/div><div id='after_section_1' class='main_color av_default_container_wrap container_wrap sidebar_right'   ><div class='container' ><div class='template-page content  av-content-small alpha units'><div class='post-entry post-entry-type-page post-entry-23355'><div class='entry-content-wrapper clearfix'>\n<\/div><\/div><\/div><!-- close content main div --><\/div><\/div><div id='av_section_2' class='avia-section main_color avia-section-no-padding avia-no-border-styling avia-bg-style-scroll   container_wrap sidebar_right' style = 'background-image: '  ><div class='av-section-color-overlay-wrap'><a href='#next-section' title='' class='scroll-down-link '  aria-hidden='true' data-av_icon='\ue877' data-av_iconfont='entypo-fontello'><\/a><div class='container' ><div class='template-page content  av-content-small alpha units'><div class='post-entry post-entry-type-page post-entry-23355'><div class='entry-content-wrapper clearfix'>\n<div class=\"togglecontainer   toggle_close_all \" >\n<section class=\"av_toggle_section\"  itemscope=\"itemscope\" itemtype=\"https:\/\/schema.org\/CreativeWork\"  >    <div class=\"single_toggle\" data-tags=\"{Todo} \"  >        <p data-fake-id=\"#toggle-id-1\" class=\"toggler  av-inherit-font-color  av-inherit-border-color \"  itemprop=\"headline\"  style='color: #5d5fe3; border-color: #ff5d76; '>Tramitaci\u00f3n<span class=\"toggle_icon\" style='border-color:#5d5fe3;'>        <span class=\"vert_icon\"><\/span><span class=\"hor_icon\"><\/span><\/span><\/p>        <div id=\"toggle-id-1-container\" class=\"toggle_wrap \"  >            <div class=\"toggle_content invers-color  av-inherit-font-color  av-inherit-border-color \"  itemprop=\"text\"  style='color: #5d5fe3; border-color: #ff5d76; ' ><p><strong><u>Tramitaci\u00f3n Becas:<\/u><\/strong><\/p>\n<p>En el caso de los proyectos que contemplen el pago de becas se deber\u00e1 tener en cuenta lo siguiente:<\/p>\n<p>El director del proyecto deber\u00e1 depositar en la Tesorer\u00eda de la UNVM el monto total correspondiente al pago de becas, imput\u00e1ndose el mismo como Fondo de Terceros. El recibo original emitido por la Tesorer\u00eda quedara en poder del director y deber\u00e1 ser incorporado en la rendici\u00f3n de cuentas final.<\/p>\n<p>El pago de becas se tramita por Expediente Administrativo. A los fines de poder realizar este tr\u00e1mite se necesitar\u00e1 contar con todos los datos personales del becario (Nombre y Apellido, DNI, N\u00famero de legajo, Constancia de alumno regular, periodo de la beca, importe mensual, actividad que llevara a cabo, cantidad de horas de trabajo, CBU \u2013 Clave Bancaria Uniforme \u2013 para transferencia del pago correspondiente).<\/p>\n<p>El pago de becas se realiza desde la Tesorer\u00eda de la Universidad una vez que se cuente con la Resoluci\u00f3n Rectoral correspondiente. A continuaci\u00f3n detallamos la documentaci\u00f3n solicitada para tal fin:<\/p>\n<p>1- Depositar el monto total destinado a Becas en el Proyecto (<strong>CBU: 0340341700341617626006; Alias: ECONOMICA.RECAUDA<\/strong>). Solicitar recibo a tesoreria@unvm.edu.ar.<\/p>\n<p>2- Enviar una nota dirigida a la Directora del Instituto de Extensi\u00f3n indicando el nombre del proyecto, nombre completo de los\/as estudiantes o graduados\/as beneficiarios\/as de becas, DNI, monto unitario por beca y monto total, actividad que llevar\u00e1 a cabo y cantidad de horas de trabajo.<\/p>\n<p>3- Adjuntar toda la documentaci\u00f3n solicitada:<\/p>\n<ul>\n<li>Adjuntar CBU de Becarios\/as<\/li>\n<li>Constancias de alumnos\/as regulares de los\/as estudiantes o certificado anal\u00edtico de los\/as graduados\/as que percibir\u00e1n becas.<\/li>\n<li>Recibo emitido por la Tesorer\u00eda (punto 1)<\/li>\n<li>Nota solicitando el pago de la beca (punto 2)<\/li>\n<\/ul>\n<p>4- Toda la documentaci\u00f3n solicitada debe ser remitida a\u00a0<strong>patriciachiavassa@gmail.com<\/strong>. Una vez recibida la documentaci\u00f3n, se solicitar\u00e1 al RECTORADO la Resoluci\u00f3n que habilite el pago a los\/as becarios\/as.<\/p>\n            <\/div>        <\/div>    <\/div><\/section>\n<section class=\"av_toggle_section\"  itemscope=\"itemscope\" itemtype=\"https:\/\/schema.org\/CreativeWork\"  >    <div class=\"single_toggle\" data-tags=\"{Todo} \"  >        <p data-fake-id=\"#toggle-id-2\" class=\"toggler  av-inherit-font-color  av-inherit-border-color \"  itemprop=\"headline\"  style='color: #5d5fe3; border-color: #ff5d76; '>Disposici\u00f3n<span class=\"toggle_icon\" style='border-color:#5d5fe3;'>        <span class=\"vert_icon\"><\/span><span class=\"hor_icon\"><\/span><\/span><\/p>        <div id=\"toggle-id-2-container\" class=\"toggle_wrap \"  >            <div class=\"toggle_content invers-color  av-inherit-font-color  av-inherit-border-color \"  itemprop=\"text\"  style='color: #5d5fe3; border-color: #ff5d76; ' ><p><strong>Art\u00edculo 25:<\/strong> Cada proyecto podr\u00e1 disponer de la figura de Becarios\/as destinadas a estudiantes y graduados\/as de la Universidad Nacional de Villa Mar\u00eda que desempe\u00f1en actividades en el marco de Proyectos de Extensi\u00f3n con el fin de fortalecer las actividades extensionistas y el desarrollo territorial. En el caso de los\/as graduados\/as deber\u00e1n contar con menos de CINCO (5) a\u00f1os de graduados\/as.<\/p>\n<p>En ning\u00fan caso se podr\u00e1 acceder al beneficio econ\u00f3mico de Becario\/a en dos proyectos simult\u00e1neos.<\/p>\n<p>El importe a percibir por dichas becas ser\u00e1 establecido anualmente en las bases y convocatorias, tomando como referencia para fijar su valor las becas de ayuda econ\u00f3mica que otorga la Secretaria de Bienestar.<\/p>\n<p><a href=\"https:\/\/extension.unvm.edu.ar\/wp-content\/uploads\/2023\/06\/DISPOSICI\u00d3N-N-03-PROYECTOS-EXTENSION.pdf\">DESCARGAR DISPOSICI\u00d3N<\/a><\/p>\n            <\/div>        <\/div>    <\/div><\/section>\n<\/div>\n<\/div><\/div><\/div><!-- close content main div --><\/div><\/div><\/div><div id='after_section_2' class='main_color av_default_container_wrap container_wrap sidebar_right'   ><div class='container' ><div class='template-page content  av-content-small alpha units'><div class='post-entry post-entry-type-page post-entry-23355'><div class='entry-content-wrapper clearfix'><div class='avia-button-wrap avia-button-center '><a href='https:\/\/extension.unvm.edu.ar\/?page_id=21761'  class='avia-button   avia-icon_select-no avia-color-custom avia-size-large avia-position-center '  style='background-color:#5d5fe3; border-color:#5d5fe3; color:#ffffff; ' ><span class='avia_iconbox_title' >VOLVER<\/span><\/a><\/div><\/p>\n<\/div><\/div><\/div><!-- close content main div --><\/div><\/div><div id='av_section_3' class='avia-section main_color avia-section-default avia-no-shadow avia-full-stretch av-parallax-section av-section-color-overlay-active avia-bg-style-parallax   av-minimum-height av-minimum-height-25 container_wrap sidebar_right'  data-section-bg-repeat='stretch' ><div class='av-parallax' data-avia-parallax-ratio='0.3' ><div class='av-parallax-inner main_color  avia-full-stretch' style = 'background-repeat: no-repeat; background-image: url(http:\/\/humanas.unvm.edu.ar\/wp-content\/uploads\/2018\/08\/1-1.jpg);background-attachment: scroll; background-position: center center; ' ><\/div><\/div><div class='av-section-color-overlay-wrap'><div class='av-section-color-overlay' style='opacity: 0.5; background-color: #003f7a; '><\/div><div class='container' ><div class='template-page content  av-content-small alpha units'><div class='post-entry post-entry-type-page post-entry-23355'><div class='entry-content-wrapper clearfix'><\/div><\/div><\/div><!-- close content main div --><\/div><\/div><\/div><div id='after_section_3' class='main_color av_default_container_wrap container_wrap sidebar_right'   ><div class='container' ><div class='template-page content  av-content-small alpha units'><div class='post-entry post-entry-type-page post-entry-23355'><div class='entry-content-wrapper clearfix'>\n","protected":false},"excerpt":{"rendered":"","protected":false},"author":12,"featured_media":0,"parent":0,"menu_order":0,"comment_status":"closed","ping_status":"closed","template":"","meta":{"_exactmetrics_skip_tracking":false,"_exactmetrics_sitenote_active":false,"_exactmetrics_sitenote_note":"","_exactmetrics_sitenote_category":0,"footnotes":""},"class_list":["post-23355","page","type-page","status-publish","hentry"],"_links":{"self":[{"href":"https:\/\/extension.unvm.edu.ar\/index.php?rest_route=\/wp\/v2\/pages\/23355"}],"collection":[{"href":"https:\/\/extension.unvm.edu.ar\/index.php?rest_route=\/wp\/v2\/pages"}],"about":[{"href":"https:\/\/extension.unvm.edu.ar\/index.php?rest_route=\/wp\/v2\/types\/page"}],"author":[{"embeddable":true,"href":"https:\/\/extension.unvm.edu.ar\/index.php?rest_route=\/wp\/v2\/users\/12"}],"replies":[{"embeddable":true,"href":"https:\/\/extension.unvm.edu.ar\/index.php?rest_route=%2Fwp%2Fv2%2Fcomments&post=23355"}],"version-history":[{"count":13,"href":"https:\/\/extension.unvm.edu.ar\/index.php?rest_route=\/wp\/v2\/pages\/23355\/revisions"}],"predecessor-version":[{"id":29252,"href":"https:\/\/extension.unvm.edu.ar\/index.php?rest_route=\/wp\/v2\/pages\/23355\/revisions\/29252"}],"wp:attachment":[{"href":"https:\/\/extension.unvm.edu.ar\/index.php?rest_route=%2Fwp%2Fv2%2Fmedia&parent=23355"}],"curies":[{"name":"wp","href":"https:\/\/api.w.org\/{rel}","templated":true}]}}