{"id":19249,"date":"2022-03-09T13:08:07","date_gmt":"2022-03-09T13:08:07","guid":{"rendered":"https:\/\/extension.unvm.edu.ar\/?page_id=19249"},"modified":"2024-04-08T15:59:19","modified_gmt":"2024-04-08T15:59:19","slug":"curso-ciberseguridad","status":"publish","type":"page","link":"https:\/\/extension.unvm.edu.ar\/?page_id=19249","title":{"rendered":"Curso Ciberseguridad I 2024"},"content":{"rendered":"<\/div><\/div><\/div><!-- close content main div --><\/div><\/div><div id='av_section_1' class='avia-section main_color avia-section-large avia-no-border-styling avia-bg-style-fixed   container_wrap sidebar_right' style = 'background-color: #004054; background-repeat: repeat; background-image: url(https:\/\/extension.unvm.edu.ar\/wp-content\/uploads\/2022\/03\/web-CIBERSEGURIDAD-12.png);background-attachment: fixed; background-position: center center; ' data-section-bg-repeat='repeat' ><div class='av-section-color-overlay-wrap'><a href='#next-section' title='' class='scroll-down-link '  aria-hidden='true' data-av_icon='\ue877' data-av_iconfont='entypo-fontello'><\/a><div class='container' ><div class='template-page content  av-content-small alpha units'><div class='post-entry post-entry-type-page post-entry-19249'><div class='entry-content-wrapper clearfix'>\n<div style='height:50px' class='hr hr-invisible  '><span class='hr-inner ' ><span class='hr-inner-style'><\/span><\/span><\/div>\n<div class='flex_column_table av-equal-height-column-flextable -flextable' ><div class=\"flex_column av_one_full  flex_column_table_cell av-equal-height-column av-align-middle av-zero-column-padding first  \" style='border-radius:0px; '><div class='avia-image-container  av-styling-    avia-align-center '  itemprop=\"ImageObject\" itemscope=\"itemscope\" itemtype=\"https:\/\/schema.org\/ImageObject\"  ><div class='avia-image-container-inner'><div class='avia-image-overlay-wrap'><img class='avia_image ' src='https:\/\/extension.unvm.edu.ar\/wp-content\/uploads\/2022\/03\/web-CIBERSEGURIDAD-11-1030x255.png' alt='' title='' height=\"255\"width=\"1030\"  itemprop=\"thumbnailUrl\"  \/><\/div><\/div><\/div><\/div><\/div><!--close column table wrapper. Autoclose: 1 --><div style='height:50px' class='hr hr-invisible  '><span class='hr-inner ' ><span class='hr-inner-style'><\/span><\/span><\/div>\n<\/div><\/div><\/div><!-- close content main div --><\/div><\/div><\/div><div id='after_section_1' class='main_color av_default_container_wrap container_wrap sidebar_right'   ><div class='container' ><div class='template-page content  av-content-small alpha units'><div class='post-entry post-entry-type-page post-entry-19249'><div class='entry-content-wrapper clearfix'>\n<section class=\"av_textblock_section \"  itemscope=\"itemscope\" itemtype=\"https:\/\/schema.org\/CreativeWork\" ><div class='avia_textblock  av_inherit_color '  style='color:#004054; '  itemprop=\"text\" ><h3 style=\"text-align: center;\">El objetivo de este curso es iniciarse en el amplio mundo de la seguridad inform\u00e1tica adquiriendo los conocimientos necesarios para entender, conocer, prevenir y brindar soluciones a todo tipo de ciberamenazas.<\/h3>\n<h5 style=\"text-align: center;\"><\/h5>\n<\/div><\/section>\n<div style='height:50px' class='hr hr-invisible  '><span class='hr-inner ' ><span class='hr-inner-style'><\/span><\/span><\/div>\n<section class=\"av_textblock_section \"  itemscope=\"itemscope\" itemtype=\"https:\/\/schema.org\/CreativeWork\" ><div class='avia_textblock  av_inherit_color '  style='color:#004054; '  itemprop=\"text\" ><h4><span style=\"color: #004f6d;\"><span style=\"font-weight: 400;\">Docente: Marco Busto<\/span><\/span><\/h4>\n<\/div><\/section>\n<div class=\"togglecontainer   toggle_close_all \" >\n<section class=\"av_toggle_section\"  itemscope=\"itemscope\" itemtype=\"https:\/\/schema.org\/CreativeWork\"  >    <div class=\"single_toggle\" data-tags=\"{Todo} \"  >        <p data-fake-id=\"#toggle-id-1\" class=\"toggler  av-inherit-font-color \"  itemprop=\"headline\"  style='background-color: #004f6d; color: #ffffff; '>Temario<span class=\"toggle_icon\" style='border-color:#ffffff;'>        <span class=\"vert_icon\"><\/span><span class=\"hor_icon\"><\/span><\/span><\/p>        <div id=\"toggle-id-1-container\" class=\"toggle_wrap \"  >            <div class=\"toggle_content invers-color  av-inherit-font-color \"  itemprop=\"text\"  style='background-color: #004f6d; color: #ffffff; ' ><p><strong>Inicio a la ciberseguridad<\/strong><\/p>\n<ul>\n<li>Introducci\u00f3n al ciberdelito, ciberamenazas y la ciberseguridad.<\/li>\n<li>\u00bfQu\u00e9 es ciberseguridad y hasta donde llega? .<\/li>\n<li>\u00bfQu\u00e9 es un malware? .<\/li>\n<li>Vulnerabilidades, amenazas y exploits.<\/li>\n<li>herramientas anti-malware.<\/li>\n<\/ul>\n<p><strong>\u00a0<\/strong><\/p>\n<p><strong>\u00bfQu\u00e9 es el hacking \u00e9tico? <\/strong><\/p>\n<ul>\n<li>Escaneo de vulnerabilidades y exploits comunes.<\/li>\n<li>Seguridad para aplicaciones.<\/li>\n<li>Software seguro.<\/li>\n<li>Sitios seguros.<\/li>\n<\/ul>\n<p><strong>\u00a0<\/strong><\/p>\n<p><strong>Desaf\u00edos de seguridad\u00a0 de la red<\/strong><\/p>\n<ul>\n<li>\u00bfQu\u00e9 es la criptograf\u00eda?<\/li>\n<li>\u00bfCu\u00e1l es la diferencia entre autenticaci\u00f3n y autorizaci\u00f3n?<\/li>\n<li>Phishing<\/li>\n<li>Tecnolog\u00edas de protecci\u00f3n de usuarios<\/li>\n<\/ul>\n<p><strong>\u00a0<\/strong><\/p>\n<p><strong>Tecnolog\u00edas de protecci\u00f3n\u00a0 de per\u00edmetro<\/strong><\/p>\n<ul>\n<li>Red Virtual Privada (VPN) y tipos<\/li>\n<li>Capturar tr\u00e1fico con Wireshark<\/li>\n<li>Herramientas de ciberseguridad<\/li>\n<\/ul>\n            <\/div>        <\/div>    <\/div><\/section>\n<section class=\"av_toggle_section\"  itemscope=\"itemscope\" itemtype=\"https:\/\/schema.org\/CreativeWork\"  >    <div class=\"single_toggle\" data-tags=\"{Todo} \"  >        <p data-fake-id=\"#toggle-id-2\" class=\"toggler  av-inherit-font-color \"  itemprop=\"headline\"  style='background-color: #004f6d; color: #ffffff; '>Destinatarios<span class=\"toggle_icon\" style='border-color:#ffffff;'>        <span class=\"vert_icon\"><\/span><span class=\"hor_icon\"><\/span><\/span><\/p>        <div id=\"toggle-id-2-container\" class=\"toggle_wrap \"  >            <div class=\"toggle_content invers-color  av-inherit-font-color \"  itemprop=\"text\"  style='background-color: #004f6d; color: #ffffff; ' ><p>Este curso est\u00e1 dirigido a toda persona interesada en conocer unas de las ramas que es la ciberseguridad<\/p>\n<p>Los requisitos para este curso es tener conocimientos iniciales sobre inform\u00e1tica, manejo de pc y manejo de internet.<\/p>\n            <\/div>        <\/div>    <\/div><\/section>\n<section class=\"av_toggle_section\"  itemscope=\"itemscope\" itemtype=\"https:\/\/schema.org\/CreativeWork\"  >    <div class=\"single_toggle\" data-tags=\"{Todo} \"  >        <p data-fake-id=\"#toggle-id-3\" class=\"toggler  av-inherit-font-color \"  itemprop=\"headline\"  style='background-color: #004f6d; color: #ffffff; '>Modalidad de cursado<span class=\"toggle_icon\" style='border-color:#ffffff;'>        <span class=\"vert_icon\"><\/span><span class=\"hor_icon\"><\/span><\/span><\/p>        <div id=\"toggle-id-3-container\" class=\"toggle_wrap \"  >            <div class=\"toggle_content invers-color  av-inherit-font-color \"  itemprop=\"text\"  style='background-color: #004f6d; color: #ffffff; ' ><p>100% virtual<\/p>\n            <\/div>        <\/div>    <\/div><\/section>\n<\/div>\n<div style='height:50px' class='hr hr-invisible  '><span class='hr-inner ' ><span class='hr-inner-style'><\/span><\/span><\/div>\n<\/div><\/div><\/div><!-- close content main div --><\/div><\/div><div id='av_section_2' class='avia-section main_color avia-section-no-padding avia-no-border-styling avia-bg-style-scroll   container_wrap sidebar_right' style = 'background-color: #004054; background-repeat: repeat; background-image: url(https:\/\/extension.unvm.edu.ar\/wp-content\/uploads\/2022\/03\/web-CIBERSEGURIDAD-12.png);background-attachment: scroll; background-position: top left; ' data-section-bg-repeat='repeat' ><div class='av-section-color-overlay-wrap'><a href='#next-section' title='' class='scroll-down-link '  aria-hidden='true' data-av_icon='\ue877' data-av_iconfont='entypo-fontello'><\/a><div class='container' ><div class='template-page content  av-content-small alpha units'><div class='post-entry post-entry-type-page post-entry-19249'><div class='entry-content-wrapper clearfix'>\n<div style='height:50px' class='hr hr-invisible  '><span class='hr-inner ' ><span class='hr-inner-style'><\/span><\/span><\/div>\n<div class=\"flex_column av_one_half  flex_column_div av-zero-column-padding first  \" style='border-radius:0px; '><article class=\"iconbox iconbox_top main_color    \"  itemscope=\"itemscope\" itemtype=\"https:\/\/schema.org\/CreativeWork\" ><div class=\"iconbox_content\"><header class=\"entry-content-header\"><div class=\"iconbox_icon heading-color \" aria-hidden='true' data-av_icon='\ue811' data-av_iconfont='entypo-fontello'  style='background-color:#004f6d; color:#ffffff; ' ><\/div><h3 class='iconbox_content_title '  itemprop=\"headline\"   style='color:#0891ac; '>INSCRIPCIONES<\/h3><\/header><div class='iconbox_content_container  '  itemprop=\"text\"  ><p><a href=\"https:\/\/forms.gle\/C4bXiP8mtNr9qx1L7\">Inscripci\u00f3n<\/a><\/p>\n<\/div><\/div><footer class=\"entry-footer\"><\/footer><\/article><\/div><div class=\"flex_column av_one_half  flex_column_div av-zero-column-padding   \" style='border-radius:0px; '><article class=\"iconbox iconbox_top main_color    \"  itemscope=\"itemscope\" itemtype=\"https:\/\/schema.org\/CreativeWork\" ><div class=\"iconbox_content\"><header class=\"entry-content-header\"><div class=\"iconbox_icon heading-color \" aria-hidden='true' data-av_icon='\ue85b' data-av_iconfont='entypo-fontello'  style='background-color:#004f6d; ' ><\/div><h3 class='iconbox_content_title '  itemprop=\"headline\"   style='color:#0891ac; '>INICIO DE CLASES<\/h3><\/header><div class='iconbox_content_container  '  itemprop=\"text\"  ><p>S\u00e1bado 20 de abril de 2024<\/p>\n<p>De 9 a 11 hs.<\/p>\n<\/div><\/div><footer class=\"entry-footer\"><\/footer><\/article><\/div><div style='height:50px' class='hr hr-invisible  '><span class='hr-inner ' ><span class='hr-inner-style'><\/span><\/span><\/div>\n<div class=\"flex_column av_one_half  flex_column_div av-zero-column-padding first  \" style='border-radius:0px; '><article class=\"iconbox iconbox_top main_color    \"  itemscope=\"itemscope\" itemtype=\"https:\/\/schema.org\/CreativeWork\" ><div class=\"iconbox_content\"><header class=\"entry-content-header\"><div class=\"iconbox_icon heading-color \" aria-hidden='true' data-av_icon='\ue862' data-av_iconfont='entypo-fontello'  style='background-color:#004f6d; ' ><\/div><h3 class='iconbox_content_title '  itemprop=\"headline\"   style='color:#0891ac; '>DURACI\u00d3N<\/h3><\/header><div class='iconbox_content_container  '  itemprop=\"text\"  ><p><span style=\"font-weight: 400; color: #000000;\">4 clases<\/span><\/p>\n<p><span style=\"font-weight: 400; color: #000000;\">Modalidad Virtual: Plataforma Meet <\/span><\/p>\n<\/div><\/div><footer class=\"entry-footer\"><\/footer><\/article><\/div><div class=\"flex_column av_one_half  flex_column_div av-zero-column-padding   \" style='border-radius:0px; '><article class=\"iconbox iconbox_top main_color    \"  itemscope=\"itemscope\" itemtype=\"https:\/\/schema.org\/CreativeWork\" ><div class=\"iconbox_content\"><header class=\"entry-content-header\"><div class=\"iconbox_icon heading-color \" aria-hidden='true' data-av_icon='\ue8cf' data-av_iconfont='entypo-fontello'  style='background-color:#004f6d; ' ><\/div><h3 class='iconbox_content_title '  itemprop=\"headline\"   style='color:#0891ac; '>INVERSI\u00d3N<\/h3><\/header><div class='iconbox_content_container  '  itemprop=\"text\"  ><p><span style=\"color: #333333;\"><strong>$18.000<\/strong><\/span><\/p>\n<p>10% de descuento de contado.<\/p>\n<p>20% de descuento para la comunidad universitaria.<\/p>\n<\/div><\/div><footer class=\"entry-footer\"><\/footer><\/article><\/div><div style='height:50px' class='hr hr-invisible  '><span class='hr-inner ' ><span class='hr-inner-style'><\/span><\/span><\/div>\n<\/div><\/div><\/div><!-- close content main div --><\/div><\/div><\/div><div id='after_section_2' class='main_color av_default_container_wrap container_wrap sidebar_right'   ><div class='container' ><div class='template-page content  av-content-small alpha units'><div class='post-entry post-entry-type-page post-entry-19249'><div class='entry-content-wrapper clearfix'><div style='height:50px' class='hr hr-invisible  '><span class='hr-inner ' ><span class='hr-inner-style'><\/span><\/span><\/div><\/p>\n<div class='avia-button-wrap avia-button-center '><a href=''  class='avia-button   avia-icon_select-yes-left-icon avia-color-theme-color avia-size-medium avia-position-center '   ><span class='avia_button_icon avia_button_icon_left ' aria-hidden='true' data-av_icon='\ue880' data-av_iconfont='entypo-fontello'><\/span><span class='avia_iconbox_title' >Volver <\/span><\/a><\/div>\n<div style='height:50px' class='hr hr-invisible  '><span class='hr-inner ' ><span class='hr-inner-style'><\/span><\/span><\/div>\n","protected":false},"excerpt":{"rendered":"","protected":false},"author":12,"featured_media":0,"parent":0,"menu_order":0,"comment_status":"closed","ping_status":"closed","template":"","meta":{"_exactmetrics_skip_tracking":false,"_exactmetrics_sitenote_active":false,"_exactmetrics_sitenote_note":"","_exactmetrics_sitenote_category":0,"footnotes":""},"class_list":["post-19249","page","type-page","status-publish","hentry"],"_links":{"self":[{"href":"https:\/\/extension.unvm.edu.ar\/index.php?rest_route=\/wp\/v2\/pages\/19249"}],"collection":[{"href":"https:\/\/extension.unvm.edu.ar\/index.php?rest_route=\/wp\/v2\/pages"}],"about":[{"href":"https:\/\/extension.unvm.edu.ar\/index.php?rest_route=\/wp\/v2\/types\/page"}],"author":[{"embeddable":true,"href":"https:\/\/extension.unvm.edu.ar\/index.php?rest_route=\/wp\/v2\/users\/12"}],"replies":[{"embeddable":true,"href":"https:\/\/extension.unvm.edu.ar\/index.php?rest_route=%2Fwp%2Fv2%2Fcomments&post=19249"}],"version-history":[{"count":29,"href":"https:\/\/extension.unvm.edu.ar\/index.php?rest_route=\/wp\/v2\/pages\/19249\/revisions"}],"predecessor-version":[{"id":27243,"href":"https:\/\/extension.unvm.edu.ar\/index.php?rest_route=\/wp\/v2\/pages\/19249\/revisions\/27243"}],"wp:attachment":[{"href":"https:\/\/extension.unvm.edu.ar\/index.php?rest_route=%2Fwp%2Fv2%2Fmedia&parent=19249"}],"curies":[{"name":"wp","href":"https:\/\/api.w.org\/{rel}","templated":true}]}}