{"id":18057,"date":"2021-11-12T17:18:06","date_gmt":"2021-11-12T17:18:06","guid":{"rendered":"https:\/\/extension.unvm.edu.ar\/?page_id=18057"},"modified":"2023-05-19T16:23:26","modified_gmt":"2023-05-19T16:23:26","slug":"elencos-pagina-nueva","status":"publish","type":"page","link":"https:\/\/extension.unvm.edu.ar\/?page_id=18057","title":{"rendered":"ELENCOS ESTABLES UNVM"},"content":{"rendered":"<\/div><\/div><\/div><!-- close content main div --><\/div><\/div><div id='av_section_1' class='avia-section main_color avia-section-large avia-no-border-styling avia-bg-style-scroll   container_wrap sidebar_right' style = 'background-image: '  ><div class='av-section-color-overlay-wrap'><a href='#next-section' title='' class='scroll-down-link '  aria-hidden='true' data-av_icon='\ue877' data-av_iconfont='entypo-fontello'><\/a><div class='container' ><div class='template-page content  av-content-small alpha units'><div class='post-entry post-entry-type-page post-entry-18057'><div class='entry-content-wrapper clearfix'>\n<div class=\"flex_column av_four_fifth  flex_column_div av-zero-column-padding first  \" style='border-radius:0px; '><\/div><div class=\"flex_column av_one_fifth  flex_column_div av-zero-column-padding   \" style='border-radius:0px; '><span class=\"av_font_icon avia_animate_when_visible  av-icon-style-  avia-icon-pos-right \" style=\"color:#042b66; border-color:#042b66;\"><a href='mailto:mbordese@unvm.edu.ar'  target=\"_blank\"   class='av-icon-char' style='font-size:30px;line-height:30px;' aria-hidden='true' data-av_icon='\ue805' data-av_iconfont='entypo-fontello' data-avia-icon-tooltip=\"&lt;br \/&gt;\nContacto coordinadora: Marianela Bordese&lt;br \/&gt;\n\"><\/a><\/span><\/div><div style='height:50px' class='hr hr-invisible  '><span class='hr-inner ' ><span class='hr-inner-style'><\/span><\/span><\/div>\n<div class='flex_column_table av-equal-height-column-flextable -flextable' ><div class=\"flex_column av_three_fifth  flex_column_table_cell av-equal-height-column av-align-middle av-zero-column-padding first  \" style='border-radius:0px; '><p><div style='padding-bottom:30px; font-size:70px;' class='av-special-heading av-special-heading-h1  blockquote modern-quote   av-inherit-size '><h1 class='av-special-heading-tag '  itemprop=\"headline\"  >Elencos UNVM<\/h1><div class='special-heading-border'><div class='special-heading-inner-border' ><\/div><\/div><\/div><br \/>\n<div style='padding-bottom:30px; font-size:20px;' class='av-special-heading av-special-heading-h2  blockquote modern-quote   av-inherit-size '><h2 class='av-special-heading-tag '  itemprop=\"headline\"  >El Instituto de Extensi\u00f3n de la UNVM aloja 10 elencos art\u00edsticos estables: Coro Nonino, Coro de Adultos\/as Mayores (CORAM), Coro de Ni\u00f1os y Ni\u00f1as, Guadal, la Orquesta Escuela de Tango <span class='special_amp'>\u201c<\/span>La Cabulera<span class='special_amp'>\u201d<\/span>, En Guardia, la Comedia Universitaria, Tusitalas, Ballet Folkl\u00f3rico Universitario y Danzamble.<\/h2><div class='special-heading-border'><div class='special-heading-inner-border' ><\/div><\/div><\/div><\/p><\/div><\/div><!--close column table wrapper. Autoclose: 1 --><div class='flex_column_table av-equal-height-column-flextable -flextable' ><div class='av-flex-placeholder'><\/div><div class=\"flex_column av_two_fifth  flex_column_table_cell av-equal-height-column av-align-middle av-zero-column-padding   \" style='border-radius:0px; '><div id='av-masonry-1' class='av-masonry  noHover av-fixed-size av-large-gap av-hover-overlay-active av-masonry-col-2 av-caption-always av-caption-style- av-masonry-gallery     '  ><div class='av-masonry-container isotope av-js-disabled ' ><div class='av-masonry-entry isotope-item av-masonry-item-no-image '><\/div><a href=\"https:\/\/extension.unvm.edu.ar\/wp-content\/uploads\/2021\/11\/WhatsApp-Image-2021-11-08-at-13.42.51-1030x686.jpeg\" id='av-masonry-1-item-17979' data-av-masonry-item='17979' class='av-masonry-entry isotope-item post-17979 attachment type-attachment status-inherit hentry  av-masonry-item-with-image' title=\"\"  itemprop=\"thumbnailUrl\" ><div class='av-inner-masonry-sizer'><\/div><figure class='av-inner-masonry main_color'><div class=\"av-masonry-outerimage-container\"><div class=\"av-masonry-image-container\" style=\"background-image: url(https:\/\/extension.unvm.edu.ar\/wp-content\/uploads\/2021\/11\/WhatsApp-Image-2021-11-08-at-13.42.51-705x470.jpeg);\"><\/div><\/div><\/figure><\/a><!--end av-masonry entry--><a href=\"https:\/\/extension.unvm.edu.ar\/wp-content\/uploads\/2021\/11\/back.coros-101-1030x687.jpg\" id='av-masonry-1-item-18000' data-av-masonry-item='18000' class='av-masonry-entry isotope-item post-18000 attachment type-attachment status-inherit hentry  av-masonry-item-with-image' title=\"\"  itemprop=\"thumbnailUrl\" ><div class='av-inner-masonry-sizer'><\/div><figure class='av-inner-masonry main_color'><div class=\"av-masonry-outerimage-container\"><div class=\"av-masonry-image-container\" style=\"background-image: url(https:\/\/extension.unvm.edu.ar\/wp-content\/uploads\/2021\/11\/back.coros-101-705x470.jpg);\"><\/div><\/div><\/figure><\/a><!--end av-masonry entry--><a href=\"https:\/\/extension.unvm.edu.ar\/wp-content\/uploads\/2021\/11\/MG_8340-e1645636233730-1030x636.jpg\" id='av-masonry-1-item-18028' data-av-masonry-item='18028' class='av-masonry-entry isotope-item post-18028 attachment type-attachment status-inherit hentry  av-masonry-item-with-image' title=\"\"  itemprop=\"thumbnailUrl\" ><div class='av-inner-masonry-sizer'><\/div><figure class='av-inner-masonry main_color'><div class=\"av-masonry-outerimage-container\"><div class=\"av-masonry-image-container\" style=\"background-image: url(https:\/\/extension.unvm.edu.ar\/wp-content\/uploads\/2021\/11\/MG_8340-e1645636233730-705x435.jpg);\"><\/div><\/div><\/figure><\/a><!--end av-masonry entry--><\/div><\/div><\/div><\/div><!--close column table wrapper. Autoclose: 1 --><div  class='hr hr-default  '><span class='hr-inner ' ><span class='hr-inner-style'><\/span><\/span><\/div>\n<div class=\"flex_column av_one_full  flex_column_div av-zero-column-padding first  \" style='background: #b02b2c; background-color:#b02b2c; border-radius:0px; '><div class=\"togglecontainer   toggle_close_all \" >\n<section class=\"av_toggle_section\"  itemscope=\"itemscope\" itemtype=\"https:\/\/schema.org\/CreativeWork\"  >    <div class=\"single_toggle\" data-tags=\"{Todo} \"  >        <p data-fake-id=\"#toggle-id-1\" class=\"toggler  av-inherit-border-color \"  itemprop=\"headline\"  style='border-color: #b02b2c; '>Fundamentaci\u00f3n<span class=\"toggle_icon\" >        <span class=\"vert_icon\"><\/span><span class=\"hor_icon\"><\/span><\/span><\/p>        <div id=\"toggle-id-1-container\" class=\"toggle_wrap \"  >            <div class=\"toggle_content invers-color  av-inherit-border-color \"  itemprop=\"text\"  style='border-color: #b02b2c; ' ><p>Los <strong>Elencos Estables<\/strong> proponen acciones tendientes a consolidar sus trayectorias como espacios expresivos y culturales de la m\u00fasica, el teatro y las danzas. Atendiendo los diferentes estilos, ritmos y modalidades, apuntando a afianzar la organizaci\u00f3n y lograr mayor reconocimiento y repercusi\u00f3n a nivel local, regional y provincial, a trav\u00e9s del fortalecimiento de los grupos y la optimizaci\u00f3n de los recursos humanos y materiales.<\/p>\n            <\/div>        <\/div>    <\/div><\/section>\n<section class=\"av_toggle_section\"  itemscope=\"itemscope\" itemtype=\"https:\/\/schema.org\/CreativeWork\"  >    <div class=\"single_toggle\" data-tags=\"{Todo} \"  >        <p data-fake-id=\"#toggle-id-2\" class=\"toggler  av-inherit-border-color \"  itemprop=\"headline\"  style='border-color: #b02b2c; '>Objetivos<span class=\"toggle_icon\" >        <span class=\"vert_icon\"><\/span><span class=\"hor_icon\"><\/span><\/span><\/p>        <div id=\"toggle-id-2-container\" class=\"toggle_wrap \"  >            <div class=\"toggle_content invers-color  av-inherit-border-color \"  itemprop=\"text\"  style='border-color: #b02b2c; ' ><ul>\n<li>Promover el desarrollo cultural afianzando practicas sensibles, inclusivas y comprometidas con la sociedad.<\/li>\n<\/ul>\n            <\/div>        <\/div>    <\/div><\/section>\n<\/div><\/div>\n<\/div><\/div><\/div><!-- close content main div --><\/div><\/div><\/div><div id='after_section_1' class='main_color av_default_container_wrap container_wrap sidebar_right'   ><div class='container' ><div class='template-page content  av-content-small alpha units'><div class='post-entry post-entry-type-page post-entry-18057'><div class='entry-content-wrapper clearfix'>\n<div class=\"flex_column av_one_full  flex_column_div av-zero-column-padding first  \" style='border-radius:0px; '><div style='padding-bottom:30px; font-size:30px;' class='av-special-heading av-special-heading-h2  blockquote modern-quote modern-centered  av-inherit-size '><h2 class='av-special-heading-tag '  itemprop=\"headline\"  >Elencos Art\u00edsticos<\/h2><div class='special-heading-border'><div class='special-heading-inner-border' ><\/div><\/div><\/div><\/div>\n<div class=\"flex_column av_one_fourth  flex_column_div av-zero-column-padding first  \" style='border-radius:0px; '><div class='avia-image-container  av-styling-  noHover  av-overlay-hover-deactivate   avia-align-center '  itemprop=\"ImageObject\" itemscope=\"itemscope\" itemtype=\"https:\/\/schema.org\/ImageObject\"  ><div class='avia-image-container-inner'><div class='avia-image-overlay-wrap'><a href='https:\/\/extension.unvm.edu.ar\/?page_id=19021' class='avia_image'   target=\"_blank\" ><div class='av-image-caption-overlay'><div class='av-caption-image-overlay-bg' style='opacity:0.4; background-color:#000000; '><\/div><div class='av-image-caption-overlay-position'><div class='av-image-caption-overlay-center' style='color:#ffffff; font-size:16px; '><p>CORAM<\/p>\n<\/div><\/div><\/div><img class='avia_image ' src='https:\/\/extension.unvm.edu.ar\/wp-content\/uploads\/2021\/11\/MG_8340-e1645636233730-300x185.jpg' alt='' title='_MG_8340'  itemprop=\"thumbnailUrl\"  \/><\/a><\/div><\/div><\/div><\/div>\n<div class=\"flex_column av_one_fourth  flex_column_div av-zero-column-padding   \" style='border-radius:0px; '><div class='avia-image-container  av-styling-  noHover  av-overlay-hover-deactivate   avia-align-center '  itemprop=\"ImageObject\" itemscope=\"itemscope\" itemtype=\"https:\/\/schema.org\/ImageObject\"  ><div class='avia-image-container-inner'><div class='avia-image-overlay-wrap'><a href='https:\/\/extension.unvm.edu.ar\/?page_id=17311' class='avia_image'   target=\"_blank\" ><div class='av-image-caption-overlay'><div class='av-caption-image-overlay-bg' style='opacity:0.4; background-color:#000000; '><\/div><div class='av-image-caption-overlay-position'><div class='av-image-caption-overlay-center' style='color:#ffffff; font-size:16px; '><p>CORO NONINO<\/p>\n<\/div><\/div><\/div><img class='avia_image ' src='https:\/\/extension.unvm.edu.ar\/wp-content\/uploads\/2021\/11\/WhatsApp-Image-2021-11-08-at-13.47.35-300x200.jpeg' alt='' title='WhatsApp Image 2021-11-08 at 13.47.35'  itemprop=\"thumbnailUrl\"  \/><\/a><\/div><\/div><\/div><\/div>\n<div class=\"flex_column av_one_fourth  flex_column_div av-zero-column-padding   \" style='border-radius:0px; '><div class='avia-image-container  av-styling-  noHover  av-overlay-hover-deactivate   avia-align-center '  itemprop=\"ImageObject\" itemscope=\"itemscope\" itemtype=\"https:\/\/schema.org\/ImageObject\"  ><div class='avia-image-container-inner'><div class='avia-image-overlay-wrap'><a href='https:\/\/extension.unvm.edu.ar\/?page_id=17367' class='avia_image'   target=\"_blank\" ><div class='av-image-caption-overlay'><div class='av-caption-image-overlay-bg' style='opacity:0.4; background-color:#000000; '><\/div><div class='av-image-caption-overlay-position'><div class='av-image-caption-overlay-center' style='color:#ffffff; font-size:16px; '><p>CORO DE NI\u00d1OS Y NI\u00d1AS<\/p>\n<\/div><\/div><\/div><img class='avia_image ' src='https:\/\/extension.unvm.edu.ar\/wp-content\/uploads\/2021\/11\/WhatsApp-Image-2021-11-08-at-13.47.34-2-300x200.jpeg' alt='' title='WhatsApp Image 2021-11-08 at 13.47.34 (2)'  itemprop=\"thumbnailUrl\"  \/><\/a><\/div><\/div><\/div><\/div>\n<div class=\"flex_column av_one_fourth  flex_column_div av-zero-column-padding   \" style='border-radius:0px; '><div class='avia-image-container  av-styling-  noHover  av-overlay-hover-deactivate   avia-align-center '  itemprop=\"ImageObject\" itemscope=\"itemscope\" itemtype=\"https:\/\/schema.org\/ImageObject\"  ><div class='avia-image-container-inner'><div class='avia-image-overlay-wrap'><a href='https:\/\/extension.unvm.edu.ar\/?page_id=18428' class='avia_image'   target=\"_blank\" ><div class='av-image-caption-overlay'><div class='av-caption-image-overlay-bg' style='opacity:0.4; background-color:#000000; '><\/div><div class='av-image-caption-overlay-position'><div class='av-image-caption-overlay-center' style='color:#ffffff; font-size:16px; '><p>EN GUARDIA<\/p>\n<\/div><\/div><\/div><img class='avia_image ' src='https:\/\/extension.unvm.edu.ar\/wp-content\/uploads\/2021\/11\/WhatsApp-Image-2021-11-08-at-13.42.51-300x200.jpeg' alt='' title='WhatsApp Image 2021-11-08 at 13.42.51'  itemprop=\"thumbnailUrl\"  \/><\/a><\/div><\/div><\/div><\/div>\n<div class=\"flex_column av_one_fourth  flex_column_div av-zero-column-padding first  \" style='border-radius:0px; '><div class='avia-image-container  av-styling-  noHover  av-overlay-hover-deactivate   avia-align-center '  itemprop=\"ImageObject\" itemscope=\"itemscope\" itemtype=\"https:\/\/schema.org\/ImageObject\"  ><div class='avia-image-container-inner'><div class='avia-image-overlay-wrap'><a href='https:\/\/extension.unvm.edu.ar\/?page_id=18449' class='avia_image'   target=\"_blank\" ><div class='av-image-caption-overlay'><div class='av-caption-image-overlay-bg' style='opacity:0.4; background-color:#000000; '><\/div><div class='av-image-caption-overlay-position'><div class='av-image-caption-overlay-center' style='color:#ffffff; font-size:16px; '><p>GUADAL<\/p>\n<\/div><\/div><\/div><img class='avia_image ' src='https:\/\/extension.unvm.edu.ar\/wp-content\/uploads\/2021\/11\/Guadal-9-300x200.jpg' alt='' title='Guadal (9)'  itemprop=\"thumbnailUrl\"  \/><\/a><\/div><\/div><\/div><\/div>\n<div class=\"flex_column av_one_fourth  flex_column_div av-zero-column-padding avia-link-column   \" style='border-radius:0px; ' data-link-column-url=\"https:\/\/extension.unvm.edu.ar\/?page_id=20404\" ><a class=\"av-screen-reader-only\" href=https:\/\/extension.unvm.edu.ar\/?page_id=20404 >Link to: TUSITALAS<\/a><div class='avia-image-container  av-styling-  noHover  av-overlay-hover-deactivate   avia-align-center '  itemprop=\"ImageObject\" itemscope=\"itemscope\" itemtype=\"https:\/\/schema.org\/ImageObject\"  ><div class='avia-image-container-inner'><div class='avia-image-overlay-wrap'><div class='av-image-caption-overlay'><div class='av-caption-image-overlay-bg' style='opacity:0.4; background-color:#000000; '><\/div><div class='av-image-caption-overlay-position'><div class='av-image-caption-overlay-center' style='color:#ffffff; font-size:16px; '><p>TUSITALAS<\/p>\n<\/div><\/div><\/div><img class='avia_image ' src='https:\/\/extension.unvm.edu.ar\/wp-content\/uploads\/2021\/11\/WhatsApp-Image-2021-11-08-at-13.47.34-1-300x200.jpeg' alt='' title='WhatsApp Image 2021-11-08 at 13.47.34 (1)' height=\"200\"width=\"300\"  itemprop=\"thumbnailUrl\"  \/><\/div><\/div><\/div><\/div>\n<div class=\"flex_column av_one_fourth  flex_column_div av-zero-column-padding   \" style='border-radius:0px; '><div class='avia-image-container  av-styling-  noHover  av-overlay-hover-deactivate   avia-align-center '  itemprop=\"ImageObject\" itemscope=\"itemscope\" itemtype=\"https:\/\/schema.org\/ImageObject\"  ><div class='avia-image-container-inner'><div class='avia-image-overlay-wrap'><a href='https:\/\/extension.unvm.edu.ar\/?page_id=18588' class='avia_image'   target=\"_blank\" ><div class='av-image-caption-overlay'><div class='av-caption-image-overlay-bg' style='opacity:0.4; background-color:#000000; '><\/div><div class='av-image-caption-overlay-position'><div class='av-image-caption-overlay-center' style='color:#ffffff; font-size:16px; '><p>DANZAMBLE<\/p>\n<\/div><\/div><\/div><img class='avia_image ' src='https:\/\/extension.unvm.edu.ar\/wp-content\/uploads\/2021\/11\/WhatsApp-Image-2021-11-08-at-13.42.51-2-300x200.jpeg' alt='' title='WhatsApp Image 2021-11-08 at 13.42.51 (2)'  itemprop=\"thumbnailUrl\"  \/><\/a><\/div><\/div><\/div><\/div>\n<div class=\"flex_column av_one_fourth  flex_column_div av-zero-column-padding   \" style='border-radius:0px; '><div class='avia-image-container  av-styling-  noHover  av-overlay-hover-deactivate   avia-align-center '  itemprop=\"ImageObject\" itemscope=\"itemscope\" itemtype=\"https:\/\/schema.org\/ImageObject\"  ><div class='avia-image-container-inner'><div class='avia-image-overlay-wrap'><a href='https:\/\/extension.unvm.edu.ar\/?page_id=18724' class='avia_image'   target=\"_blank\" ><div class='av-image-caption-overlay'><div class='av-caption-image-overlay-bg' style='opacity:0.4; background-color:#000000; '><\/div><div class='av-image-caption-overlay-position'><div class='av-image-caption-overlay-center' style='color:#ffffff; font-size:16px; '><p>BALLET FOLKL\u00d3RICO UNIVERSITARIO<\/p>\n<\/div><\/div><\/div><img class='avia_image ' src='https:\/\/extension.unvm.edu.ar\/wp-content\/uploads\/2021\/11\/WhatsApp-Image-2021-11-10-at-21.40.06-300x200.jpeg' alt='' title='WhatsApp Image 2021-11-10 at 21.40.06'  itemprop=\"thumbnailUrl\"  \/><\/a><\/div><\/div><\/div><\/div>\n<div  class='hr hr-default  '><span class='hr-inner ' ><span class='hr-inner-style'><\/span><\/span><\/div>\n<div class=\"flex_column av_one_full  flex_column_div av-zero-column-padding first  \" style='border-radius:0px; '><p><div style='padding-bottom:30px; font-size:30px;' class='av-special-heading av-special-heading-h2  blockquote modern-quote modern-centered   av-inherit-size '><h2 class='av-special-heading-tag '  itemprop=\"headline\"  >Novedades<\/h2><div class='special-heading-border'><div class='special-heading-inner-border' ><\/div><\/div><\/div><br \/>\n<div id='av-masonry-2' class='av-masonry  noHover av-fixed-size av-large-gap av-hover-overlay- av-masonry-col-4 av-caption-on-hover av-caption-style-    '  ><div class='av-masonry-container isotope av-js-disabled ' ><div class='av-masonry-entry isotope-item av-masonry-item-no-image all_sort elencos_sort  novedades_sort '><\/div><a href=\"https:\/\/extension.unvm.edu.ar\/?p=27158\" id='av-masonry-2-item-27158' data-av-masonry-item='27158' class='av-masonry-entry isotope-item post-27158 post type-post status-publish format-standard has-post-thumbnail hentry category-elencos category-novedades all_sort elencos_sort  novedades_sort  av-masonry-item-with-image' title=\"Elencos UNVM: CONVOCATORIA 2024\"  itemscope=\"itemscope\" itemtype=\"https:\/\/schema.org\/CreativeWork\" ><div class='av-inner-masonry-sizer'><\/div><figure class='av-inner-masonry main_color'><div class=\"av-masonry-outerimage-container\"><div class=\"av-masonry-image-container\" style=\"background-image: url(https:\/\/extension.unvm.edu.ar\/wp-content\/uploads\/2024\/03\/SAV6460-705x470.jpg);\"><\/div><\/div><figcaption class='av-inner-masonry-content site-background'><div class='av-inner-masonry-content-pos'><div class='av-inner-masonry-content-pos-content'><div class='avia-arrow'><\/div><h3 class='av-masonry-entry-title entry-title'  itemprop=\"headline\" >Elencos UNVM: CONVOCATORIA 2024<\/h3><span class='av-masonry-date meta-color updated'>15 marzo, 2024<\/span><span class=\"av-masonry-text-sep text-sep-author\">\/<\/span><span class='av-masonry-author meta-color vcard author'><span class='fn'>por Diamela Comunicadora<\/span><\/span><\/div><\/div><\/figcaption><\/figure><\/a><!--end av-masonry entry--><a href=\"https:\/\/extension.unvm.edu.ar\/?p=25286\" id='av-masonry-2-item-25286' data-av-masonry-item='25286' class='av-masonry-entry isotope-item post-25286 post type-post status-publish format-standard has-post-thumbnail hentry category-elencos category-novedades all_sort elencos_sort  novedades_sort  av-masonry-item-with-image' title=\"El Coro Nonino presenta: Gracias Fito\"  itemscope=\"itemscope\" itemtype=\"https:\/\/schema.org\/CreativeWork\" ><div class='av-inner-masonry-sizer'><\/div><figure class='av-inner-masonry main_color'><div class=\"av-masonry-outerimage-container\"><div class=\"av-masonry-image-container\" style=\"background-image: url(https:\/\/extension.unvm.edu.ar\/wp-content\/uploads\/2023\/09\/Gracias-Fito-705x705.png);\"><\/div><\/div><figcaption class='av-inner-masonry-content site-background'><div class='av-inner-masonry-content-pos'><div class='av-inner-masonry-content-pos-content'><div class='avia-arrow'><\/div><h3 class='av-masonry-entry-title entry-title'  itemprop=\"headline\" >El Coro Nonino presenta: Gracias Fito<\/h3><span class='av-masonry-date meta-color updated'>11 septiembre, 2023<\/span><span class=\"av-masonry-text-sep text-sep-author\">\/<\/span><span class='av-masonry-author meta-color vcard author'><span class='fn'>por Diamela Comunicadora<\/span><\/span><\/div><\/div><\/figcaption><\/figure><\/a><!--end av-masonry entry--><a href=\"https:\/\/extension.unvm.edu.ar\/?p=24804\" id='av-masonry-2-item-24804' data-av-masonry-item='24804' class='av-masonry-entry isotope-item post-24804 post type-post status-publish format-standard has-post-thumbnail hentry category-elencos category-novedades all_sort elencos_sort  novedades_sort  av-masonry-item-with-image' title=\"Los elencos de la UNVM participar\u00e1n de La Noche de las lecturas\"  itemscope=\"itemscope\" itemtype=\"https:\/\/schema.org\/CreativeWork\" ><div class='av-inner-masonry-sizer'><\/div><figure class='av-inner-masonry main_color'><div class=\"av-masonry-outerimage-container\"><div class=\"av-masonry-image-container\" style=\"background-image: url(https:\/\/extension.unvm.edu.ar\/wp-content\/uploads\/2023\/06\/WhatsApp-Image-2023-06-02-at-15.18.22-705x705.jpeg);\"><\/div><\/div><figcaption class='av-inner-masonry-content site-background'><div class='av-inner-masonry-content-pos'><div class='av-inner-masonry-content-pos-content'><div class='avia-arrow'><\/div><h3 class='av-masonry-entry-title entry-title'  itemprop=\"headline\" >Los elencos de la UNVM participar\u00e1n de La Noche de las lecturas<\/h3><span class='av-masonry-date meta-color updated'>5 junio, 2023<\/span><span class=\"av-masonry-text-sep text-sep-author\">\/<\/span><span class='av-masonry-author meta-color vcard author'><span class='fn'>por Diamela Comunicadora<\/span><\/span><\/div><\/div><\/figcaption><\/figure><\/a><!--end av-masonry entry--><a href=\"https:\/\/extension.unvm.edu.ar\/?p=24783\" id='av-masonry-2-item-24783' data-av-masonry-item='24783' class='av-masonry-entry isotope-item post-24783 post type-post status-publish format-standard has-post-thumbnail hentry category-elencos category-novedades all_sort elencos_sort  novedades_sort  av-masonry-item-with-image' title=\"IV Encuentro de Coros Universitarios UNVM\"  itemscope=\"itemscope\" itemtype=\"https:\/\/schema.org\/CreativeWork\" ><div class='av-inner-masonry-sizer'><\/div><figure class='av-inner-masonry main_color'><div class=\"av-masonry-outerimage-container\"><div class=\"av-masonry-image-container\" style=\"background-image: url(https:\/\/extension.unvm.edu.ar\/wp-content\/uploads\/2023\/06\/encuentro-de-cortos-2-e1685713507939-705x223.png);\"><\/div><\/div><figcaption class='av-inner-masonry-content site-background'><div class='av-inner-masonry-content-pos'><div class='av-inner-masonry-content-pos-content'><div class='avia-arrow'><\/div><h3 class='av-masonry-entry-title entry-title'  itemprop=\"headline\" >IV Encuentro de Coros Universitarios UNVM<\/h3><span class='av-masonry-date meta-color updated'>2 junio, 2023<\/span><span class=\"av-masonry-text-sep text-sep-author\">\/<\/span><span class='av-masonry-author meta-color vcard author'><span class='fn'>por Diamela Comunicadora<\/span><\/span><\/div><\/div><\/figcaption><\/figure><\/a><!--end av-masonry entry--><\/div><a class='av-masonry-pagination av-masonry-load-more' href='#load-more'  data-ids=''  data-action=''  data-link='category, 36'  data-post_type='post, page, attachment, revision, nav_menu_item, custom_css, customize_changeset, oembed_cache, user_request, wp_block, wp_template, wp_template_part, wp_global_styles, wp_navigation, wp_font_family, wp_font_face, itsec-dashboard, itsec-dash-card, exactmetrics_note, portfolio, avia_framework_post'  data-items='4'  data-size='fixed'  data-gap='large'  data-overlay_fx=''  data-offset='0'  data-container_links='1'  data-container_class=''  data-paginate='load_more'  data-caption_elements='title'  data-caption_display='on-hover'  data-caption_styling=''  data-wc_prod_visible=''  data-prod_order_by=''  data-prod_order=''  data-sort='yes'  data-columns='4'  data-auto_ratio='1.7'  data-set_breadcrumb='1'  data-custom_markup=''  data-query_orderby='date'  data-query_order='DESC'  data-color=''  data-custom_bg=''  data-custom_class=''  data-orientation=''  data-taxonomy='category'  data-categories='36'  data-avno='83cb16a865'>Cargar m\u00e1s<\/a><\/div><\/p><\/div>\n","protected":false},"excerpt":{"rendered":"","protected":false},"author":12,"featured_media":0,"parent":0,"menu_order":0,"comment_status":"closed","ping_status":"closed","template":"","meta":{"_exactmetrics_skip_tracking":false,"_exactmetrics_sitenote_active":false,"_exactmetrics_sitenote_note":"","_exactmetrics_sitenote_category":0,"footnotes":""},"class_list":["post-18057","page","type-page","status-publish","hentry"],"_links":{"self":[{"href":"https:\/\/extension.unvm.edu.ar\/index.php?rest_route=\/wp\/v2\/pages\/18057"}],"collection":[{"href":"https:\/\/extension.unvm.edu.ar\/index.php?rest_route=\/wp\/v2\/pages"}],"about":[{"href":"https:\/\/extension.unvm.edu.ar\/index.php?rest_route=\/wp\/v2\/types\/page"}],"author":[{"embeddable":true,"href":"https:\/\/extension.unvm.edu.ar\/index.php?rest_route=\/wp\/v2\/users\/12"}],"replies":[{"embeddable":true,"href":"https:\/\/extension.unvm.edu.ar\/index.php?rest_route=%2Fwp%2Fv2%2Fcomments&post=18057"}],"version-history":[{"count":35,"href":"https:\/\/extension.unvm.edu.ar\/index.php?rest_route=\/wp\/v2\/pages\/18057\/revisions"}],"predecessor-version":[{"id":28458,"href":"https:\/\/extension.unvm.edu.ar\/index.php?rest_route=\/wp\/v2\/pages\/18057\/revisions\/28458"}],"wp:attachment":[{"href":"https:\/\/extension.unvm.edu.ar\/index.php?rest_route=%2Fwp%2Fv2%2Fmedia&parent=18057"}],"curies":[{"name":"wp","href":"https:\/\/api.w.org\/{rel}","templated":true}]}}