{"id":1517,"date":"2016-11-12T20:53:05","date_gmt":"2016-11-12T20:53:05","guid":{"rendered":"http:\/\/si.unvm.edu.ar\/?page_id=1517"},"modified":"2025-06-09T17:39:25","modified_gmt":"2025-06-09T17:39:25","slug":"puicym","status":"publish","type":"page","link":"https:\/\/extension.unvm.edu.ar\/?page_id=1517","title":{"rendered":"PEUAM"},"content":{"rendered":"<\/div><\/div><\/div><!-- close content main div --><\/div><\/div><div id='av_section_1' class='avia-section main_color avia-section-large avia-no-border-styling avia-bg-style-scroll   container_wrap sidebar_right' style = 'background-image: '  ><div class='av-section-color-overlay-wrap'><a href='#next-section' title='' class='scroll-down-link '  aria-hidden='true' data-av_icon='\ue877' data-av_iconfont='entypo-fontello'><\/a><div class='container' ><div class='template-page content  av-content-small alpha units'><div class='post-entry post-entry-type-page post-entry-1517'><div class='entry-content-wrapper clearfix'>\n<div class='flex_column_table av-equal-height-column-flextable -flextable' ><div class=\"flex_column av_three_fifth  flex_column_table_cell av-equal-height-column av-align-middle av-zero-column-padding first  \" style='border-radius:0px; '><p><div style='padding-bottom:30px; font-size:70px;' class='av-special-heading av-special-heading-h1  blockquote modern-quote   av-inherit-size '><h1 class='av-special-heading-tag '  itemprop=\"headline\"  >PEUAM<\/h1><div class='special-heading-border'><div class='special-heading-inner-border' ><\/div><\/div><\/div><br \/>\n<div style='padding-bottom:30px; font-size:20px;' class='av-special-heading av-special-heading-h2  blockquote modern-quote   av-thin-font av-inherit-size '><h2 class='av-special-heading-tag '  itemprop=\"headline\"  >El <strong>Programa de Extensi\u00f3n Universitaria para Adultos Mayores<\/strong> (PEUAM), pertenece a la Direcci\u00f3n de Desarrollo Social y Cultural del Instituto de Extensi\u00f3n de la Universidad Nacional Villa Mar\u00eda (UNVM)<\/h2><div class='special-heading-border'><div class='special-heading-inner-border' ><\/div><\/div><\/div><\/p><\/div><\/div><!--close column table wrapper. Autoclose: 1 --><div class='flex_column_table av-equal-height-column-flextable -flextable' ><div class='av-flex-placeholder'><\/div><div class=\"flex_column av_two_fifth  flex_column_table_cell av-equal-height-column av-align-middle av-zero-column-padding   \" style='border-radius:0px; '><div id='av-masonry-1' class='av-masonry  noHover av-fixed-size av-large-gap av-hover-overlay-active av-masonry-col-2 av-caption-always av-caption-style- av-masonry-gallery     '  ><div class='av-masonry-container isotope av-js-disabled ' ><div class='av-masonry-entry isotope-item av-masonry-item-no-image '><\/div><a href=\"https:\/\/extension.unvm.edu.ar\/wp-content\/uploads\/2018\/09\/collage2-1.jpg\" id='av-masonry-1-item-8005' data-av-masonry-item='8005' class='av-masonry-entry isotope-item post-8005 attachment type-attachment status-inherit hentry  av-masonry-item-with-image' title=\"\"  itemprop=\"thumbnailUrl\" ><div class='av-inner-masonry-sizer'><\/div><figure class='av-inner-masonry main_color'><div class=\"av-masonry-outerimage-container\"><div class=\"av-masonry-image-container\" style=\"background-image: url(https:\/\/extension.unvm.edu.ar\/wp-content\/uploads\/2018\/09\/collage2-1.jpg);\"><\/div><\/div><\/figure><\/a><!--end av-masonry entry--><a href=\"https:\/\/extension.unvm.edu.ar\/wp-content\/uploads\/2018\/09\/collage5.jpg\" id='av-masonry-1-item-8006' data-av-masonry-item='8006' class='av-masonry-entry isotope-item post-8006 attachment type-attachment status-inherit hentry  av-masonry-item-with-image' title=\"\"  itemprop=\"thumbnailUrl\" ><div class='av-inner-masonry-sizer'><\/div><figure class='av-inner-masonry main_color'><div class=\"av-masonry-outerimage-container\"><div class=\"av-masonry-image-container\" style=\"background-image: url(https:\/\/extension.unvm.edu.ar\/wp-content\/uploads\/2018\/09\/collage5.jpg);\"><\/div><\/div><\/figure><\/a><!--end av-masonry entry--><a href=\"https:\/\/extension.unvm.edu.ar\/wp-content\/uploads\/2018\/09\/collage12-1.jpg\" id='av-masonry-1-item-8007' data-av-masonry-item='8007' class='av-masonry-entry isotope-item post-8007 attachment type-attachment status-inherit hentry  av-masonry-item-with-image' title=\"\"  itemprop=\"thumbnailUrl\" ><div class='av-inner-masonry-sizer'><\/div><figure class='av-inner-masonry main_color'><div class=\"av-masonry-outerimage-container\"><div class=\"av-masonry-image-container\" style=\"background-image: url(https:\/\/extension.unvm.edu.ar\/wp-content\/uploads\/2018\/09\/collage12-1.jpg);\"><\/div><\/div><\/figure><\/a><!--end av-masonry entry--><a href=\"https:\/\/extension.unvm.edu.ar\/wp-content\/uploads\/2018\/11\/Peuam.jpg\" id='av-masonry-1-item-8974' data-av-masonry-item='8974' class='av-masonry-entry isotope-item post-8974 attachment type-attachment status-inherit hentry  av-masonry-item-with-image' title=\"\"  itemprop=\"thumbnailUrl\" ><div class='av-inner-masonry-sizer'><\/div><figure class='av-inner-masonry main_color'><div class=\"av-masonry-outerimage-container\"><div class=\"av-masonry-image-container\" style=\"background-image: url(https:\/\/extension.unvm.edu.ar\/wp-content\/uploads\/2018\/11\/Peuam-705x470.jpg);\"><\/div><\/div><\/figure><\/a><!--end av-masonry entry--><\/div><\/div><\/div><\/div><!--close column table wrapper. Autoclose: 1 --><div  class='hr hr-default  '><span class='hr-inner ' ><span class='hr-inner-style'><\/span><\/span><\/div>\n<div class=\"flex_column av_one_third  flex_column_div av-zero-column-padding first  \" style='border-radius:0px; '><div class='avia-image-container  av-styling-    avia-align-center '  itemprop=\"ImageObject\" itemscope=\"itemscope\" itemtype=\"https:\/\/schema.org\/ImageObject\"  ><div class='avia-image-container-inner'><div class='avia-image-overlay-wrap'><img class='avia_image ' src='https:\/\/extension.unvm.edu.ar\/wp-content\/uploads\/2021\/10\/logo-peuam-sin-a\u00f1o-22-300x137.png' alt='' title='logo peuam sin a\u00f1o-22' height=\"137\"width=\"300\"  itemprop=\"thumbnailUrl\"  \/><\/div><\/div><\/div><\/div><div class=\"flex_column av_two_third  flex_column_div av-zero-column-padding   \" style='background: #edae44; background-color:#edae44; border-radius:0px; '><div class=\"togglecontainer   toggle_close_all \" >\n<section class=\"av_toggle_section\"  itemscope=\"itemscope\" itemtype=\"https:\/\/schema.org\/CreativeWork\"  >    <div class=\"single_toggle\" data-tags=\"{Todo} \"  >        <p data-fake-id=\"#toggle-id-1\" class=\"toggler  av-inherit-border-color \"  itemprop=\"headline\"  style='border-color: #edae44; '>Historia<span class=\"toggle_icon\" >        <span class=\"vert_icon\"><\/span><span class=\"hor_icon\"><\/span><\/span><\/p>        <div id=\"toggle-id-1-container\" class=\"toggle_wrap \"  >            <div class=\"toggle_content invers-color  av-inherit-border-color \"  itemprop=\"text\"  style='border-color: #edae44; ' ><h4>El <em>Programa de Extensi\u00f3n Universitario para Adultos Mayores (PEUAM)<\/em>, fue creado el 15 de septiembre de 1999 a trav\u00e9s de la Resoluci\u00f3n Rectoral N\u00b0 357\/99 que aprob\u00f3 la creaci\u00f3n de los \u201cTalleres Educativos para Adultos mayores\u201d.<\/h4>\n<h4>El programa se propone desarrollar una pol\u00edtica educativa para las personas de edad, atendiendo a las caracter\u00edsticas propias del ciclo vital y a las necesidades de educaci\u00f3n permanente, en el marco de la Convenci\u00f3n Interamericana sobre Protecci\u00f3n de los Derechos Humanos de las Personas Mayores.<\/h4>\n            <\/div>        <\/div>    <\/div><\/section>\n<section class=\"av_toggle_section\"  itemscope=\"itemscope\" itemtype=\"https:\/\/schema.org\/CreativeWork\"  >    <div class=\"single_toggle\" data-tags=\"{Todo} \"  >        <p data-fake-id=\"#toggle-id-2\" class=\"toggler  av-inherit-border-color \"  itemprop=\"headline\"  style='border-color: #edae44; '>Destinatarios<span class=\"toggle_icon\" >        <span class=\"vert_icon\"><\/span><span class=\"hor_icon\"><\/span><\/span><\/p>        <div id=\"toggle-id-2-container\" class=\"toggle_wrap \"  >            <div class=\"toggle_content invers-color  av-inherit-border-color \"  itemprop=\"text\"  style='border-color: #edae44; ' ><ul>\n<li>\n<h4 style=\"text-align: left;\">Est\u00e1 destinado a personas <strong>mayores de 60 a\u00f1os.<\/strong><\/h4>\n<\/li>\n<\/ul>\n            <\/div>        <\/div>    <\/div><\/section>\n<section class=\"av_toggle_section\"  itemscope=\"itemscope\" itemtype=\"https:\/\/schema.org\/CreativeWork\"  >    <div class=\"single_toggle\" data-tags=\"{Todo} \"  >        <p data-fake-id=\"#toggle-id-3\" class=\"toggler  av-inherit-border-color \"  itemprop=\"headline\"  style='border-color: #edae44; '>Objetivos<span class=\"toggle_icon\" >        <span class=\"vert_icon\"><\/span><span class=\"hor_icon\"><\/span><\/span><\/p>        <div id=\"toggle-id-3-container\" class=\"toggle_wrap \"  >            <div class=\"toggle_content invers-color  av-inherit-border-color \"  itemprop=\"text\"  style='border-color: #edae44; ' ><ul>\n<li style=\"text-align: center;\">\n<h4 style=\"text-align: left;\">Promueve la realizaci\u00f3n de actividades donde se combinen clases te\u00f3ricas, trabajos grupales, investigaciones de campo, viajes de estudio y mesas redondas.<\/h4>\n<\/li>\n<li style=\"text-align: center;\">\n<h4 style=\"text-align: left;\">\u00a0Acercar la Universidad a los adultos mayores, creando un espacio real de aprendizaje e intercambio.<\/h4>\n<\/li>\n<li style=\"text-align: center;\">\n<h4 style=\"text-align: left;\">Estimular el uso del tiempo libre de manera creativa y enriquecedora para el desarrollo personal posibilitando la formaci\u00f3n de nuevos v\u00ednculos sociales.<\/h4>\n<\/li>\n<li style=\"text-align: center;\">\n<h4 style=\"text-align: left;\">Propiciar espacios de participaci\u00f3n, solidaridad y comunicaci\u00f3n entre los adultos mayores, su familia y comunidad.<\/h4>\n<\/li>\n<li style=\"text-align: center;\">\n<h4 style=\"text-align: left;\">Desarrollar y consolidar la salud, sus capacidades creativas, cognoscitivas y sociales contribuyendo al mejoramiento de la calidad de vida.<\/h4>\n<\/li>\n<\/ul>\n            <\/div>        <\/div>    <\/div><\/section>\n<section class=\"av_toggle_section\"  itemscope=\"itemscope\" itemtype=\"https:\/\/schema.org\/CreativeWork\"  >    <div class=\"single_toggle\" data-tags=\"{Todo} \"  >        <p data-fake-id=\"#toggle-id-4\" class=\"toggler  av-inherit-border-color \"  itemprop=\"headline\"  style='border-color: #edae44; '>Talleres 2025<span class=\"toggle_icon\" >        <span class=\"vert_icon\"><\/span><span class=\"hor_icon\"><\/span><\/span><\/p>        <div id=\"toggle-id-4-container\" class=\"toggle_wrap \"  >            <div class=\"toggle_content invers-color  av-inherit-border-color \"  itemprop=\"text\"  style='border-color: #edae44; ' ><ul>\n<li><strong>Gimnasia \u201cPuro Movimiento\u201d<\/strong>\u2013 Profesora: Mar\u00eda Celeste Barrionuevo<\/li>\n<li>Mi\u00e9rcoles y viernes de 9.15 a 10.15 hs. Instituto de Extensi\u00f3n.<\/li>\n<\/ul>\n<ul>\n<li><strong>Gimnasia Postural activa<\/strong><\/li>\n<li>Profesora Evangelina Roberto: Martes y jueves de 14 a 15 hs. Instituto de Extensi\u00f3n.<\/li>\n<li>Profesora Fabiola Calder\u00f3n: Jueves de 10 a 12 hs. Instituto de Extensi\u00f3n.<\/li>\n<\/ul>\n<ul>\n<li><strong>Historia del Arte<\/strong>\u2013 Profesora: Fabiana Romano<\/li>\n<li>Jueves de 10 a 12 hs. Campus UNVM.<\/li>\n<\/ul>\n<ul>\n<li><strong>Yoga y meditaci\u00f3n<\/strong>\u2013 Profesora: Luciana Molina<\/li>\n<li>Lunes de 15 a 16 hs. y Mi\u00e9rcoles de 16 a 17 hs. Instituto de Extensi\u00f3n.<\/li>\n<\/ul>\n<ul>\n<li><strong>Teatro<\/strong>\u00a0\u2013 Profesora: Yohana Ben\u00edtez<\/li>\n<li>Lunes de 16 a 18 hs. Instituto de Extensi\u00f3n.<\/li>\n<\/ul>\n<ul>\n<li><strong>Pintura y Dibujo<\/strong>\u2013 Profesora: Fabiana V\u00e1zquez<\/li>\n<li>Lunes de 14 a 16 hs. Campus UNVM.<\/li>\n<\/ul>\n<ul>\n<li><strong>Computaci\u00f3n \u201cMayores conectad@s-\u00a0<\/strong>Profesor: Gast\u00f3n Toscano<\/li>\n<li>Viernes de 16 a 18 hs. Campus UNVM<\/li>\n<\/ul>\n<ul>\n<li><strong>Ingl\u00e9s para la vida Nivel 1-\u00a0<\/strong>Profesora: Julia Ancarani<\/li>\n<li>Martes de 10 a 12 hs. Campus UNVM.<\/li>\n<\/ul>\n<ul>\n<li><strong>Ingl\u00e9s para la vida Nivel 2-\u00a0<\/strong>Profesora: Fiorella Buffa<\/li>\n<li>Martes de 10 a 12 hs. Campus UNVM.<\/li>\n<\/ul>\n<ul>\n<li><strong>Ingl\u00e9s para la vida Nivel 3-\u00a0<\/strong>Profesora: Mariana Falco<\/li>\n<li>Lunes de 10 a 12 hs. Campus UNVM.<\/li>\n<\/ul>\n            <\/div>        <\/div>    <\/div><\/section>\n<\/div><\/div><\/div><\/div><\/div><!-- close content main div --><\/div><\/div><\/div><div id='after_section_1' class='main_color av_default_container_wrap container_wrap sidebar_right'   ><div class='container' ><div class='template-page content  av-content-small alpha units'><div class='post-entry post-entry-type-page post-entry-1517'><div class='entry-content-wrapper clearfix'><div class=\"flex_column av_one_full  flex_column_div av-zero-column-padding first  \" style='border-radius:0px; '><div style='padding-bottom:30px; font-size:30px;' class='av-special-heading av-special-heading-h2  blockquote modern-quote modern-centered   av-inherit-size '><h2 class='av-special-heading-tag '  itemprop=\"headline\"  >Actividades<\/h2><div class='special-heading-border'><div class='special-heading-inner-border' ><\/div><\/div><\/div><\/div><\/p>\n<div class=\"flex_column av_one_third  flex_column_div av-zero-column-padding first  \" style='border-radius:0px; '><div class='avia-button-wrap avia-button-center '><a href='https:\/\/extension.unvm.edu.ar\/?page_id=17717'  class='avia-button   avia-icon_select-no avia-color-orange avia-size-x-large avia-position-center '   ><span class='avia_iconbox_title' >MUESTRA PINTURA<\/span><\/a><\/div><\/div>\n<div class=\"flex_column av_one_third  flex_column_div av-zero-column-padding   \" style='border-radius:0px; '><div class='avia-button-wrap avia-button-center '><a href='https:\/\/extension.unvm.edu.ar\/?page_id=14008'  class='avia-button   avia-icon_select-no avia-color-orange avia-size-x-large avia-position-center '   ><span class='avia_iconbox_title' >MUESTRA DE FOTOGRAF\u00cdA<\/span><\/a><\/div><\/div>\n<div class=\"flex_column av_one_third  flex_column_div av-zero-column-padding   \" style='border-radius:0px; '><div class='avia-button-wrap avia-button-center '><a href='https:\/\/extension.unvm.edu.ar\/?page_id=13797'  class='avia-button   avia-icon_select-no avia-color-orange avia-size-x-large avia-position-center '   ><span class='avia_iconbox_title' >RELATOS: UN RECUERDO <\/span><\/a><\/div><\/div>\n<div  class='hr hr-default  '><span class='hr-inner ' ><span class='hr-inner-style'><\/span><\/span><\/div>\n<div class=\"flex_column av_one_full  flex_column_div av-zero-column-padding first  \" style='border-radius:0px; '><p><div style='padding-bottom:30px; font-size:30px;' class='av-special-heading av-special-heading-h2  blockquote modern-quote modern-centered  av-inherit-size '><h2 class='av-special-heading-tag '  itemprop=\"headline\"  >Novedades<\/h2><div class='special-heading-border'><div class='special-heading-inner-border' ><\/div><\/div><\/div><br \/>\n<div id='av-masonry-2' class='av-masonry  noHover av-fixed-size av-large-gap av-hover-overlay-active av-masonry-col-3 av-caption-always av-caption-style-    '  ><div class='av-masonry-container isotope av-js-disabled ' ><div class='av-masonry-entry isotope-item av-masonry-item-no-image all_sort novedades_sort  peuam_sort '><\/div><a href=\"https:\/\/extension.unvm.edu.ar\/?p=30517\" id='av-masonry-2-item-30517' data-av-masonry-item='30517' class='av-masonry-entry isotope-item post-30517 post type-post status-publish format-standard has-post-thumbnail hentry category-novedades category-peuam all_sort novedades_sort  peuam_sort  av-masonry-item-with-image' title=\"Talleres 2026: Inscripciones abiertas\"  itemscope=\"itemscope\" itemtype=\"https:\/\/schema.org\/CreativeWork\" ><div class='av-inner-masonry-sizer'><\/div><figure class='av-inner-masonry main_color'><div class=\"av-masonry-outerimage-container\"><div class=\"av-masonry-image-container\" style=\"background-image: url(https:\/\/extension.unvm.edu.ar\/wp-content\/uploads\/2026\/03\/DSC_0251-705x470.jpg);\"><\/div><\/div><figcaption class='av-inner-masonry-content site-background'><div class='av-inner-masonry-content-pos'><div class='av-inner-masonry-content-pos-content'><div class='avia-arrow'><\/div><h3 class='av-masonry-entry-title entry-title'  itemprop=\"headline\" >Talleres 2026: Inscripciones abiertas<\/h3><div class='av-masonry-entry-content entry-content'  itemprop=\"text\" >Se encuentran abiertas las inscripciones hasta el 31 de marzo,\u2026<\/div><span class='av-masonry-date meta-color updated'>9 marzo, 2026<\/span><span class=\"av-masonry-text-sep text-sep-author\">\/<\/span><span class='av-masonry-author meta-color vcard author'><span class='fn'>por Diamela Comunicadora<\/span><\/span><\/div><\/div><\/figcaption><\/figure><\/a><!--end av-masonry entry--><a href=\"https:\/\/extension.unvm.edu.ar\/?p=30221\" id='av-masonry-2-item-30221' data-av-masonry-item='30221' class='av-masonry-entry isotope-item post-30221 post type-post status-publish format-standard has-post-thumbnail hentry category-novedades category-peuam all_sort novedades_sort  peuam_sort  av-masonry-item-with-image' title=\"Presentaci\u00f3n de propuestas 2026\"  itemscope=\"itemscope\" itemtype=\"https:\/\/schema.org\/CreativeWork\" ><div class='av-inner-masonry-sizer'><\/div><figure class='av-inner-masonry main_color'><div class=\"av-masonry-outerimage-container\"><div class=\"av-masonry-image-container\" style=\"background-image: url(https:\/\/extension.unvm.edu.ar\/wp-content\/uploads\/2025\/12\/banner-10-705x189.png);\"><\/div><\/div><figcaption class='av-inner-masonry-content site-background'><div class='av-inner-masonry-content-pos'><div class='av-inner-masonry-content-pos-content'><div class='avia-arrow'><\/div><h3 class='av-masonry-entry-title entry-title'  itemprop=\"headline\" >Presentaci\u00f3n de propuestas 2026<\/h3><div class='av-masonry-entry-content entry-content'  itemprop=\"text\" >A partir del 5 de enero se abren las convocatorias para la\u2026<\/div><span class='av-masonry-date meta-color updated'>17 diciembre, 2025<\/span><span class=\"av-masonry-text-sep text-sep-author\">\/<\/span><span class='av-masonry-author meta-color vcard author'><span class='fn'>por Diamela Comunicadora<\/span><\/span><\/div><\/div><\/figcaption><\/figure><\/a><!--end av-masonry entry--><a href=\"https:\/\/extension.unvm.edu.ar\/?p=30205\" id='av-masonry-2-item-30205' data-av-masonry-item='30205' class='av-masonry-entry isotope-item post-30205 post type-post status-publish format-standard has-post-thumbnail hentry category-novedades category-peuam all_sort novedades_sort  peuam_sort  av-masonry-item-with-image' title=\"Cierre de talleres 2025\"  itemscope=\"itemscope\" itemtype=\"https:\/\/schema.org\/CreativeWork\" ><div class='av-inner-masonry-sizer'><\/div><figure class='av-inner-masonry main_color'><div class=\"av-masonry-outerimage-container\"><div class=\"av-masonry-image-container\" style=\"background-image: url(https:\/\/extension.unvm.edu.ar\/wp-content\/uploads\/2025\/11\/583263484_1458196069202616_7884209712886407446_n-e1763486807286-705x342.jpg);\"><\/div><\/div><figcaption class='av-inner-masonry-content site-background'><div class='av-inner-masonry-content-pos'><div class='av-inner-masonry-content-pos-content'><div class='avia-arrow'><\/div><h3 class='av-masonry-entry-title entry-title'  itemprop=\"headline\" >Cierre de talleres 2025<\/h3><div class='av-masonry-entry-content entry-content'  itemprop=\"text\" >Meditaci\u00f3n, Yoga, Teatro, Historia del Arte y Alimentaci\u00f3n\u2026<\/div><span class='av-masonry-date meta-color updated'>28 noviembre, 2025<\/span><span class=\"av-masonry-text-sep text-sep-author\">\/<\/span><span class='av-masonry-author meta-color vcard author'><span class='fn'>por Diamela Comunicadora<\/span><\/span><\/div><\/div><\/figcaption><\/figure><\/a><!--end av-masonry entry--><\/div><a class='av-masonry-pagination av-masonry-load-more' href='#load-more'  data-ids=''  data-action=''  data-link='category, 34'  data-post_type='post, page, attachment, revision, nav_menu_item, custom_css, customize_changeset, oembed_cache, user_request, wp_block, wp_template, wp_template_part, wp_global_styles, wp_navigation, wp_font_family, wp_font_face, itsec-dashboard, itsec-dash-card, exactmetrics_note, portfolio, avia_framework_post'  data-items='3'  data-size='fixed'  data-gap='large'  data-overlay_fx='active'  data-offset='0'  data-container_links='1'  data-container_class=''  data-paginate='load_more'  data-caption_elements='title excerpt'  data-caption_display='always'  data-caption_styling=''  data-wc_prod_visible=''  data-prod_order_by=''  data-prod_order=''  data-sort='yes'  data-columns='3'  data-auto_ratio='1.7'  data-set_breadcrumb='1'  data-custom_markup=''  data-query_orderby='date'  data-query_order='DESC'  data-color=''  data-custom_bg=''  data-custom_class=''  data-orientation=''  data-taxonomy='category'  data-categories='34'  data-avno='47a6107ed1'>Cargar m\u00e1s<\/a><\/div><\/p><\/div>\n","protected":false},"excerpt":{"rendered":"","protected":false},"author":12,"featured_media":0,"parent":0,"menu_order":0,"comment_status":"closed","ping_status":"closed","template":"","meta":{"_exactmetrics_skip_tracking":false,"_exactmetrics_sitenote_active":false,"_exactmetrics_sitenote_note":"","_exactmetrics_sitenote_category":0,"footnotes":""},"class_list":["post-1517","page","type-page","status-publish","hentry"],"_links":{"self":[{"href":"https:\/\/extension.unvm.edu.ar\/index.php?rest_route=\/wp\/v2\/pages\/1517"}],"collection":[{"href":"https:\/\/extension.unvm.edu.ar\/index.php?rest_route=\/wp\/v2\/pages"}],"about":[{"href":"https:\/\/extension.unvm.edu.ar\/index.php?rest_route=\/wp\/v2\/types\/page"}],"author":[{"embeddable":true,"href":"https:\/\/extension.unvm.edu.ar\/index.php?rest_route=\/wp\/v2\/users\/12"}],"replies":[{"embeddable":true,"href":"https:\/\/extension.unvm.edu.ar\/index.php?rest_route=%2Fwp%2Fv2%2Fcomments&post=1517"}],"version-history":[{"count":35,"href":"https:\/\/extension.unvm.edu.ar\/index.php?rest_route=\/wp\/v2\/pages\/1517\/revisions"}],"predecessor-version":[{"id":29390,"href":"https:\/\/extension.unvm.edu.ar\/index.php?rest_route=\/wp\/v2\/pages\/1517\/revisions\/29390"}],"wp:attachment":[{"href":"https:\/\/extension.unvm.edu.ar\/index.php?rest_route=%2Fwp%2Fv2%2Fmedia&parent=1517"}],"curies":[{"name":"wp","href":"https:\/\/api.w.org\/{rel}","templated":true}]}}