{"id":1461,"date":"2016-11-10T21:35:45","date_gmt":"2016-11-10T21:35:45","guid":{"rendered":"http:\/\/si.unvm.edu.ar\/?page_id=1461"},"modified":"2019-04-25T02:49:47","modified_gmt":"2019-04-25T02:49:47","slug":"novedades","status":"publish","type":"page","link":"https:\/\/extension.unvm.edu.ar\/?page_id=1461","title":{"rendered":"Novedades"},"content":{"rendered":"<\/div><\/div><\/div><!-- close content main div --><\/div><\/div><div id='av_section_1' class='avia-section main_color avia-section-large avia-no-border-styling avia-bg-style-scroll   container_wrap sidebar_right' style = 'background-image: '  ><div class='av-section-color-overlay-wrap'><a href='#next-section' title='' class='scroll-down-link '  aria-hidden='true' data-av_icon='\ue877' data-av_iconfont='entypo-fontello'><\/a><div class='container' ><div class='template-page content  av-content-small alpha units'><div class='post-entry post-entry-type-page post-entry-1461'><div class='entry-content-wrapper clearfix'>\n<div class=\"flex_column av_two_third  flex_column_div av-zero-column-padding first  \" style='border-radius:0px; '><p><div style='padding-bottom:30px; font-size:70px;' class='av-special-heading av-special-heading-h1  blockquote modern-quote   av-inherit-size '><h1 class='av-special-heading-tag '  itemprop=\"headline\"  >Noticias<\/h1><div class='special-heading-border'><div class='special-heading-inner-border' ><\/div><\/div><\/div><br \/>\n<section class=\"av_textblock_section \"  itemscope=\"itemscope\" itemtype=\"https:\/\/schema.org\/CreativeWork\" ><div class='avia_textblock  '   itemprop=\"text\" ><p>Conozca todas las noticias relacionadas a la <strong>UNVM.<\/strong><\/p>\n<\/div><\/section><br \/>\n<div style='height:50px' class='hr hr-invisible  '><span class='hr-inner ' ><span class='hr-inner-style'><\/span><\/span><\/div><br \/>\n<div id='av-masonry-1' class='av-masonry  noHover av-fixed-size av-large-gap av-hover-overlay-active av-masonry-col-3 av-caption-always av-caption-style-  av-orientation-portrait-large  '  ><div class='av-masonry-container isotope av-js-disabled ' ><div class='av-masonry-entry isotope-item av-masonry-item-no-image all_sort novedades_sort  peuam_sort  proyectos_sort '><\/div><a href=\"https:\/\/extension.unvm.edu.ar\/?p=30560\" id='av-masonry-1-item-30560' data-av-masonry-item='30560' class='av-masonry-entry isotope-item post-30560 post type-post status-publish format-standard has-post-thumbnail hentry category-novedades all_sort novedades_sort  av-masonry-item-with-image' title=\"Por su programa UNIPYMES, la UNVM es finalista en un premio internacional\"  itemscope=\"itemscope\" itemtype=\"https:\/\/schema.org\/CreativeWork\" ><div class='av-inner-masonry-sizer'><\/div><figure class='av-inner-masonry main_color'><div class=\"av-masonry-outerimage-container\"><div class=\"av-masonry-image-container\" style=\"background-image: url(https:\/\/extension.unvm.edu.ar\/wp-content\/uploads\/2025\/11\/579925405_1453949266293963_2452279703913886215_n-705x470.jpg);\"><\/div><\/div><figcaption class='av-inner-masonry-content site-background'><div class='av-inner-masonry-content-pos'><div class='av-inner-masonry-content-pos-content'><div class='avia-arrow'><\/div><h3 class='av-masonry-entry-title entry-title'  itemprop=\"headline\" >Por su programa UNIPYMES, la UNVM es finalista en un premio internacional<\/h3><div class='av-masonry-entry-content entry-content'  itemprop=\"text\" >La propuesta seleccionada entre iniciativas de todo el continente\u2026<\/div><span class='av-masonry-date meta-color updated'>13 abril, 2026<\/span><span class=\"av-masonry-text-sep text-sep-author\">\/<\/span><span class='av-masonry-author meta-color vcard author'><span class='fn'>por Diamela Comunicadora<\/span><\/span><\/div><\/div><\/figcaption><\/figure><\/a><!--end av-masonry entry--><a href=\"https:\/\/extension.unvm.edu.ar\/?p=30544\" id='av-masonry-1-item-30544' data-av-masonry-item='30544' class='av-masonry-entry isotope-item post-30544 post type-post status-publish format-standard has-post-thumbnail hentry category-novedades all_sort novedades_sort  av-masonry-item-with-image' title=\"UNIPYMES: Convocatoria abierta\"  itemscope=\"itemscope\" itemtype=\"https:\/\/schema.org\/CreativeWork\" ><div class='av-inner-masonry-sizer'><\/div><figure class='av-inner-masonry main_color'><div class=\"av-masonry-outerimage-container\"><div class=\"av-masonry-image-container\" style=\"background-image: url(https:\/\/extension.unvm.edu.ar\/wp-content\/uploads\/2026\/03\/Ventanilla-2026_Mesa-de-trabajo-1-e1774541775879-705x392.png);\"><\/div><\/div><figcaption class='av-inner-masonry-content site-background'><div class='av-inner-masonry-content-pos'><div class='av-inner-masonry-content-pos-content'><div class='avia-arrow'><\/div><h3 class='av-masonry-entry-title entry-title'  itemprop=\"headline\" >UNIPYMES: Convocatoria abierta<\/h3><div class='av-masonry-entry-content entry-content'  itemprop=\"text\" >Est\u00e1 dirigida a estudiantes avanzados\/as de las carreras\u2026<\/div><span class='av-masonry-date meta-color updated'>26 marzo, 2026<\/span><span class=\"av-masonry-text-sep text-sep-author\">\/<\/span><span class='av-masonry-author meta-color vcard author'><span class='fn'>por Diamela Comunicadora<\/span><\/span><\/div><\/div><\/figcaption><\/figure><\/a><!--end av-masonry entry--><a href=\"https:\/\/extension.unvm.edu.ar\/?p=29529\" id='av-masonry-1-item-29529' data-av-masonry-item='29529' class='av-masonry-entry isotope-item post-29529 post type-post status-publish format-standard has-post-thumbnail hentry category-novedades all_sort novedades_sort  av-masonry-item-with-image' title=\"Extensi\u00f3n abre inscripciones a diplomaturas en educaci\u00f3n junto a Fundaci\u00f3n Aula Abierta\"  itemscope=\"itemscope\" itemtype=\"https:\/\/schema.org\/CreativeWork\" ><div class='av-inner-masonry-sizer'><\/div><figure class='av-inner-masonry main_color'><div class=\"av-masonry-outerimage-container\"><div class=\"av-masonry-image-container\" style=\"background-image: url(https:\/\/extension.unvm.edu.ar\/wp-content\/uploads\/2025\/07\/Anuncios-NA_08_A-705x705.png);\"><\/div><\/div><figcaption class='av-inner-masonry-content site-background'><div class='av-inner-masonry-content-pos'><div class='av-inner-masonry-content-pos-content'><div class='avia-arrow'><\/div><h3 class='av-masonry-entry-title entry-title'  itemprop=\"headline\" >Extensi\u00f3n abre inscripciones a diplomaturas en educaci\u00f3n junto a Fundaci\u00f3n Aula Abierta<\/h3><div class='av-masonry-entry-content entry-content'  itemprop=\"text\" >El Instituto de Extensi\u00f3n de la Universidad Nacional de Villa\u2026<\/div><span class='av-masonry-date meta-color updated'>13 marzo, 2026<\/span><span class=\"av-masonry-text-sep text-sep-author\">\/<\/span><span class='av-masonry-author meta-color vcard author'><span class='fn'>por Diamela Comunicadora<\/span><\/span><\/div><\/div><\/figcaption><\/figure><\/a><!--end av-masonry entry--><a href=\"https:\/\/extension.unvm.edu.ar\/?p=30517\" id='av-masonry-1-item-30517' data-av-masonry-item='30517' class='av-masonry-entry isotope-item post-30517 post type-post status-publish format-standard has-post-thumbnail hentry category-novedades category-peuam all_sort novedades_sort  peuam_sort  av-masonry-item-with-image' title=\"Talleres 2026: Inscripciones abiertas\"  itemscope=\"itemscope\" itemtype=\"https:\/\/schema.org\/CreativeWork\" ><div class='av-inner-masonry-sizer'><\/div><figure class='av-inner-masonry main_color'><div class=\"av-masonry-outerimage-container\"><div class=\"av-masonry-image-container\" style=\"background-image: url(https:\/\/extension.unvm.edu.ar\/wp-content\/uploads\/2026\/03\/DSC_0251-705x470.jpg);\"><\/div><\/div><figcaption class='av-inner-masonry-content site-background'><div class='av-inner-masonry-content-pos'><div class='av-inner-masonry-content-pos-content'><div class='avia-arrow'><\/div><h3 class='av-masonry-entry-title entry-title'  itemprop=\"headline\" >Talleres 2026: Inscripciones abiertas<\/h3><div class='av-masonry-entry-content entry-content'  itemprop=\"text\" >Se encuentran abiertas las inscripciones hasta el 31 de marzo,\u2026<\/div><span class='av-masonry-date meta-color updated'>9 marzo, 2026<\/span><span class=\"av-masonry-text-sep text-sep-author\">\/<\/span><span class='av-masonry-author meta-color vcard author'><span class='fn'>por Diamela Comunicadora<\/span><\/span><\/div><\/div><\/figcaption><\/figure><\/a><!--end av-masonry entry--><a href=\"https:\/\/extension.unvm.edu.ar\/?p=30500\" id='av-masonry-1-item-30500' data-av-masonry-item='30500' class='av-masonry-entry isotope-item post-30500 post type-post status-publish format-standard has-post-thumbnail hentry category-novedades all_sort novedades_sort  av-masonry-item-with-image' title=\"Extensi\u00f3n present\u00f3 el Programa Cultura Comunitaria\"  itemscope=\"itemscope\" itemtype=\"https:\/\/schema.org\/CreativeWork\" ><div class='av-inner-masonry-sizer'><\/div><figure class='av-inner-masonry main_color'><div class=\"av-masonry-outerimage-container\"><div class=\"av-masonry-image-container\" style=\"background-image: url(https:\/\/extension.unvm.edu.ar\/wp-content\/uploads\/2026\/03\/DSC_0259-705x470.jpg);\"><\/div><\/div><figcaption class='av-inner-masonry-content site-background'><div class='av-inner-masonry-content-pos'><div class='av-inner-masonry-content-pos-content'><div class='avia-arrow'><\/div><h3 class='av-masonry-entry-title entry-title'  itemprop=\"headline\" >Extensi\u00f3n present\u00f3 el Programa Cultura Comunitaria<\/h3><div class='av-masonry-entry-content entry-content'  itemprop=\"text\" >La iniciativa prev\u00e9 un ciclo de pensatorios y la realizaci\u00f3n\u2026<\/div><span class='av-masonry-date meta-color updated'>3 marzo, 2026<\/span><span class=\"av-masonry-text-sep text-sep-author\">\/<\/span><span class='av-masonry-author meta-color vcard author'><span class='fn'>por Diamela Comunicadora<\/span><\/span><\/div><\/div><\/figcaption><\/figure><\/a><!--end av-masonry entry--><a href=\"https:\/\/extension.unvm.edu.ar\/?p=30221\" id='av-masonry-1-item-30221' data-av-masonry-item='30221' class='av-masonry-entry isotope-item post-30221 post type-post status-publish format-standard has-post-thumbnail hentry category-novedades category-peuam all_sort novedades_sort  peuam_sort  av-masonry-item-with-image' title=\"Presentaci\u00f3n de propuestas 2026\"  itemscope=\"itemscope\" itemtype=\"https:\/\/schema.org\/CreativeWork\" ><div class='av-inner-masonry-sizer'><\/div><figure class='av-inner-masonry main_color'><div class=\"av-masonry-outerimage-container\"><div class=\"av-masonry-image-container\" style=\"background-image: url(https:\/\/extension.unvm.edu.ar\/wp-content\/uploads\/2025\/12\/banner-10-705x189.png);\"><\/div><\/div><figcaption class='av-inner-masonry-content site-background'><div class='av-inner-masonry-content-pos'><div class='av-inner-masonry-content-pos-content'><div class='avia-arrow'><\/div><h3 class='av-masonry-entry-title entry-title'  itemprop=\"headline\" >Presentaci\u00f3n de propuestas 2026<\/h3><div class='av-masonry-entry-content entry-content'  itemprop=\"text\" >A partir del 5 de enero se abren las convocatorias para la\u2026<\/div><span class='av-masonry-date meta-color updated'>17 diciembre, 2025<\/span><span class=\"av-masonry-text-sep text-sep-author\">\/<\/span><span class='av-masonry-author meta-color vcard author'><span class='fn'>por Diamela Comunicadora<\/span><\/span><\/div><\/div><\/figcaption><\/figure><\/a><!--end av-masonry entry--><a href=\"https:\/\/extension.unvm.edu.ar\/?p=30205\" id='av-masonry-1-item-30205' data-av-masonry-item='30205' class='av-masonry-entry isotope-item post-30205 post type-post status-publish format-standard has-post-thumbnail hentry category-novedades category-peuam all_sort novedades_sort  peuam_sort  av-masonry-item-with-image' title=\"Cierre de talleres 2025\"  itemscope=\"itemscope\" itemtype=\"https:\/\/schema.org\/CreativeWork\" ><div class='av-inner-masonry-sizer'><\/div><figure class='av-inner-masonry main_color'><div class=\"av-masonry-outerimage-container\"><div class=\"av-masonry-image-container\" style=\"background-image: url(https:\/\/extension.unvm.edu.ar\/wp-content\/uploads\/2025\/11\/583263484_1458196069202616_7884209712886407446_n-e1763486807286-705x342.jpg);\"><\/div><\/div><figcaption class='av-inner-masonry-content site-background'><div class='av-inner-masonry-content-pos'><div class='av-inner-masonry-content-pos-content'><div class='avia-arrow'><\/div><h3 class='av-masonry-entry-title entry-title'  itemprop=\"headline\" >Cierre de talleres 2025<\/h3><div class='av-masonry-entry-content entry-content'  itemprop=\"text\" >Meditaci\u00f3n, Yoga, Teatro, Historia del Arte y Alimentaci\u00f3n\u2026<\/div><span class='av-masonry-date meta-color updated'>28 noviembre, 2025<\/span><span class=\"av-masonry-text-sep text-sep-author\">\/<\/span><span class='av-masonry-author meta-color vcard author'><span class='fn'>por Diamela Comunicadora<\/span><\/span><\/div><\/div><\/figcaption><\/figure><\/a><!--end av-masonry entry--><a href=\"https:\/\/extension.unvm.edu.ar\/?p=30199\" id='av-masonry-1-item-30199' data-av-masonry-item='30199' class='av-masonry-entry isotope-item post-30199 post type-post status-publish format-standard has-post-thumbnail hentry category-novedades all_sort novedades_sort  av-masonry-item-with-image' title=\"Incubadora de emprendimientos: Cierre Cohorte 2025\"  itemscope=\"itemscope\" itemtype=\"https:\/\/schema.org\/CreativeWork\" ><div class='av-inner-masonry-sizer'><\/div><figure class='av-inner-masonry main_color'><div class=\"av-masonry-outerimage-container\"><div class=\"av-masonry-image-container\" style=\"background-image: url(https:\/\/extension.unvm.edu.ar\/wp-content\/uploads\/2025\/11\/579925405_1453949266293963_2452279703913886215_n-705x470.jpg);\"><\/div><\/div><figcaption class='av-inner-masonry-content site-background'><div class='av-inner-masonry-content-pos'><div class='av-inner-masonry-content-pos-content'><div class='avia-arrow'><\/div><h3 class='av-masonry-entry-title entry-title'  itemprop=\"headline\" >Incubadora de emprendimientos: Cierre Cohorte 2025<\/h3><div class='av-masonry-entry-content entry-content'  itemprop=\"text\" >El programa de la UNVM y AERCA, finaliz\u00f3 la etapa de formaci\u00f3n\u2026<\/div><span class='av-masonry-date meta-color updated'>18 noviembre, 2025<\/span><span class=\"av-masonry-text-sep text-sep-author\">\/<\/span><span class='av-masonry-author meta-color vcard author'><span class='fn'>por Diamela Comunicadora<\/span><\/span><\/div><\/div><\/figcaption><\/figure><\/a><!--end av-masonry entry--><a href=\"https:\/\/extension.unvm.edu.ar\/?p=30170\" id='av-masonry-1-item-30170' data-av-masonry-item='30170' class='av-masonry-entry isotope-item post-30170 post type-post status-publish format-standard has-post-thumbnail hentry category-novedades category-proyectos all_sort novedades_sort  proyectos_sort  av-masonry-item-with-image' title=\"Ya est\u00e1n disponibles los resultados de los Proyectos de Extensi\u00f3n 2025\"  itemscope=\"itemscope\" itemtype=\"https:\/\/schema.org\/CreativeWork\" ><div class='av-inner-masonry-sizer'><\/div><figure class='av-inner-masonry main_color'><div class=\"av-masonry-outerimage-container\"><div class=\"av-masonry-image-container\" style=\"background-image: url(https:\/\/extension.unvm.edu.ar\/wp-content\/uploads\/2025\/10\/DSC_0270-705x470.jpg);\"><\/div><\/div><figcaption class='av-inner-masonry-content site-background'><div class='av-inner-masonry-content-pos'><div class='av-inner-masonry-content-pos-content'><div class='avia-arrow'><\/div><h3 class='av-masonry-entry-title entry-title'  itemprop=\"headline\" >Ya est\u00e1n disponibles los resultados de los Proyectos de Extensi\u00f3n 2025<\/h3><div class='av-masonry-entry-content entry-content'  itemprop=\"text\" >Este a\u00f1o, con un gran esfuerzo institucional, la Universidad\u2026<\/div><span class='av-masonry-date meta-color updated'>20 octubre, 2025<\/span><span class=\"av-masonry-text-sep text-sep-author\">\/<\/span><span class='av-masonry-author meta-color vcard author'><span class='fn'>por Diamela Comunicadora<\/span><\/span><\/div><\/div><\/figcaption><\/figure><\/a><!--end av-masonry entry--><a href=\"https:\/\/extension.unvm.edu.ar\/?p=30103\" id='av-masonry-1-item-30103' data-av-masonry-item='30103' class='av-masonry-entry isotope-item post-30103 post type-post status-publish format-standard has-post-thumbnail hentry category-novedades all_sort novedades_sort  av-masonry-item-with-image' title=\"Cursos UPAMI en la UNVM: formaci\u00f3n gratuita para personas mayores\"  itemscope=\"itemscope\" itemtype=\"https:\/\/schema.org\/CreativeWork\" ><div class='av-inner-masonry-sizer'><\/div><figure class='av-inner-masonry main_color'><div class=\"av-masonry-outerimage-container\"><div class=\"av-masonry-image-container\" style=\"background-image: url(https:\/\/extension.unvm.edu.ar\/wp-content\/uploads\/2025\/10\/DSC_0494-705x470.jpg);\"><\/div><\/div><figcaption class='av-inner-masonry-content site-background'><div class='av-inner-masonry-content-pos'><div class='av-inner-masonry-content-pos-content'><div class='avia-arrow'><\/div><h3 class='av-masonry-entry-title entry-title'  itemprop=\"headline\" >Cursos UPAMI en la UNVM: formaci\u00f3n gratuita para personas mayores<\/h3><div class='av-masonry-entry-content entry-content'  itemprop=\"text\" >Del de 6 al 10 de octubre estar\u00e1n abiertas las inscripciones\u2026<\/div><span class='av-masonry-date meta-color updated'>2 octubre, 2025<\/span><span class=\"av-masonry-text-sep text-sep-author\">\/<\/span><span class='av-masonry-author meta-color vcard author'><span class='fn'>por Diamela Comunicadora<\/span><\/span><\/div><\/div><\/figcaption><\/figure><\/a><!--end av-masonry entry--><a href=\"https:\/\/extension.unvm.edu.ar\/?p=30085\" id='av-masonry-1-item-30085' data-av-masonry-item='30085' class='av-masonry-entry isotope-item post-30085 post type-post status-publish format-standard has-post-thumbnail hentry category-novedades all_sort novedades_sort  av-masonry-item-with-image' title=\"Llega la cuarta edici\u00f3n de la Feria Saberes y Sabores\"  itemscope=\"itemscope\" itemtype=\"https:\/\/schema.org\/CreativeWork\" ><div class='av-inner-masonry-sizer'><\/div><figure class='av-inner-masonry main_color'><div class=\"av-masonry-outerimage-container\"><div class=\"av-masonry-image-container\" style=\"background-image: url(https:\/\/extension.unvm.edu.ar\/wp-content\/uploads\/2025\/09\/DSC_0147-705x470.jpg);\"><\/div><\/div><figcaption class='av-inner-masonry-content site-background'><div class='av-inner-masonry-content-pos'><div class='av-inner-masonry-content-pos-content'><div class='avia-arrow'><\/div><h3 class='av-masonry-entry-title entry-title'  itemprop=\"headline\" >Llega la cuarta edici\u00f3n de la Feria Saberes y Sabores<\/h3><div class='av-masonry-entry-content entry-content'  itemprop=\"text\" >El 9 de octubre, el Instituto de Extensi\u00f3n de la Universidad\u2026<\/div><span class='av-masonry-date meta-color updated'>29 septiembre, 2025<\/span><span class=\"av-masonry-text-sep text-sep-author\">\/<\/span><span class='av-masonry-author meta-color vcard author'><span class='fn'>por Diamela Comunicadora<\/span><\/span><\/div><\/div><\/figcaption><\/figure><\/a><!--end av-masonry entry--><a href=\"https:\/\/extension.unvm.edu.ar\/?p=29626\" id='av-masonry-1-item-29626' data-av-masonry-item='29626' class='av-masonry-entry isotope-item post-29626 post type-post status-publish format-standard has-post-thumbnail hentry category-novedades all_sort novedades_sort  av-masonry-item-with-image' title=\"Los emprendedores hablaron de IA\"  itemscope=\"itemscope\" itemtype=\"https:\/\/schema.org\/CreativeWork\" ><div class='av-inner-masonry-sizer'><\/div><figure class='av-inner-masonry main_color'><div class=\"av-masonry-outerimage-container\"><div class=\"av-masonry-image-container\" style=\"background-image: url(https:\/\/extension.unvm.edu.ar\/wp-content\/uploads\/2025\/09\/WhatsApp-Image-2025-09-03-at-11.03.47-705x470.jpeg);\"><\/div><\/div><figcaption class='av-inner-masonry-content site-background'><div class='av-inner-masonry-content-pos'><div class='av-inner-masonry-content-pos-content'><div class='avia-arrow'><\/div><h3 class='av-masonry-entry-title entry-title'  itemprop=\"headline\" >Los emprendedores hablaron de IA<\/h3><div class='av-masonry-entry-content entry-content'  itemprop=\"text\" >Se realiz\u00f3 la segunda edici\u00f3n de la Experiencia de Networking\u2026<\/div><span class='av-masonry-date meta-color updated'>3 septiembre, 2025<\/span><span class=\"av-masonry-text-sep text-sep-author\">\/<\/span><span class='av-masonry-author meta-color vcard author'><span class='fn'>por Diamela Comunicadora<\/span><\/span><\/div><\/div><\/figcaption><\/figure><\/a><!--end av-masonry entry--><\/div><a class='av-masonry-pagination av-masonry-load-more' href='#load-more'  data-ids=''  data-action=''  data-link='category, 2'  data-post_type='post, page, attachment, revision, nav_menu_item, custom_css, customize_changeset, oembed_cache, user_request, wp_block, wp_template, wp_template_part, wp_global_styles, wp_navigation, wp_font_family, wp_font_face, itsec-dashboard, itsec-dash-card, exactmetrics_note, portfolio, avia_framework_post'  data-items='12'  data-size='fixed'  data-gap='large'  data-overlay_fx='active'  data-offset='0'  data-container_links='1'  data-container_class=''  data-paginate='load_more'  data-caption_elements='title excerpt'  data-caption_display='always'  data-caption_styling=''  data-wc_prod_visible=''  data-prod_order_by=''  data-prod_order=''  data-sort='yes'  data-columns='3'  data-auto_ratio='1.7'  data-set_breadcrumb='1'  data-custom_markup=''  data-query_orderby='date'  data-query_order='DESC'  data-color=''  data-custom_bg=''  data-custom_class=''  data-orientation='av-orientation-portrait-large'  data-taxonomy='category'  data-categories='2'  data-avno='f0289a9c81'>Cargar m\u00e1s<\/a><\/div><br \/>\n<section class=\"av_textblock_section \"  itemscope=\"itemscope\" itemtype=\"https:\/\/schema.org\/CreativeWork\" ><div class='avia_textblock  '   itemprop=\"text\" ><\/div><\/section><\/p><\/div><div class=\"flex_column av_one_third  flex_column_div av-zero-column-padding   \" style='border-radius:0px; '><div class='avia-builder-widget-area clearfix '><section id=\"search-3\" class=\"widget clearfix widget_search\">\n\n<form action=\"https:\/\/extension.unvm.edu.ar\/\" id=\"searchform\" method=\"get\" class=\"\">\n\t<div>\n\t\t<input type=\"submit\" value=\"\ue803\" id=\"searchsubmit\" class=\"button avia-font-entypo-fontello\" \/>\n\t\t<input type=\"text\" id=\"s\" name=\"s\" value=\"\" placeholder='Buscar' \/>\n\t\t\t<\/div>\n<\/form><span class=\"seperator extralight-border\"><\/span><\/section><section id=\"avia_fb_likebox-2\" class=\"widget clearfix avia_fb_likebox\"><h3 class=\"widgettitle\">Facebook<\/h3><div class='av_facebook_widget_wrap ' ><div class=\"fb-page\" data-width=\"500\" data-href=\"https:\/\/www.facebook.com\/extensionunvm\/\" data-small-header=\"false\" data-adapt-container-width=\"true\" data-hide-cover=\"false\" data-show-facepile=\"true\" data-show-posts=\"false\"><div class=\"fb-xfbml-parse-ignore\"><\/div><\/div><\/div><span class=\"seperator extralight-border\"><\/span><\/section><section id=\"text-6\" class=\"widget clearfix widget_text\"><h3 class=\"widgettitle\">Seguinos<\/h3>\t\t\t<div class=\"textwidget\"><p>[instagram-feed]<\/p>\n<\/div>\n\t\t<span class=\"seperator extralight-border\"><\/span><\/section><\/div><\/div><\/div><\/div><\/div><!-- close content main div --><\/div><\/div><\/div><div id='after_section_1' class='main_color av_default_container_wrap container_wrap sidebar_right'   ><div class='container' ><div class='template-page content  av-content-small alpha units'><div class='post-entry post-entry-type-page post-entry-1461'><div class='entry-content-wrapper clearfix'>\n","protected":false},"excerpt":{"rendered":"","protected":false},"author":12,"featured_media":0,"parent":0,"menu_order":0,"comment_status":"closed","ping_status":"closed","template":"","meta":{"_exactmetrics_skip_tracking":false,"_exactmetrics_sitenote_active":false,"_exactmetrics_sitenote_note":"","_exactmetrics_sitenote_category":0,"footnotes":""},"class_list":["post-1461","page","type-page","status-publish","hentry"],"_links":{"self":[{"href":"https:\/\/extension.unvm.edu.ar\/index.php?rest_route=\/wp\/v2\/pages\/1461"}],"collection":[{"href":"https:\/\/extension.unvm.edu.ar\/index.php?rest_route=\/wp\/v2\/pages"}],"about":[{"href":"https:\/\/extension.unvm.edu.ar\/index.php?rest_route=\/wp\/v2\/types\/page"}],"author":[{"embeddable":true,"href":"https:\/\/extension.unvm.edu.ar\/index.php?rest_route=\/wp\/v2\/users\/12"}],"replies":[{"embeddable":true,"href":"https:\/\/extension.unvm.edu.ar\/index.php?rest_route=%2Fwp%2Fv2%2Fcomments&post=1461"}],"version-history":[{"count":3,"href":"https:\/\/extension.unvm.edu.ar\/index.php?rest_route=\/wp\/v2\/pages\/1461\/revisions"}],"predecessor-version":[{"id":9506,"href":"https:\/\/extension.unvm.edu.ar\/index.php?rest_route=\/wp\/v2\/pages\/1461\/revisions\/9506"}],"wp:attachment":[{"href":"https:\/\/extension.unvm.edu.ar\/index.php?rest_route=%2Fwp%2Fv2%2Fmedia&parent=1461"}],"curies":[{"name":"wp","href":"https:\/\/api.w.org\/{rel}","templated":true}]}}