{"id":13830,"date":"2020-10-26T20:37:07","date_gmt":"2020-10-26T20:37:07","guid":{"rendered":"https:\/\/extension.unvm.edu.ar\/?page_id=13830"},"modified":"2020-10-26T20:53:02","modified_gmt":"2020-10-26T20:53:02","slug":"un-recuerdo-escrito","status":"publish","type":"page","link":"https:\/\/extension.unvm.edu.ar\/?page_id=13830","title":{"rendered":"Un Recuerdo: ESCRITO"},"content":{"rendered":"<\/div><\/div><\/div><!-- close content main div --><\/div><\/div><div id='av_section_1' class='avia-section main_color avia-section-large avia-no-border-styling avia-bg-style-scroll   container_wrap sidebar_right' style = 'background-color: #00938e; background-image: linear-gradient(to right,rgba(0,147,142,0.61),rgba(21,178,178,0.27))'  ><div class='container' ><div class='template-page content  av-content-small alpha units'><div class='post-entry post-entry-type-page post-entry-13830'><div class='entry-content-wrapper clearfix'>\n<div class=\"flex_column av_one_full  flex_column_div av-zero-column-padding first  \" style='border-radius:0px; '><div class='avia-image-container  av-styling-    avia-align-center '  itemprop=\"ImageObject\" itemscope=\"itemscope\" itemtype=\"https:\/\/schema.org\/ImageObject\"  ><div class='avia-image-container-inner'><div class='avia-image-overlay-wrap'><img class='avia_image ' src='https:\/\/extension.unvm.edu.ar\/wp-content\/uploads\/2020\/10\/un-recuerdo-web-03-1030x358.jpg' alt='' title='un recuerdo web-03' height=\"358\"width=\"1030\"  itemprop=\"thumbnailUrl\"  \/><\/div><\/div><\/div><\/div><div style='height:50px' class='hr hr-invisible  '><span class='hr-inner ' ><span class='hr-inner-style'><\/span><\/span><\/div>\n<div class='flex_column_table av-equal-height-column-flextable -flextable' ><div class=\"flex_column av_two_third  flex_column_table_cell av-equal-height-column av-align-middle av-zero-column-padding first  \" style='border-radius:0px; '><div style='padding-bottom:30px; color:#ffffff;font-size:30px;' class='av-special-heading av-special-heading-h2 custom-color-heading blockquote modern-quote modern-centered   av-inherit-size '><h2 class='av-special-heading-tag '  itemprop=\"headline\"  >Te compartimos los relatos escritos que nos llegaron en esta primera convocatoria de Un Recuerdo<\/h2><div class='special-heading-border'><div class='special-heading-inner-border' style='border-color:#ffffff'><\/div><\/div><\/div><\/div><\/div><!--close column table wrapper. Autoclose: 1 --><div class='flex_column_table av-equal-height-column-flextable -flextable' ><div class='av-flex-placeholder'><\/div><div class=\"flex_column av_one_third  flex_column_table_cell av-equal-height-column av-align-middle av-zero-column-padding   \" style='border-width:5px; border-style:solid; border-radius:0px; '><div class='avia-image-container avia_animated_image avia_animate_when_almost_visible bottom-to-top av-styling-    avia-align-center '  itemprop=\"ImageObject\" itemscope=\"itemscope\" itemtype=\"https:\/\/schema.org\/ImageObject\"  ><div class='avia-image-container-inner'><div class='avia-image-overlay-wrap'><a href='https:\/\/extension.unvm.edu.ar\/?page_id=13797' class='avia_image'  ><img class='avia_image ' src='https:\/\/extension.unvm.edu.ar\/wp-content\/uploads\/2020\/10\/un-recuerdo-web_Mesa-de-trabajo-1-300x300.jpg' alt='' title='un recuerdo web_Mesa de trabajo 1'  itemprop=\"thumbnailUrl\"  \/><\/a><\/div><\/div><\/div><\/div><\/div><!--close column table wrapper. Autoclose: 1 --><div style='height:20px' class='hr hr-invisible  '><span class='hr-inner ' ><span class='hr-inner-style'><\/span><\/span><\/div>\n<section class=\"av_textblock_section \"  itemscope=\"itemscope\" itemtype=\"https:\/\/schema.org\/CreativeWork\" ><div class='avia_textblock  av_inherit_color '  style='font-size:25px; color:#ffffff; '  itemprop=\"text\" ><h2 style=\"text-align: center;\">\u00a1Esperamos que disfrutes cada relato!<\/h2>\n<\/div><\/section>\n<div style='height:50px' class='hr hr-invisible  '><span class='hr-inner ' ><span class='hr-inner-style'><\/span><\/span><\/div>\n<div class=\"togglecontainer   toggle_close_all \" >\n<section class=\"av_toggle_section\"  itemscope=\"itemscope\" itemtype=\"https:\/\/schema.org\/CreativeWork\"  >    <div class=\"single_toggle\" data-tags=\"{Todo} \"  >        <p data-fake-id=\"#toggle-id-1\" class=\"toggler \"  itemprop=\"headline\"  > El silbato de la Locomotora<span class=\"toggle_icon\" >        <span class=\"vert_icon\"><\/span><span class=\"hor_icon\"><\/span><\/span><\/p>        <div id=\"toggle-id-1-container\" class=\"toggle_wrap \"  >            <div class=\"toggle_content invers-color \"  itemprop=\"text\"   ><p><strong>EL SILBATO DE LA LOCOMOTORA<\/strong><\/p>\n<p>Una tarde de invierno estuve visitando la Estaci\u00f3n de trenes Arg\u00fcello,\u00a0como lo hac\u00eda en los a\u00f1os\u00a0 1942\/44. Est\u00e1 ubicada pr\u00f3xima a la Plaza\u00a0Belgrano y a la Universidad Blas Pascal. A pesar de ser un\u00a0 acceso al\u00a0servicio del Tren de las Sierras, su entorno y estado de conservaci\u00f3n\u00a0me hicieron entrecerrar los ojos y trasladarme a la \u00e9poca de esplendor\u00a0de este lugar, no sin antes recorrer\u00a0 mentalmente un poco de historia\u00a0de la zona.<\/p>\n<p>Corr\u00eda la d\u00e9cada del 1880, y el Sr. Arg\u00fcello avizor\u00f3 que una estaci\u00f3n\u00a0ferroviaria intermedia entre la\u00a0 ciudad de C\u00f3rdoba y las Sierras Chicas\u00a0contribuir\u00eda al progreso y modernizaci\u00f3n de la Villa, por lo cual\u00a0 don\u00f3\u00a0una superficie de 5 hect\u00e1reas para la construcci\u00f3n de la misma.<\/p>\n<p>La llegada del tren de trocha angosta del Ferrocarril Belgrano, a fines\u00a0de esa d\u00e9cada, mud\u00f3 la Villa en\u00a0 una zona veraniega por sus\u00a0atractivos naturales. La Villa se transform\u00f3 en un damero ocupado por\u00a0mansiones rodeadas de jardines y quintas frutihort\u00edcolas, ideales para\u00a0el descanso.<\/p>\n<p>La estaci\u00f3n fue edificada en estilo ingl\u00e9s, con pisos de madera en su\u00a0interior y techos de chapa\u00a0 acanalada. Contaba con comodidades para\u00a0la espera del tren, para la atenci\u00f3n del servicio telegr\u00e1fico,\u00a0 para\u00a0encomiendas, y tambi\u00e9n era un lugar de encuentro de los habitantes\u00a0de los alrededores.<\/p>\n<p>Record\u00e9 cuando nos sent\u00e1bamos en el and\u00e9n de la estaci\u00f3n esas\u00a0noches serenas y c\u00e1lidas de verano,\u00a0 inundadas por la fragancia de las\u00a0madreselvas, por los destellos luminosos de las atrayentes\u00a0luci\u00e9rnagas, por el canto entonado por los grillos para atraer a su\u00a0pareja, todo debajo de un\u00a0 firmamento tachonado de estrellas, y&#8230; de\u00a0golpe todo alterado por el haz de luz de la locomotora y su\u00a0 estridente\u00a0silbato para anunciar su arribo. El ascenso presuroso de pasajeros y\u00a0de equipajes para ser\u00a0 trasladados junto a los que proven\u00edan de las\u00a0Sierras a la estaci\u00f3n del Ferrocarril Mitre, lugar en el cual\u00a0 la mayor\u00eda\u00a0hac\u00eda el trasbordo para viajar a la ciudad de Buenos Aires. El ta\u00f1ido de\u00a0una campana\u00a0 anunciaba su partida, y de nuevo el silbato de la\u00a0m\u00e1quina a vapor como despedida.<\/p>\n<p>Record\u00e9 tambi\u00e9n esas horas de la silenciosa siesta cordobesa, en las\u00a0cuales las ni\u00f1as jugaban a la\u00a0 rayuela y los varones trat\u00e1bamos de\u00a0atrapar mariposas con una rama, y de nuevo todo interrumpido\u00a0 por el\u00a0silbato de la locomotora y el traqueteo de los pesados vagones\u00a0cargados con piedras calizas de\u00a0 las sierras rumbo a la f\u00e1brica de\u00a0cemento ubicada en las inmediaciones de la estaci\u00f3n Rodr\u00edguez del\u00a0Busto.<\/p>\n<p>Otro silbato me llam\u00f3 a la realidad: era del \u00e1rbitro de un partido de f\u00fatbol disputado por j\u00f3venes en\u00a0 una cancha aleda\u00f1a a esta estaci\u00f3n, que encierra un pedazo grande de la historia de la Villa Arg\u00fcello.<\/p>\n<p><strong>Ignacio Luis Porro.<\/strong><br \/>\n<strong> Septiembre 20, 2020<\/strong><\/p>\n            <\/div>        <\/div>    <\/div><\/section>\n<section class=\"av_toggle_section\"  itemscope=\"itemscope\" itemtype=\"https:\/\/schema.org\/CreativeWork\"  >    <div class=\"single_toggle\" data-tags=\"{Todo} \"  >        <p data-fake-id=\"#toggle-id-2\" class=\"toggler \"  itemprop=\"headline\"  >La memoria de Stefa<span class=\"toggle_icon\" >        <span class=\"vert_icon\"><\/span><span class=\"hor_icon\"><\/span><\/span><\/p>        <div id=\"toggle-id-2-container\" class=\"toggle_wrap \"  >            <div class=\"toggle_content invers-color \"  itemprop=\"text\"   ><p><strong>LA MEMORIA DE STEFA<\/strong><\/p>\n<p>Estos tiempos de retiro, aislamiento y reflexi\u00f3n los dediqu\u00e9 a la\u00a0lectura. Cuando agot\u00e9 los libros disponibles, acud\u00ed a mi biblioteca. All\u00ed\u00a0en un estante perdido encontr\u00e9 un peque\u00f1o libro, que le\u00ed m\u00e1s de una vez, y que me marc\u00f3 para siempre: La Prescripci\u00f3n del delito, del\u00a0escritor rumano Ilia Konstantinovki. En la solapa de presentaci\u00f3n dice:\u00a0una de las m\u00e1s significativas facultades del hombre, la memoria,\u00a0puede convertirse en historia que instruya en el presente y oriente\u00a0hacia el futuro: la necesidad imperiosa de mantener viva y vigilante la\u00a0memoria colectiva.<\/p>\n<p>El t\u00edtulo, tomado del t\u00e9rmino jur\u00eddico, la prescripci\u00f3n del delito, alude\u00a0al plazo fijado por la ley a cuyo vencimiento se produce la redenci\u00f3n\u00a0del crimen. Destaquemos lo que hoy es en Jurisprudencia \u201ccr\u00edmenes\u00a0de lesa humanidad\u201d, que no prescriben, cualquiera sea el tiempo\u00a0transcurrido.<\/p>\n<p>La protagonista central es una mujer polaca, jud\u00eda, que narra lo vivido\u00a0hace m\u00e1s de veinte a\u00f1os (d\u00e9cada del 40) en un campo de<br \/>\nconcentraci\u00f3n nazi. All\u00ed conoce y cobija a una ni\u00f1a jud\u00eda de 18 a\u00f1os,\u00a0quien le cuenta su historia y tragedia. Stefa fue violada y encerrada en\u00a0una librer\u00eda hasta que naci\u00f3 su hijo, all\u00ed el violador y su mujer se lo\u00a0robaron y a ella la entregaron y, finalmente, muri\u00f3 en el campo de concentraci\u00f3n.<\/p>\n<p>La polaca decide vengar la muerte y sufrimiento de Stefa. Se<br \/>\npromete, si sobrevive, no olvidar y encontrar a su hijo para que<br \/>\nconozca la verdad, que es la de su madre.<\/p>\n<p>Han pasado 20 a\u00f1os, y es tiempo de echar a andar la venganza,<br \/>\nencontrar al hijo y contarle la verdad, para que se convierta en lucha\u00a0por el futuro de las nuevas generaciones. Compaginar el conocimiento del pasado con el presente, ese es el papel de la memoria contra la\u00a0zozobra del alma humana: acci\u00f3n y lucha.<\/p>\n<p>La protagonista siente que ha cumplido su cometido. La mayor<br \/>\namenaza que sufre la humanidad es la p\u00e9rdida de la memoria y de la\u00a0conciencia.<\/p>\n<p><strong>Marta, 75 a\u00f1os \u2013 Bell Ville (Cba)<\/strong><\/p>\n            <\/div>        <\/div>    <\/div><\/section>\n<section class=\"av_toggle_section\"  itemscope=\"itemscope\" itemtype=\"https:\/\/schema.org\/CreativeWork\"  >    <div class=\"single_toggle\" data-tags=\"{Todo} \"  >        <p data-fake-id=\"#toggle-id-3\" class=\"toggler \"  itemprop=\"headline\"  >Flores Blancas<span class=\"toggle_icon\" >        <span class=\"vert_icon\"><\/span><span class=\"hor_icon\"><\/span><\/span><\/p>        <div id=\"toggle-id-3-container\" class=\"toggle_wrap \"  >            <div class=\"toggle_content invers-color \"  itemprop=\"text\"   ><p><strong>FLORES BLANCAS<\/strong><\/p>\n<p>Era joven, me agradaba caminar y cuando no sacaba el auto recorr\u00eda\u00a0calles y calles. Ese d\u00eda nublado y lluvioso camin\u00e9 mucho, cruc\u00e9 una\u00a0plaza. Di vueltas en una avenida. No s\u00e9 qu\u00e9 buscaba: quiz\u00e1s una flor\u00a0blanca. De pronto de un balc\u00f3n cayeron Flores Blancas. Me qued\u00e9\u00a0at\u00f3nita. Quien las arroj\u00f3. De d\u00f3nde vinieron. S\u00f3lo s\u00e9 que esa noche\u00a0naci\u00f3 Juan Arias. Me inclin\u00e9, me dej\u00e9 caer en el piso y que las flores\u00a0me cubrieran toda. Su aroma era exquisito. Me incorpor\u00e9 y segu\u00ed.<\/p>\n<p>Pasaron los a\u00f1os y un d\u00eda estacion\u00e9 mi auto\u2026. Y de pronto un se\u00f1or\u00a0me dijo: ac\u00e1 no, se\u00f1ora\u2026. Lo mir\u00e9 inquisitiva\u2026 No, dijo, porque\u00a0delante suyo hay un \u00e1rbol que tiene Flores Blancas. Le agradec\u00ed y\u00a0poco despu\u00e9s me enter\u00e9 que all\u00ed hab\u00eda muerto. No supe nada de su\u00a0vida enigm\u00e1tica\u2026<\/p>\n<p>Entonces todos los d\u00edas me acerco y, como en estos d\u00edas (si me dejan\u00a0entrar), le llevar\u00e9 un ramo a mi madre. Quiz\u00e1s llene de aroma su\u00a0habitaci\u00f3n, cubra los gritos, los llantos, los olores. Ser\u00e1 un Renacer a\u00a0su vida abnegada.<\/p>\n<p><strong>Myriam \u2013 78 a\u00f1os<\/strong><\/p>\n            <\/div>        <\/div>    <\/div><\/section>\n<section class=\"av_toggle_section\"  itemscope=\"itemscope\" itemtype=\"https:\/\/schema.org\/CreativeWork\"  >    <div class=\"single_toggle\" data-tags=\"{Todo} \"  >        <p data-fake-id=\"#toggle-id-4\" class=\"toggler \"  itemprop=\"headline\"  >La pollera estampada<span class=\"toggle_icon\" >        <span class=\"vert_icon\"><\/span><span class=\"hor_icon\"><\/span><\/span><\/p>        <div id=\"toggle-id-4-container\" class=\"toggle_wrap \"  >            <div class=\"toggle_content invers-color \"  itemprop=\"text\"   ><p><strong>LA POLLERA ESTAMPADA<\/strong><\/p>\n<p>Soy Esperanza Lazzaro, nac\u00ed en la ciudad de Rosario, all\u00e1 por 1936.<\/p>\n<p>Mi infancia fue muy feliz, de all\u00ed parte todo lo vivido. Ir al colegio, jugar\u00a0en lo que nos gustaba, ya que \u00e9ramos muchas chicas en la cuadra.<\/p>\n<p>Pas\u00f3 el tiempo, crecimos, all\u00ed comenzaron nuestras salidas: ir al cine,\u00a0bailar. Y conoc\u00ed mi primer y \u00fanico amor, Juan Carlos.<\/p>\n<p>Lleg\u00f3 el carnaval, \u00a1como esper\u00e1bamos esos d\u00edas!, entonces se usaba\u00a0mojarse mucho, usando pomos de plomo con agua perfumada.<\/p>\n<p>Un domingo que todos dorm\u00edan se me ocurri\u00f3 hacerme una pollera\u00a0para el baile de carnaval. Ten\u00eda una blusa de paisana negra, pero me\u00a0faltaba la pollera. Entonces, durante la siesta, mir\u00e9 una cortina\u00a0estampada con fondo negro, de la puerta de la cocina, y decid\u00ed que\u00a0era perfecta para mi pollera. Fue as\u00ed que la saqu\u00e9, la cos\u00ed toda a mano y la escond\u00ed hasta la noche. Nadie se dio cuenta de este hecho, ya\u00a0que la cortina se pon\u00eda detr\u00e1s de la puerta cuando no se usaba.<\/p>\n<p>Cuando lleg\u00f3 el momento de prepararnos, dije que me iba a cambiar a\u00a0la casa de mi amiga Mila, ya que su mam\u00e1 nos acompa\u00f1ar\u00eda al baile.<\/p>\n<p>Cuando mi hermana y sus amigas nos pasaron a buscar, mi hermana\u00a0me vio, \u00a1casi se desmaya!, no pod\u00eda creer lo que yo hab\u00eda hecho, y me\u00a0dec\u00eda \u201c\u00bfc\u00f3mo vas a explicarle a la mami esto?\u201d. Le contest\u00e9 que yo\u00a0sab\u00eda qu\u00e9 hacer.<\/p>\n<p>Pas\u00e9 una noche inolvidable, feliz y divertida. Todo mi grupo me miraba\u00a0y se re\u00edan. Ni mi novio pod\u00eda creer lo que hab\u00eda hecho, pero me dec\u00eda\u00a0que estaba hermosa con esa pollera estampada.<\/p>\n<p>Al otro d\u00eda me levant\u00e9 muy temprano, descoc\u00ed la pollera, la colgu\u00e9 y la\u00a0at\u00e9 para que se arrugara un poco.<\/p>\n<p>Mi mam\u00e1 se enter\u00f3 de esto muchos a\u00f1os despu\u00e9s y nos re\u00edamos de lo que hab\u00eda hecho.<\/p>\n<p>Un recuerdo de mi juventud que no pudimos olvidar, Juan Carlos y yo,\u00a0y al pasar los a\u00f1os, lo seguimos recordando y compartiendo con la familia que formamos. Nuestros hijos y nietos disfrutan aun de este relato.<\/p>\n<p><strong>Esperanza Lazzaro, 84 a\u00f1os.<\/strong><\/p>\n            <\/div>        <\/div>    <\/div><\/section>\n<section class=\"av_toggle_section\"  itemscope=\"itemscope\" itemtype=\"https:\/\/schema.org\/CreativeWork\"  >    <div class=\"single_toggle\" data-tags=\"{Todo} \"  >        <p data-fake-id=\"#toggle-id-5\" class=\"toggler \"  itemprop=\"headline\"  >Historia de nuestro amor<span class=\"toggle_icon\" >        <span class=\"vert_icon\"><\/span><span class=\"hor_icon\"><\/span><\/span><\/p>        <div id=\"toggle-id-5-container\" class=\"toggle_wrap \"  >            <div class=\"toggle_content invers-color \"  itemprop=\"text\"   ><p><strong>HISTORIA DE NUESTRO AMOR<\/strong><\/p>\n<p>Tus ojos sospechosos ocupan mis pensamientos. He visto ojos profundos, otros\u00a0vac\u00edos&#8230;como puertas al bien y al mal&#8230; \u00bflos tuyos ad\u00f3nde van? Que suelten los\u00a0mansos que son los m\u00edos&#8230; \u00bfqu\u00e9 tienen ellos que su amistad procuras? Tal vez el\u00a0temor los retire&#8230; tal vez sumisos queden. Espera\u2026 tal vez&#8230; \u00a1Pero c\u00f3mo les digo<br \/>\nque esperen, si ya est\u00e1n arrasando los m\u00edos!<\/p>\n<p>Y as\u00ed fue el principio de nuestra historia de amor. As\u00ed pude describir el primer\u00a0encuentro de nuestras miradas. Un mundo nuevo se abr\u00eda para los dos. \u00abEl simple amor, la simple historia de un hombre y una mujer, dos almas, un\u00a0mismo camino, creerse, darse, comprender\u00bb.<\/p>\n<p>Corr\u00edan los a\u00f1os 70 y esa canci\u00f3n, por Denis, resumi\u00f3 totalmente, fielmente\u00a0nuestra historia. A nuestra vida hab\u00eda llegado la fuerza de un hechizo que liber\u00f3 la\u00a0pasi\u00f3n, los prejuicios, rompi\u00f3 barreras, activ\u00f3 los sue\u00f1os, los proyectos. Lo\u00a0transform\u00f3 todo. A todo lo hizo ver posible, perfecto. Apur\u00f3 letras de devoci\u00f3n,\u00a0llen\u00f3 de susurros los silencios y hubo un aleteo en la sangre. Y tu nombre en mi<br \/>\ngarganta que hoy vibra a trav\u00e9s del recuerdo. Estoy convencida que solo una\u00a0\u00fanica vez se puede amar as\u00ed.<\/p>\n<p>Cada d\u00eda vivido era un nuevo camino. Sin juramentos ni promesas ni fechas en el\u00a0calendario. Un pacto de amor t\u00e1cito en esa loca excursi\u00f3n. En cada te quiero\u00a0besamos la vida. Bajo un mismo cielo. Nos amamos hasta morir. Eternamente as\u00ed.<\/p>\n<p><strong>Rosa Becerra.<\/strong><\/p>\n            <\/div>        <\/div>    <\/div><\/section>\n<section class=\"av_toggle_section\"  itemscope=\"itemscope\" itemtype=\"https:\/\/schema.org\/CreativeWork\"  >    <div class=\"single_toggle\" data-tags=\"{Todo} \"  >        <p data-fake-id=\"#toggle-id-6\" class=\"toggler \"  itemprop=\"headline\"  >Alas m\u00e1gicas<span class=\"toggle_icon\" >        <span class=\"vert_icon\"><\/span><span class=\"hor_icon\"><\/span><\/span><\/p>        <div id=\"toggle-id-6-container\" class=\"toggle_wrap \"  >            <div class=\"toggle_content invers-color \"  itemprop=\"text\"   ><p><strong>ALAS M\u00c1GICAS<\/strong><\/p>\n<p>Hoy me dispongo a tomar mis alas de papel y sobrevolar, con mucha nostalgia,\u00a0arriba de sitios \u00fanicos donde pas\u00e9 mi infancia.<\/p>\n<p>Gran parte de ella la viv\u00ed en el campo con mis padres y varios hermanos. La casa,\u00a0muy rudimentaria por cierto, estaba rodeada de un peque\u00f1o monte, que era mi\u00a0refugio para jugar, explorar, ocultar nuestros primeros secretos con mis hermanos, tirarnos en el pasto, mirar el cielo por entre las copas de los \u00e1rboles y so\u00f1ar,<br \/>\nso\u00f1ar, so\u00f1ar\u2026<\/p>\n<p>Asist\u00eda a la escuela en sulky, en los horarios ya establecidos seg\u00fan la estaci\u00f3n del\u00a0a\u00f1o. Justamente en primavera estallaban los sonidos, los colores, las aromas. El\u00a0canto de los p\u00e1jaros, la variedad de flores silvestres y las exquisitas fragancias\u00a0acompa\u00f1aban mis recorridos.<\/p>\n<p>Concurrir a una escuela rural fue una experiencia incre\u00edble para m\u00ed: la c\u00e1lida\u00a0sonrisa de la maestra que me recib\u00eda cada d\u00eda, izar la bandera con una oraci\u00f3n y\u00a0arriarla acompa\u00f1ada de la marcha tradicional, eran instantes sublimes.<\/p>\n<p>Hab\u00eda dos aulas, una para los m\u00e1s peque\u00f1os y la otra para los m\u00e1s grandes. La\u00a0se\u00f1orita iba y ven\u00eda todo el tiempo, como una hormiguita viajera, atendiendo los\u00a0requerimientos de todos los ni\u00f1os por igual.<\/p>\n<p>Una campana de bronce en la punta de la galer\u00eda con su sonido tan particular, era\u00a0la que marcaba los distintos tiempos: entrada, salida, recreos.<\/p>\n<p>\u00a1Cu\u00e1ntos momentos irrepetibles suced\u00edan en ese \u00e1mbito escolar! Era el \u00fanico\u00a0nexo que ten\u00eda con los dem\u00e1s ni\u00f1os y lo aprovechaba muy bien.<\/p>\n<p>Otros instantes m\u00e1gicos eran los atardeceres, donde parec\u00eda que todos mis\u00a0sentidos se abrieran, aun m\u00e1s, para dejar que me invadiera solo el disfrute. Era\u00a0due\u00f1a y se\u00f1ora de tantos lugares bellos que me ofrec\u00eda la Naturaleza. Sumado a\u00a0ello, el compartir todo con la familia me hac\u00eda sentir muy afortunada.<\/p>\n<p>Desde hace tiempo aprend\u00ed que en la simpleza de las cosas est\u00e1 el secreto de lo\u00a0verdaderamente grande.<\/p>\n<p><strong>Irma Ag\u00fcero. Oliva<\/strong><\/p>\n            <\/div>        <\/div>    <\/div><\/section>\n<\/div>\n<div style='height:50px' class='hr hr-invisible  '><span class='hr-inner ' ><span class='hr-inner-style'><\/span><\/span><\/div>\n<div class=\"flex_column av_three_fourth  av-animated-generic fade-in  flex_column_div av-zero-column-padding first  \" style='border-radius:0px; '><div style='background:#ffffff;color:#4ecac2;border-color:#ffffff;' class='av_promobox  avia-button-yes '>\t\t<div class='avia-promocontent'><\/p>\n<h3><span style=\"color: #003366;\"><strong>Conoc\u00e9 el PEUAM<\/strong><\/span><\/h3>\n<p>\n<\/div><div class='avia-button-wrap avia-button-right '><a href='https:\/\/extension.unvm.edu.ar\/?page_id=1517'  class='avia-button   avia-icon_select-no avia-color-custom avia-size-large avia-position-right '  style='background-color:#00938e; border-color:#00938e; color:#ffffff; ' ><span class='avia_iconbox_title' >Info<\/span><\/a><\/div>\t<\/div><\/div><div  class='hr hr-default  '><span class='hr-inner ' ><span class='hr-inner-style'><\/span><\/span><\/div>\n<\/div><\/div><\/div><!-- close content main div --><\/div><\/div><div id='after_section_1' class='main_color av_default_container_wrap container_wrap sidebar_right'   ><div class='container' ><div class='template-page content  av-content-small alpha units'><div class='post-entry post-entry-type-page post-entry-13830'><div class='entry-content-wrapper clearfix'>\n","protected":false},"excerpt":{"rendered":"","protected":false},"author":12,"featured_media":0,"parent":0,"menu_order":0,"comment_status":"closed","ping_status":"closed","template":"","meta":{"_exactmetrics_skip_tracking":false,"_exactmetrics_sitenote_active":false,"_exactmetrics_sitenote_note":"","_exactmetrics_sitenote_category":0,"footnotes":""},"class_list":["post-13830","page","type-page","status-publish","hentry"],"_links":{"self":[{"href":"https:\/\/extension.unvm.edu.ar\/index.php?rest_route=\/wp\/v2\/pages\/13830"}],"collection":[{"href":"https:\/\/extension.unvm.edu.ar\/index.php?rest_route=\/wp\/v2\/pages"}],"about":[{"href":"https:\/\/extension.unvm.edu.ar\/index.php?rest_route=\/wp\/v2\/types\/page"}],"author":[{"embeddable":true,"href":"https:\/\/extension.unvm.edu.ar\/index.php?rest_route=\/wp\/v2\/users\/12"}],"replies":[{"embeddable":true,"href":"https:\/\/extension.unvm.edu.ar\/index.php?rest_route=%2Fwp%2Fv2%2Fcomments&post=13830"}],"version-history":[{"count":7,"href":"https:\/\/extension.unvm.edu.ar\/index.php?rest_route=\/wp\/v2\/pages\/13830\/revisions"}],"predecessor-version":[{"id":24880,"href":"https:\/\/extension.unvm.edu.ar\/index.php?rest_route=\/wp\/v2\/pages\/13830\/revisions\/24880"}],"wp:attachment":[{"href":"https:\/\/extension.unvm.edu.ar\/index.php?rest_route=%2Fwp%2Fv2%2Fmedia&parent=13830"}],"curies":[{"name":"wp","href":"https:\/\/api.w.org\/{rel}","templated":true}]}}