{"id":12048,"date":"2020-05-21T23:23:55","date_gmt":"2020-05-21T23:23:55","guid":{"rendered":"http:\/\/extension.unvm.edu.ar\/?page_id=12048"},"modified":"2025-03-06T15:52:00","modified_gmt":"2025-03-06T15:52:00","slug":"direccion-de-transferencia-cientifico-tecnologica","status":"publish","type":"page","link":"https:\/\/extension.unvm.edu.ar\/?page_id=12048","title":{"rendered":"Direcci\u00f3n de Transferencia Cient\u00edfico-Tecnol\u00f3gica"},"content":{"rendered":"<\/div><\/div><\/div><!-- close content main div --><\/div><\/div><div id='av_section_1' class='avia-section main_color avia-section-large avia-no-border-styling avia-bg-style-scroll   container_wrap sidebar_right' style = 'background-image: '  ><div class='av-section-color-overlay-wrap'><a href='#next-section' title='' class='scroll-down-link '  aria-hidden='true' data-av_icon='\ue877' data-av_iconfont='entypo-fontello'><\/a><div class='container' ><div class='template-page content  av-content-small alpha units'><div class='post-entry post-entry-type-page post-entry-12048'><div class='entry-content-wrapper clearfix'>\n<div class='flex_column_table av-equal-height-column-flextable -flextable' ><div class=\"flex_column av_three_fifth  flex_column_table_cell av-equal-height-column av-align-middle av-zero-column-padding first  \" style='border-radius:0px; '><div style='padding-bottom:10px; font-size:70px;' class='av-special-heading av-special-heading-h1  blockquote modern-quote   av-inherit-size '><h1 class='av-special-heading-tag '  itemprop=\"headline\"  >Direcci\u00f3n de Transferencia Cient\u00edfico-Tecnol\u00f3gica<\/h1><div class='special-heading-border'><div class='special-heading-inner-border' ><\/div><\/div><\/div><\/div><\/div><!--close column table wrapper. Autoclose: 1 --><div class='flex_column_table av-equal-height-column-flextable -flextable' ><div class='av-flex-placeholder'><\/div><div class=\"flex_column av_two_fifth  flex_column_table_cell av-equal-height-column av-align-middle av-zero-column-padding   \" style='border-radius:0px; '><div class='avia-image-container  av-styling-    avia-align-center '  itemprop=\"ImageObject\" itemscope=\"itemscope\" itemtype=\"https:\/\/schema.org\/ImageObject\"  ><div class='avia-image-container-inner'><div class='avia-image-overlay-wrap'><img class='avia_image ' src='https:\/\/extension.unvm.edu.ar\/wp-content\/uploads\/2020\/05\/84340035_2956355161092090_6213120851697467392_o-1-1030x686.jpg' alt='' title='84340035_2956355161092090_6213120851697467392_o' height=\"686\"width=\"1030\"  itemprop=\"thumbnailUrl\"  \/><\/div><\/div><\/div><\/div><\/div><!--close column table wrapper. Autoclose: 1 -->\n<\/div><\/div><\/div><!-- close content main div --><\/div><\/div><\/div><div id='after_section_1' class='main_color av_default_container_wrap container_wrap sidebar_right'   ><div class='container' ><div class='template-page content  av-content-small alpha units'><div class='post-entry post-entry-type-page post-entry-12048'><div class='entry-content-wrapper clearfix'>\n<\/div><\/div><\/div><!-- close content main div --><\/div><\/div><div id='av_section_2' class='avia-section main_color avia-section-no-padding avia-no-border-styling avia-bg-style-scroll   container_wrap sidebar_right' style = 'background-image: '  ><div class='av-section-color-overlay-wrap'><a href='#next-section' title='' class='scroll-down-link '  aria-hidden='true' data-av_icon='\ue877' data-av_iconfont='entypo-fontello'><\/a><div class='container' ><div class='template-page content  av-content-small alpha units'><div class='post-entry post-entry-type-page post-entry-12048'><div class='entry-content-wrapper clearfix'>\n<div class=\"flex_column av_one_full  flex_column_div av-zero-column-padding first  \" style='border-radius:0px; '><section class=\"av_textblock_section \"  itemscope=\"itemscope\" itemtype=\"https:\/\/schema.org\/CreativeWork\" ><div class='avia_textblock  '   itemprop=\"text\" ><h2 style=\"text-align: left;\"><strong>Principal objetivo<\/strong><\/h2>\n<h3 style=\"text-align: left;\">Asistir a la direcci\u00f3n del Instituto de Extensi\u00f3n en la organizaci\u00f3n, promoci\u00f3n, seguimiento y evaluaci\u00f3n de las actividades universitarias orientadas a la Transferencia Cient\u00edfico-Tecnol\u00f3gica y a la prestaci\u00f3n de servicios. Est\u00e1 a cargo del director, Dario Poncio.<\/h3>\n<\/div><\/section><\/div><div style='height:50px' class='hr hr-invisible  '><span class='hr-inner ' ><span class='hr-inner-style'><\/span><\/span><\/div>\n<div style='height:50px' class='hr hr-invisible  '><span class='hr-inner ' ><span class='hr-inner-style'><\/span><\/span><\/div>\n<div class=\"flex_column av_three_fifth  flex_column_div av-zero-column-padding first  \" style='border-radius:0px; '><section class=\"av_textblock_section \"  itemscope=\"itemscope\" itemtype=\"https:\/\/schema.org\/CreativeWork\" ><div class='avia_textblock  '   itemprop=\"text\" ><h2 style=\"text-align: left;\"><strong>Funciones:\u00a0<\/strong><\/h2>\n<ul>\n<li style=\"text-align: left;\">Entender en la identificaci\u00f3n de necesidades de transferencias<br \/>\ncient\u00edfico-tecnol\u00f3gica y de prestaciones de servicios.<\/li>\n<li style=\"text-align: left;\">Organizar y mantener actualizado el cat\u00e1logo de ofertas tecnol\u00f3gicas de<br \/>\nla Universidad.<\/li>\n<li style=\"text-align: left;\">Intervenir en la conformaci\u00f3n de equipos interdisciplinarios aptos para<br \/>\nla atenci\u00f3n de las transferencias y\/o servicios demandados, en el marco<br \/>\nprocedimental que la Universidad resuelva.<\/li>\n<li style=\"text-align: left;\">Organizar \u00e1mbitos generales de discusi\u00f3n y acercamiento de la<br \/>\nUniversidad y las empresas.<\/li>\n<li style=\"text-align: left;\">Intervenir en los casos de iniciativas de transferencias y\/o prestaciones<br \/>\nde servicios originadas en las Unidades Acad\u00e9micas, encuadr\u00e1ndolas en<br \/>\nel procedimiento general que la Universidad instituya.<\/li>\n<li style=\"text-align: left;\">Asesorar en materias de su competencia.<\/li>\n<\/ul>\n<\/div><\/section><\/div><div class=\"flex_column av_two_fifth  av-animated-generic right-to-left  flex_column_div av-zero-column-padding   \" style='border-radius:0px; '><p><div class='avia-image-container  av-styling-    avia-align-center '  itemprop=\"ImageObject\" itemscope=\"itemscope\" itemtype=\"https:\/\/schema.org\/ImageObject\"  ><div class='avia-image-container-inner'><div class='avia-image-overlay-wrap'><img class='avia_image ' src='https:\/\/extension.unvm.edu.ar\/wp-content\/uploads\/2020\/05\/72599601_2692980234096252_1886451800790269952_o-300x225.jpg' alt='' title='72599601_2692980234096252_1886451800790269952_o' height=\"225\"width=\"300\"  itemprop=\"thumbnailUrl\"  \/><\/div><\/div><\/div><br \/>\n<div class='avia-image-container  av-styling-    avia-align-center '  itemprop=\"ImageObject\" itemscope=\"itemscope\" itemtype=\"https:\/\/schema.org\/ImageObject\"  ><div class='avia-image-container-inner'><div class='avia-image-overlay-wrap'><img class='avia_image ' src='https:\/\/extension.unvm.edu.ar\/wp-content\/uploads\/2020\/05\/74235580_2704374919623450_6082307752862941184_n-300x225.jpg' alt='' title='74235580_2704374919623450_6082307752862941184_n' height=\"225\"width=\"300\"  itemprop=\"thumbnailUrl\"  \/><\/div><\/div><\/div><\/p><\/div><div style='height:50px' class='hr hr-invisible  '><span class='hr-inner ' ><span class='hr-inner-style'><\/span><\/span><\/div>\n<div style='height:50px' class='hr hr-invisible  '><span class='hr-inner ' ><span class='hr-inner-style'><\/span><\/span><\/div>\n<div class=\"flex_column av_one_full  flex_column_div av-zero-column-padding first  \" style='border-radius:0px; '><div style='padding-bottom:30px; font-size:40px;' class='av-special-heading av-special-heading-h2  blockquote modern-quote modern-centered   av-thin-font av-inherit-size '><h2 class='av-special-heading-tag '  itemprop=\"headline\"  ><strong>Nuestros Programas<\/strong><\/h2><div class='special-heading-border'><div class='special-heading-inner-border' ><\/div><\/div><\/div><\/div><div class='avia-buttonrow-wrap avia-buttonrow-center  '>\n<a href='https:\/\/extension.unvm.edu.ar\/?page_id=8867'  class='avia-button  avia-icon_select-no avia-color-theme-color avia-size-large '  style='margin-bottom:5px; margin-left:3px; margin-right:3px; ' ><span class='avia_iconbox_title' >Oficina de Propiedad Intelectual<\/span><\/a>\n<a href='https:\/\/extension.unvm.edu.ar\/?page_id=8858'  class='avia-button  avia-icon_select-no avia-color-theme-color avia-size-large '  style='margin-bottom:5px; margin-left:3px; margin-right:3px; ' ><span class='avia_iconbox_title' >Ventanilla del Emprendedor<\/span><\/a>\n<a href='https:\/\/extension.unvm.edu.ar\/?page_id=26140'  class='avia-button  avia-icon_select-no avia-color-theme-color avia-size-large '  style='margin-bottom:5px; margin-left:3px; margin-right:3px; ' ><span class='avia_iconbox_title' >Incubadora de Empresas<\/span><\/a>\n<a href='https:\/\/extension.unvm.edu.ar\/?page_id=28755&amp;preview=true'  class='avia-button  avia-icon_select-no avia-color-theme-color avia-size-large '  style='margin-bottom:5px; margin-left:3px; margin-right:3px; ' ><span class='avia_iconbox_title' >Observatorio Integral de la Regi\u00f3n<\/span><\/a>\n<\/div>\n<div style='height:50px' class='hr hr-invisible  '><span class='hr-inner ' ><span class='hr-inner-style'><\/span><\/span><\/div>\n<\/div><\/div><\/div><!-- close content main div --><\/div><\/div><\/div><div id='after_section_2' class='main_color av_default_container_wrap container_wrap sidebar_right'   ><div class='container' ><div class='template-page content  av-content-small alpha units'><div class='post-entry post-entry-type-page post-entry-12048'><div class='entry-content-wrapper clearfix'><\/div><\/div><\/div><!-- close content main div --><\/div><\/div><div id='av_section_3' class='avia-section main_color avia-section-default avia-no-shadow avia-full-stretch av-parallax-section av-section-color-overlay-active avia-bg-style-parallax   av-minimum-height av-minimum-height-25 container_wrap sidebar_right'  data-section-bg-repeat='stretch' ><div class='av-parallax' data-avia-parallax-ratio='0.3' ><div class='av-parallax-inner main_color  avia-full-stretch' style = 'background-repeat: no-repeat; background-image: url(http:\/\/humanas.unvm.edu.ar\/wp-content\/uploads\/2018\/08\/1-1.jpg);background-attachment: scroll; background-position: center center; ' ><\/div><\/div><div class='av-section-color-overlay-wrap'><div class='av-section-color-overlay' style='opacity: 0.5; background-color: #003f7a; '><\/div><div class='container' ><div class='template-page content  av-content-small alpha units'><div class='post-entry post-entry-type-page post-entry-12048'><div class='entry-content-wrapper clearfix'><\/div><\/div><\/div><!-- close content main div --><\/div><\/div><\/div><div id='after_section_3' class='main_color av_default_container_wrap container_wrap sidebar_right'   ><div class='container' ><div class='template-page content  av-content-small alpha units'><div class='post-entry post-entry-type-page post-entry-12048'><div class='entry-content-wrapper clearfix'><\/p>\n","protected":false},"excerpt":{"rendered":"","protected":false},"author":12,"featured_media":0,"parent":0,"menu_order":0,"comment_status":"closed","ping_status":"closed","template":"","meta":{"_exactmetrics_skip_tracking":false,"_exactmetrics_sitenote_active":false,"_exactmetrics_sitenote_note":"","_exactmetrics_sitenote_category":0,"footnotes":""},"class_list":["post-12048","page","type-page","status-publish","hentry"],"_links":{"self":[{"href":"https:\/\/extension.unvm.edu.ar\/index.php?rest_route=\/wp\/v2\/pages\/12048"}],"collection":[{"href":"https:\/\/extension.unvm.edu.ar\/index.php?rest_route=\/wp\/v2\/pages"}],"about":[{"href":"https:\/\/extension.unvm.edu.ar\/index.php?rest_route=\/wp\/v2\/types\/page"}],"author":[{"embeddable":true,"href":"https:\/\/extension.unvm.edu.ar\/index.php?rest_route=\/wp\/v2\/users\/12"}],"replies":[{"embeddable":true,"href":"https:\/\/extension.unvm.edu.ar\/index.php?rest_route=%2Fwp%2Fv2%2Fcomments&post=12048"}],"version-history":[{"count":33,"href":"https:\/\/extension.unvm.edu.ar\/index.php?rest_route=\/wp\/v2\/pages\/12048\/revisions"}],"predecessor-version":[{"id":28768,"href":"https:\/\/extension.unvm.edu.ar\/index.php?rest_route=\/wp\/v2\/pages\/12048\/revisions\/28768"}],"wp:attachment":[{"href":"https:\/\/extension.unvm.edu.ar\/index.php?rest_route=%2Fwp%2Fv2%2Fmedia&parent=12048"}],"curies":[{"name":"wp","href":"https:\/\/api.w.org\/{rel}","templated":true}]}}